{"id":620,"date":"2026-05-04T07:43:40","date_gmt":"2026-05-04T07:43:40","guid":{"rendered":"https:\/\/www.thesignaturehoian.com\/?page_id=620"},"modified":"2026-05-04T07:58:35","modified_gmt":"2026-05-04T07:58:35","slug":"trai-nghiem-am-thuc-lop-hoc-nau-an","status":"publish","type":"page","link":"https:\/\/www.thesignaturehoian.com\/vi\/services-amenities\/trai-nghiem-am-thuc-lop-hoc-nau-an\/","title":{"rendered":"Tr\u1ea3i Nghi\u1ec7m \u1ea8m Th\u1ef1c &amp; L\u1edbp H\u1ecdc N\u1ea5u \u0102n"},"content":{"rendered":"<p style=\"text-align: left\" data-start=\"0\" data-end=\"324\">B\u1eaft \u0111\u1ea7u h\u00e0nh tr\u00ecnh \u1ea9m th\u1ef1c \u0111\u1ea7y h\u01b0\u01a1ng v\u1ecb, t\u1eeb khu ch\u1ee3 \u0111\u1ecba ph\u01b0\u01a1ng s\u00f4i \u0111\u1ed9ng \u0111\u1ebfn L\u00e0ng rau Tr\u00e0 Qu\u1ebf xanh m\u00e1t, n\u01a1i b\u1ea1n s\u1ebd kh\u00e1m ph\u00e1 ph\u01b0\u01a1ng ph\u00e1p canh t\u00e1c h\u1eefu c\u01a1 truy\u1ec1n th\u1ed1ng. Sau khi thu ho\u1ea1ch nh\u1eefng nguy\u00ean li\u1ec7u t\u01b0\u01a1i ngon, h\u00e3y tham gia l\u1edbp h\u1ecdc n\u1ea5u \u0103n th\u1ef1c h\u00e0nh c\u00f9ng \u0111\u1ea7u b\u1ebfp c\u1ee7a ch\u00fang t\u00f4i \u0111\u1ec3 l\u00e0m ch\u1ee7 ngh\u1ec7 thu\u1eadt \u1ea9m th\u1ef1c H\u1ed9i An \u0111\u00edch th\u1ef1c.<\/p>\n<p style=\"text-align: left\" data-start=\"331\" data-end=\"346\"><strong data-start=\"331\" data-end=\"346\">L\u1ecbch tr\u00ecnh:<\/strong><\/p>\n<ul>\n<li style=\"text-align: left\"><strong data-start=\"350\" data-end=\"360\">10:00:<\/strong> Tham quan ch\u1ee3 v\u00e0 l\u1ef1a ch\u1ecdn nguy\u00ean li\u1ec7u.<\/li>\n<li style=\"text-align: left\"><strong data-start=\"404\" data-end=\"414\">10:30:<\/strong> \u0110\u1ea1p xe \u0111\u1ebfn l\u00e0ng Tr\u00e0 Qu\u1ebf, tr\u1ea3i nghi\u1ec7m ho\u1ea1t \u0111\u1ed9ng l\u00e0m v\u01b0\u1eddn.<\/li>\n<li style=\"text-align: left\"><strong data-start=\"476\" data-end=\"486\">11:00:<\/strong> Quay v\u1ec1 kh\u00e1ch s\u1ea1n.<\/li>\n<li style=\"text-align: left\"><strong data-start=\"510\" data-end=\"520\">11:30:<\/strong> Th\u01b0\u1edfng th\u1ee9c \u0111\u0129a \u0111\u1eb7c s\u1ea3n \u0111\u1ecba ph\u01b0\u01a1ng t\u1ea1i Nh\u00e0 h\u00e0ng Ngon Ph\u1ed1 H\u1ed9i.<\/li>\n<li style=\"text-align: left\"><strong data-start=\"587\" data-end=\"597\">15:00:<\/strong> Tham gia l\u1edbp h\u1ecdc n\u1ea5u \u0103n t\u01b0\u01a1ng t\u00e1c c\u00f9ng \u0111\u1ea7u b\u1ebfp.<\/li>\n<li style=\"text-align: left\"><strong data-start=\"650\" data-end=\"660\">15:30:<\/strong> Th\u01b0\u1edfng th\u1ee9c m\u00f3n m\u00ec Qu\u1ea3ng do ch\u00ednh b\u1ea1n ch\u1ebf bi\u1ebfn.<\/li>\n<\/ul>\n<p style=\"text-align: left\" data-start=\"717\" data-end=\"763\"><strong data-start=\"717\" data-end=\"725\">Gi\u00e1:<\/strong> 550.000 VN\u0110\/ng\u01b0\u1eddi (t\u1ed1i thi\u1ec3u 2 kh\u00e1ch)<\/p>\n<p style=\"text-align: left\" data-start=\"770\" data-end=\"792\"><strong data-start=\"770\" data-end=\"792\">Ch\u00ednh s\u00e1ch tr\u1ebb em:<\/strong><\/p>\n<p style=\"text-align: left\">Tr\u1ebb em d\u01b0\u1edbi 5 tu\u1ed5i: Mi\u1ec5n ph\u00ed<\/p>\n<p style=\"text-align: left\">T\u1eeb 5 \u0111\u1ebfn d\u01b0\u1edbi 11 tu\u1ed5i: T\u00ednh 50% gi\u00e1<\/p>\n<p style=\"text-align: left\" data-start=\"873\" data-end=\"885\"><strong data-start=\"873\" data-end=\"885\">Bao g\u1ed3m:<\/strong><\/p>\n<p style=\"text-align: left\">H\u01b0\u1edbng d\u1eabn vi\u00ean (Sigmate), ph\u00ed tham quan, xe \u0111\u1ea1p, m\u1eb9t \u0111\u1eb7c s\u1ea3n H\u1ed9i An, n\u01b0\u1edbc su\u1ed1i<\/p>\n<p style=\"text-align: left\" data-start=\"988\" data-end=\"1023\"><strong data-start=\"988\" data-end=\"1014\">Ph\u01b0\u01a1ng ti\u1ec7n di chuy\u1ec3n:<\/strong> Xe \u0111\u1ea1p<\/p>\n<p style=\"text-align: left\" data-start=\"1025\" data-end=\"1061\"><strong data-start=\"1025\" data-end=\"1049\">Th\u1eddi gian kh\u1edfi h\u00e0nh:<\/strong> Theo l\u1ecbch<\/p>\n<p style=\"text-align: left\" data-start=\"1025\" data-end=\"1061\">Vui l\u00f2ng li\u00ean h\u1ec7 +84 (0) 235 3962 969 \u0111\u1ec3 \u0111\u1eb7t d\u1ecbch v\u1ee5 tr\u01b0\u1edbc ng\u00e0y \u0111\u1ebfn \u00edt nh\u1ea5t 1 ng\u00e0y<\/p>\n","protected":false},"excerpt":{"rendered":"<p>B\u1eaft \u0111\u1ea7u h\u00e0nh tr\u00ecnh \u1ea9m th\u1ef1c \u0111\u1ea7y h\u01b0\u01a1ng v\u1ecb, t\u1eeb khu ch\u1ee3 \u0111\u1ecba ph\u01b0\u01a1ng s\u00f4i \u0111\u1ed9ng \u0111\u1ebfn L\u00e0ng rau Tr\u00e0 Qu\u1ebf xanh m\u00e1t, n\u01a1i b\u1ea1n s\u1ebd kh\u00e1m ph\u00e1 ph\u01b0\u01a1ng ph\u00e1p canh t\u00e1c h\u1eefu c\u01a1 truy\u1ec1n th\u1ed1ng. Sau khi thu ho\u1ea1ch nh\u1eefng nguy\u00ean li\u1ec7u t\u01b0\u01a1i ngon, h\u00e3y tham gia l\u1edbp h\u1ecdc n\u1ea5u \u0103n th\u1ef1c h\u00e0nh c\u00f9ng [&hellip;]<\/p>\n","protected":false},"author":250,"featured_media":617,"parent":239,"menu_order":0,"comment_status":"closed","ping_status":"closed","template":"template-default-2.php","meta":{"footnotes":""},"yoast_head":"<!-- This site is optimized with the Yoast SEO plugin v22.3 - https:\/\/yoast.com\/wordpress\/plugins\/seo\/ -->\n<title>Tr\u1ea3i Nghi\u1ec7m \u1ea8m Th\u1ef1c &amp; L\u1edbp H\u1ecdc N\u1ea5u \u0102n - The Signature Hoi An<\/title>\n<meta name=\"robots\" content=\"index, follow, max-snippet:-1, max-image-preview:large, max-video-preview:-1\" \/>\n<link rel=\"canonical\" href=\"https:\/\/www.thesignaturehoian.com\/vi\/services-amenities\/trai-nghiem-am-thuc-lop-hoc-nau-an\/\" \/>\n<meta property=\"og:locale\" content=\"vi_VN\" \/>\n<meta property=\"og:type\" content=\"article\" \/>\n<meta property=\"og:title\" content=\"Tr\u1ea3i Nghi\u1ec7m \u1ea8m Th\u1ef1c &amp; L\u1edbp H\u1ecdc N\u1ea5u \u0102n - The Signature Hoi An\" \/>\n<meta property=\"og:description\" content=\"B\u1eaft \u0111\u1ea7u h\u00e0nh tr\u00ecnh \u1ea9m th\u1ef1c \u0111\u1ea7y h\u01b0\u01a1ng v\u1ecb, t\u1eeb khu ch\u1ee3 \u0111\u1ecba ph\u01b0\u01a1ng s\u00f4i \u0111\u1ed9ng \u0111\u1ebfn L\u00e0ng rau Tr\u00e0 Qu\u1ebf xanh m\u00e1t, n\u01a1i b\u1ea1n s\u1ebd kh\u00e1m ph\u00e1 ph\u01b0\u01a1ng ph\u00e1p canh t\u00e1c h\u1eefu c\u01a1 truy\u1ec1n th\u1ed1ng. Sau khi thu ho\u1ea1ch nh\u1eefng nguy\u00ean li\u1ec7u t\u01b0\u01a1i ngon, h\u00e3y tham gia l\u1edbp h\u1ecdc n\u1ea5u \u0103n th\u1ef1c h\u00e0nh c\u00f9ng [&hellip;]\" \/>\n<meta property=\"og:url\" content=\"https:\/\/www.thesignaturehoian.com\/vi\/services-amenities\/trai-nghiem-am-thuc-lop-hoc-nau-an\/\" \/>\n<meta property=\"og:site_name\" content=\"The Signature Hoi An\" \/>\n<meta property=\"article:modified_time\" content=\"2026-05-04T07:58:35+00:00\" \/>\n<meta property=\"og:image\" content=\"https:\/\/www.thesignaturehoian.com\/wp-content\/uploads\/sites\/125\/2026\/05\/lang-rau-tra-que-1-1.jpg\" \/>\n\t<meta property=\"og:image:width\" content=\"1500\" \/>\n\t<meta property=\"og:image:height\" content=\"1017\" \/>\n\t<meta property=\"og:image:type\" content=\"image\/jpeg\" \/>\n<meta name=\"twitter:card\" content=\"summary_large_image\" \/>\n<meta name=\"twitter:label1\" content=\"Est. reading time\" \/>\n\t<meta name=\"twitter:data1\" content=\"2 minutes\" \/>\n<script type=\"application\/ld+json\" class=\"yoast-schema-graph\">{\"@context\":\"https:\/\/schema.org\",\"@graph\":[{\"@type\":\"WebPage\",\"@id\":\"https:\/\/www.thesignaturehoian.com\/vi\/services-amenities\/trai-nghiem-am-thuc-lop-hoc-nau-an\/\",\"url\":\"https:\/\/www.thesignaturehoian.com\/vi\/services-amenities\/trai-nghiem-am-thuc-lop-hoc-nau-an\/\",\"name\":\"Tr\u1ea3i Nghi\u1ec7m \u1ea8m Th\u1ef1c &amp; L\u1edbp H\u1ecdc N\u1ea5u \u0102n - The Signature Hoi An\",\"isPartOf\":{\"@id\":\"https:\/\/www.thesignaturehoian.com\/vi\/#website\"},\"primaryImageOfPage\":{\"@id\":\"https:\/\/www.thesignaturehoian.com\/vi\/services-amenities\/trai-nghiem-am-thuc-lop-hoc-nau-an\/#primaryimage\"},\"image\":{\"@id\":\"https:\/\/www.thesignaturehoian.com\/vi\/services-amenities\/trai-nghiem-am-thuc-lop-hoc-nau-an\/#primaryimage\"},\"thumbnailUrl\":\"https:\/\/www.thesignaturehoian.com\/wp-content\/uploads\/sites\/125\/2026\/05\/lang-rau-tra-que-1-1.jpg\",\"datePublished\":\"2026-05-04T07:43:40+00:00\",\"dateModified\":\"2026-05-04T07:58:35+00:00\",\"breadcrumb\":{\"@id\":\"https:\/\/www.thesignaturehoian.com\/vi\/services-amenities\/trai-nghiem-am-thuc-lop-hoc-nau-an\/#breadcrumb\"},\"inLanguage\":\"vi-VN\",\"potentialAction\":[{\"@type\":\"ReadAction\",\"target\":[\"https:\/\/www.thesignaturehoian.com\/vi\/services-amenities\/trai-nghiem-am-thuc-lop-hoc-nau-an\/\"]}]},{\"@type\":\"ImageObject\",\"inLanguage\":\"vi-VN\",\"@id\":\"https:\/\/www.thesignaturehoian.com\/vi\/services-amenities\/trai-nghiem-am-thuc-lop-hoc-nau-an\/#primaryimage\",\"url\":\"https:\/\/www.thesignaturehoian.com\/wp-content\/uploads\/sites\/125\/2026\/05\/lang-rau-tra-que-1-1.jpg\",\"contentUrl\":\"https:\/\/www.thesignaturehoian.com\/wp-content\/uploads\/sites\/125\/2026\/05\/lang-rau-tra-que-1-1.jpg\",\"width\":1500,\"height\":1017},{\"@type\":\"BreadcrumbList\",\"@id\":\"https:\/\/www.thesignaturehoian.com\/vi\/services-amenities\/trai-nghiem-am-thuc-lop-hoc-nau-an\/#breadcrumb\",\"itemListElement\":[{\"@type\":\"ListItem\",\"position\":1,\"name\":\"Home\",\"item\":\"https:\/\/www.thesignaturehoian.com\/vi\/\"},{\"@type\":\"ListItem\",\"position\":2,\"name\":\"D\u1ecbch V\u1ee5 &amp; Ti\u1ec7n \u00cdch\",\"item\":\"https:\/\/www.thesignaturehoian.com\/vi\/services-amenities\/\"},{\"@type\":\"ListItem\",\"position\":3,\"name\":\"Tr\u1ea3i Nghi\u1ec7m \u1ea8m Th\u1ef1c &amp; L\u1edbp H\u1ecdc N\u1ea5u \u0102n\"}]},{\"@type\":\"WebSite\",\"@id\":\"https:\/\/www.thesignaturehoian.com\/vi\/#website\",\"url\":\"https:\/\/www.thesignaturehoian.com\/vi\/\",\"name\":\"The Signature Hoi An\",\"description\":\"\",\"potentialAction\":[{\"@type\":\"SearchAction\",\"target\":{\"@type\":\"EntryPoint\",\"urlTemplate\":\"https:\/\/www.thesignaturehoian.com\/vi\/?s={search_term_string}\"},\"query-input\":\"required name=search_term_string\"}],\"inLanguage\":\"vi-VN\"}]}<\/script>\n<!-- \/ Yoast SEO plugin. -->","yoast_head_json":{"title":"Tr\u1ea3i Nghi\u1ec7m \u1ea8m Th\u1ef1c &amp; L\u1edbp H\u1ecdc N\u1ea5u \u0102n - The Signature Hoi An","robots":{"index":"index","follow":"follow","max-snippet":"max-snippet:-1","max-image-preview":"max-image-preview:large","max-video-preview":"max-video-preview:-1"},"canonical":"https:\/\/www.thesignaturehoian.com\/vi\/services-amenities\/trai-nghiem-am-thuc-lop-hoc-nau-an\/","og_locale":"vi_VN","og_type":"article","og_title":"Tr\u1ea3i Nghi\u1ec7m \u1ea8m Th\u1ef1c &amp; L\u1edbp H\u1ecdc N\u1ea5u \u0102n - The Signature Hoi An","og_description":"B\u1eaft \u0111\u1ea7u h\u00e0nh tr\u00ecnh \u1ea9m th\u1ef1c \u0111\u1ea7y h\u01b0\u01a1ng v\u1ecb, t\u1eeb khu ch\u1ee3 \u0111\u1ecba ph\u01b0\u01a1ng s\u00f4i \u0111\u1ed9ng \u0111\u1ebfn L\u00e0ng rau Tr\u00e0 Qu\u1ebf xanh m\u00e1t, n\u01a1i b\u1ea1n s\u1ebd kh\u00e1m ph\u00e1 ph\u01b0\u01a1ng ph\u00e1p canh t\u00e1c h\u1eefu c\u01a1 truy\u1ec1n th\u1ed1ng. Sau khi thu ho\u1ea1ch nh\u1eefng nguy\u00ean li\u1ec7u t\u01b0\u01a1i ngon, h\u00e3y tham gia l\u1edbp h\u1ecdc n\u1ea5u \u0103n th\u1ef1c h\u00e0nh c\u00f9ng [&hellip;]","og_url":"https:\/\/www.thesignaturehoian.com\/vi\/services-amenities\/trai-nghiem-am-thuc-lop-hoc-nau-an\/","og_site_name":"The Signature Hoi An","article_modified_time":"2026-05-04T07:58:35+00:00","og_image":[{"width":1500,"height":1017,"url":"https:\/\/www.thesignaturehoian.com\/wp-content\/uploads\/sites\/125\/2026\/05\/lang-rau-tra-que-1-1.jpg","type":"image\/jpeg"}],"twitter_card":"summary_large_image","twitter_misc":{"Est. reading time":"2 minutes"},"schema":{"@context":"https:\/\/schema.org","@graph":[{"@type":"WebPage","@id":"https:\/\/www.thesignaturehoian.com\/vi\/services-amenities\/trai-nghiem-am-thuc-lop-hoc-nau-an\/","url":"https:\/\/www.thesignaturehoian.com\/vi\/services-amenities\/trai-nghiem-am-thuc-lop-hoc-nau-an\/","name":"Tr\u1ea3i Nghi\u1ec7m \u1ea8m Th\u1ef1c &amp; L\u1edbp H\u1ecdc N\u1ea5u \u0102n - The Signature Hoi An","isPartOf":{"@id":"https:\/\/www.thesignaturehoian.com\/vi\/#website"},"primaryImageOfPage":{"@id":"https:\/\/www.thesignaturehoian.com\/vi\/services-amenities\/trai-nghiem-am-thuc-lop-hoc-nau-an\/#primaryimage"},"image":{"@id":"https:\/\/www.thesignaturehoian.com\/vi\/services-amenities\/trai-nghiem-am-thuc-lop-hoc-nau-an\/#primaryimage"},"thumbnailUrl":"https:\/\/www.thesignaturehoian.com\/wp-content\/uploads\/sites\/125\/2026\/05\/lang-rau-tra-que-1-1.jpg","datePublished":"2026-05-04T07:43:40+00:00","dateModified":"2026-05-04T07:58:35+00:00","breadcrumb":{"@id":"https:\/\/www.thesignaturehoian.com\/vi\/services-amenities\/trai-nghiem-am-thuc-lop-hoc-nau-an\/#breadcrumb"},"inLanguage":"vi-VN","potentialAction":[{"@type":"ReadAction","target":["https:\/\/www.thesignaturehoian.com\/vi\/services-amenities\/trai-nghiem-am-thuc-lop-hoc-nau-an\/"]}]},{"@type":"ImageObject","inLanguage":"vi-VN","@id":"https:\/\/www.thesignaturehoian.com\/vi\/services-amenities\/trai-nghiem-am-thuc-lop-hoc-nau-an\/#primaryimage","url":"https:\/\/www.thesignaturehoian.com\/wp-content\/uploads\/sites\/125\/2026\/05\/lang-rau-tra-que-1-1.jpg","contentUrl":"https:\/\/www.thesignaturehoian.com\/wp-content\/uploads\/sites\/125\/2026\/05\/lang-rau-tra-que-1-1.jpg","width":1500,"height":1017},{"@type":"BreadcrumbList","@id":"https:\/\/www.thesignaturehoian.com\/vi\/services-amenities\/trai-nghiem-am-thuc-lop-hoc-nau-an\/#breadcrumb","itemListElement":[{"@type":"ListItem","position":1,"name":"Home","item":"https:\/\/www.thesignaturehoian.com\/vi\/"},{"@type":"ListItem","position":2,"name":"D\u1ecbch V\u1ee5 &amp; Ti\u1ec7n \u00cdch","item":"https:\/\/www.thesignaturehoian.com\/vi\/services-amenities\/"},{"@type":"ListItem","position":3,"name":"Tr\u1ea3i Nghi\u1ec7m \u1ea8m Th\u1ef1c &amp; L\u1edbp H\u1ecdc N\u1ea5u \u0102n"}]},{"@type":"WebSite","@id":"https:\/\/www.thesignaturehoian.com\/vi\/#website","url":"https:\/\/www.thesignaturehoian.com\/vi\/","name":"The Signature Hoi An","description":"","potentialAction":[{"@type":"SearchAction","target":{"@type":"EntryPoint","urlTemplate":"https:\/\/www.thesignaturehoian.com\/vi\/?s={search_term_string}"},"query-input":"required name=search_term_string"}],"inLanguage":"vi-VN"}]}},"acf":[],"_links":{"self":[{"href":"https:\/\/www.thesignaturehoian.com\/vi\/wp-json\/wp\/v2\/pages\/620"}],"collection":[{"href":"https:\/\/www.thesignaturehoian.com\/vi\/wp-json\/wp\/v2\/pages"}],"about":[{"href":"https:\/\/www.thesignaturehoian.com\/vi\/wp-json\/wp\/v2\/types\/page"}],"author":[{"embeddable":true,"href":"https:\/\/www.thesignaturehoian.com\/vi\/wp-json\/wp\/v2\/users\/250"}],"replies":[{"embeddable":true,"href":"https:\/\/www.thesignaturehoian.com\/vi\/wp-json\/wp\/v2\/comments?post=620"}],"version-history":[{"count":0,"href":"https:\/\/www.thesignaturehoian.com\/vi\/wp-json\/wp\/v2\/pages\/620\/revisions"}],"up":[{"embeddable":true,"href":"https:\/\/www.thesignaturehoian.com\/vi\/wp-json\/wp\/v2\/pages\/239"}],"wp:featuredmedia":[{"embeddable":true,"href":"https:\/\/www.thesignaturehoian.com\/vi\/wp-json\/wp\/v2\/media\/617"}],"wp:attachment":[{"href":"https:\/\/www.thesignaturehoian.com\/vi\/wp-json\/wp\/v2\/media?parent=620"}],"curies":[{"name":"wp","href":"https:\/\/api.w.org\/{rel}","templated":true}]}}