{"id":614,"date":"2026-05-04T06:52:15","date_gmt":"2026-05-04T06:52:15","guid":{"rendered":"https:\/\/www.thesignaturehoian.com\/?page_id=614"},"modified":"2026-05-04T07:16:57","modified_gmt":"2026-05-04T07:16:57","slug":"mien-phi-trai-nghiem-lang-moc-kim-bong","status":"publish","type":"page","link":"https:\/\/www.thesignaturehoian.com\/vi\/specials-offers\/mien-phi-trai-nghiem-lang-moc-kim-bong\/","title":{"rendered":"Mi\u1ec5n Ph\u00ed Tr\u1ea3i Nghi\u1ec7m L\u00e0ng M\u1ed9c Kim B\u1ed3ng"},"content":{"rendered":"<p style=\"text-align: left\">H\u00e0nh tr\u00ecnh kh\u00e1m ph\u00e1 l\u00e0ng m\u1ed9c Kim B\u1ed3ng \u2013 di s\u1ea3n h\u01a1n 500 n\u0103m l\u01b0u gi\u1eef ngh\u1ec1 th\u1ee7 c\u00f4ng truy\u1ec1n th\u1ed1ng. Tr\u1ea3i nghi\u1ec7m nh\u1ecbp s\u1ed1ng y\u00ean b\u00ecnh c\u1ee7a v\u00f9ng qu\u00ea H\u1ed9i An v\u00e0 tinh th\u1ea7n l\u00e0ng ngh\u1ec1 \u0111\u01b0\u1ee3c truy\u1ec1n qua nhi\u1ec1u th\u1ebf h\u1ec7.<\/p>\n<p style=\"text-align: left\"><strong>Ch\u01b0\u01a1ng tr\u00ecnh mi\u1ec5n ph\u00ed d\u00e0nh ri\u00eang cho kh\u00e1ch l\u01b0u tr\u00fa.<\/strong><\/p>\n<p style=\"text-align: left\"><strong>L\u1ecbch tr\u00ecnh chi ti\u1ebft:<\/strong><\/p>\n<ul style=\"text-align: left\">\n<li><strong>09:00:<\/strong> \u0110\u00f3n kh\u00e1ch t\u1ea1i kh\u00e1ch s\u1ea1n, gi\u1edbi thi\u1ec7u v\u1ec1 l\u1ecbch s\u1eed l\u00e0ng ngh\u1ec1.<\/li>\n<li><strong>09:20:<\/strong> \u0110\u1ea1p xe ng\u1eafm c\u1ea3nh s\u00f4ng Thu B\u1ed3n v\u00e0 nh\u1ecbp s\u1ed1ng l\u00e0ng qu\u00ea.<\/li>\n<li><strong>09:30:<\/strong> Th\u01b0\u1edfng th\u1ee9c c\u00e0 ph\u00ea ven s\u00f4ng, tham quan c\u00e1c x\u01b0\u1edfng m\u1ed9c truy\u1ec1n th\u1ed1ng.<\/li>\n<li><strong>10:00:<\/strong> Tr\u1ea3i nghi\u1ec7m l\u00e0m m\u1ed9c c\u00f9ng ngh\u1ec7 nh\u00e2n \u0111\u1ecba ph\u01b0\u01a1ng v\u00e0 t\u1ef1 tay t\u1ea1o m\u1ed9t m\u00f3n qu\u00e0 l\u01b0u ni\u1ec7m.<\/li>\n<li><strong>10:30:<\/strong> \u0110\u1ea1p xe th\u01b0 gi\u00e3n quay v\u1ec1 kh\u00e1ch s\u1ea1n.<\/li>\n<\/ul>\n<p style=\"text-align: left\">Vui l\u00f2ng li\u00ean h\u1ec7 ch\u00fang t\u00f4i \u00a0+84 (0) 235 3962 969 \u0111\u1ec3 \u0111\u1eb7t tr\u01b0\u1edbc \u00edt nh\u1ea5t 1 ng\u00e0y.<\/p>\n","protected":false},"excerpt":{"rendered":"<p>H\u00e0nh tr\u00ecnh kh\u00e1m ph\u00e1 l\u00e0ng m\u1ed9c Kim B\u1ed3ng \u2013 di s\u1ea3n h\u01a1n 500 n\u0103m l\u01b0u gi\u1eef ngh\u1ec1 th\u1ee7 c\u00f4ng truy\u1ec1n th\u1ed1ng. Tr\u1ea3i nghi\u1ec7m nh\u1ecbp s\u1ed1ng y\u00ean b\u00ecnh c\u1ee7a v\u00f9ng qu\u00ea H\u1ed9i An v\u00e0 tinh th\u1ea7n l\u00e0ng ngh\u1ec1 \u0111\u01b0\u1ee3c truy\u1ec1n qua nhi\u1ec1u th\u1ebf h\u1ec7. Ch\u01b0\u01a1ng tr\u00ecnh mi\u1ec5n ph\u00ed d\u00e0nh ri\u00eang cho kh\u00e1ch l\u01b0u tr\u00fa. L\u1ecbch tr\u00ecnh [&hellip;]<\/p>\n","protected":false},"author":250,"featured_media":609,"parent":243,"menu_order":0,"comment_status":"closed","ping_status":"closed","template":"template-single-offer.php","meta":{"footnotes":""},"yoast_head":"<!-- This site is optimized with the Yoast SEO plugin v22.3 - https:\/\/yoast.com\/wordpress\/plugins\/seo\/ -->\n<title>Mi\u1ec5n Ph\u00ed Tr\u1ea3i Nghi\u1ec7m L\u00e0ng M\u1ed9c Kim B\u1ed3ng - The Signature Hoi An<\/title>\n<meta name=\"robots\" content=\"index, follow, max-snippet:-1, max-image-preview:large, max-video-preview:-1\" \/>\n<link rel=\"canonical\" href=\"https:\/\/www.thesignaturehoian.com\/vi\/specials-offers\/mien-phi-trai-nghiem-lang-moc-kim-bong\/\" \/>\n<meta property=\"og:locale\" content=\"vi_VN\" \/>\n<meta property=\"og:type\" content=\"article\" \/>\n<meta property=\"og:title\" content=\"Mi\u1ec5n Ph\u00ed Tr\u1ea3i Nghi\u1ec7m L\u00e0ng M\u1ed9c Kim B\u1ed3ng - The Signature Hoi An\" \/>\n<meta property=\"og:description\" content=\"H\u00e0nh tr\u00ecnh kh\u00e1m ph\u00e1 l\u00e0ng m\u1ed9c Kim B\u1ed3ng \u2013 di s\u1ea3n h\u01a1n 500 n\u0103m l\u01b0u gi\u1eef ngh\u1ec1 th\u1ee7 c\u00f4ng truy\u1ec1n th\u1ed1ng. Tr\u1ea3i nghi\u1ec7m nh\u1ecbp s\u1ed1ng y\u00ean b\u00ecnh c\u1ee7a v\u00f9ng qu\u00ea H\u1ed9i An v\u00e0 tinh th\u1ea7n l\u00e0ng ngh\u1ec1 \u0111\u01b0\u1ee3c truy\u1ec1n qua nhi\u1ec1u th\u1ebf h\u1ec7. Ch\u01b0\u01a1ng tr\u00ecnh mi\u1ec5n ph\u00ed d\u00e0nh ri\u00eang cho kh\u00e1ch l\u01b0u tr\u00fa. L\u1ecbch tr\u00ecnh [&hellip;]\" \/>\n<meta property=\"og:url\" content=\"https:\/\/www.thesignaturehoian.com\/vi\/specials-offers\/mien-phi-trai-nghiem-lang-moc-kim-bong\/\" \/>\n<meta property=\"og:site_name\" content=\"The Signature Hoi An\" \/>\n<meta property=\"article:modified_time\" content=\"2026-05-04T07:16:57+00:00\" \/>\n<meta property=\"og:image\" content=\"https:\/\/www.thesignaturehoian.com\/wp-content\/uploads\/sites\/125\/2026\/05\/2066600542918592296.jpg\" \/>\n\t<meta property=\"og:image:width\" content=\"1650\" \/>\n\t<meta property=\"og:image:height\" content=\"2200\" \/>\n\t<meta property=\"og:image:type\" content=\"image\/jpeg\" \/>\n<meta name=\"twitter:card\" content=\"summary_large_image\" \/>\n<meta name=\"twitter:label1\" content=\"Est. reading time\" \/>\n\t<meta name=\"twitter:data1\" content=\"1 minute\" \/>\n<script type=\"application\/ld+json\" class=\"yoast-schema-graph\">{\"@context\":\"https:\/\/schema.org\",\"@graph\":[{\"@type\":\"WebPage\",\"@id\":\"https:\/\/www.thesignaturehoian.com\/vi\/specials-offers\/mien-phi-trai-nghiem-lang-moc-kim-bong\/\",\"url\":\"https:\/\/www.thesignaturehoian.com\/vi\/specials-offers\/mien-phi-trai-nghiem-lang-moc-kim-bong\/\",\"name\":\"Mi\u1ec5n Ph\u00ed Tr\u1ea3i Nghi\u1ec7m L\u00e0ng M\u1ed9c Kim B\u1ed3ng - The Signature Hoi An\",\"isPartOf\":{\"@id\":\"https:\/\/www.thesignaturehoian.com\/vi\/#website\"},\"primaryImageOfPage\":{\"@id\":\"https:\/\/www.thesignaturehoian.com\/vi\/specials-offers\/mien-phi-trai-nghiem-lang-moc-kim-bong\/#primaryimage\"},\"image\":{\"@id\":\"https:\/\/www.thesignaturehoian.com\/vi\/specials-offers\/mien-phi-trai-nghiem-lang-moc-kim-bong\/#primaryimage\"},\"thumbnailUrl\":\"https:\/\/www.thesignaturehoian.com\/wp-content\/uploads\/sites\/125\/2026\/05\/2066600542918592296.jpg\",\"datePublished\":\"2026-05-04T06:52:15+00:00\",\"dateModified\":\"2026-05-04T07:16:57+00:00\",\"breadcrumb\":{\"@id\":\"https:\/\/www.thesignaturehoian.com\/vi\/specials-offers\/mien-phi-trai-nghiem-lang-moc-kim-bong\/#breadcrumb\"},\"inLanguage\":\"vi-VN\",\"potentialAction\":[{\"@type\":\"ReadAction\",\"target\":[\"https:\/\/www.thesignaturehoian.com\/vi\/specials-offers\/mien-phi-trai-nghiem-lang-moc-kim-bong\/\"]}]},{\"@type\":\"ImageObject\",\"inLanguage\":\"vi-VN\",\"@id\":\"https:\/\/www.thesignaturehoian.com\/vi\/specials-offers\/mien-phi-trai-nghiem-lang-moc-kim-bong\/#primaryimage\",\"url\":\"https:\/\/www.thesignaturehoian.com\/wp-content\/uploads\/sites\/125\/2026\/05\/2066600542918592296.jpg\",\"contentUrl\":\"https:\/\/www.thesignaturehoian.com\/wp-content\/uploads\/sites\/125\/2026\/05\/2066600542918592296.jpg\",\"width\":1650,\"height\":2200},{\"@type\":\"BreadcrumbList\",\"@id\":\"https:\/\/www.thesignaturehoian.com\/vi\/specials-offers\/mien-phi-trai-nghiem-lang-moc-kim-bong\/#breadcrumb\",\"itemListElement\":[{\"@type\":\"ListItem\",\"position\":1,\"name\":\"Home\",\"item\":\"https:\/\/www.thesignaturehoian.com\/vi\/\"},{\"@type\":\"ListItem\",\"position\":2,\"name\":\"\u01afU \u0110\u00c3I \u0110\u1eb6C BI\u1ec6T\",\"item\":\"https:\/\/www.thesignaturehoian.com\/vi\/specials-offers\/\"},{\"@type\":\"ListItem\",\"position\":3,\"name\":\"Mi\u1ec5n Ph\u00ed Tr\u1ea3i Nghi\u1ec7m L\u00e0ng M\u1ed9c Kim B\u1ed3ng\"}]},{\"@type\":\"WebSite\",\"@id\":\"https:\/\/www.thesignaturehoian.com\/vi\/#website\",\"url\":\"https:\/\/www.thesignaturehoian.com\/vi\/\",\"name\":\"The Signature Hoi An\",\"description\":\"\",\"potentialAction\":[{\"@type\":\"SearchAction\",\"target\":{\"@type\":\"EntryPoint\",\"urlTemplate\":\"https:\/\/www.thesignaturehoian.com\/vi\/?s={search_term_string}\"},\"query-input\":\"required name=search_term_string\"}],\"inLanguage\":\"vi-VN\"}]}<\/script>\n<!-- \/ Yoast SEO plugin. -->","yoast_head_json":{"title":"Mi\u1ec5n Ph\u00ed Tr\u1ea3i Nghi\u1ec7m L\u00e0ng M\u1ed9c Kim B\u1ed3ng - The Signature Hoi An","robots":{"index":"index","follow":"follow","max-snippet":"max-snippet:-1","max-image-preview":"max-image-preview:large","max-video-preview":"max-video-preview:-1"},"canonical":"https:\/\/www.thesignaturehoian.com\/vi\/specials-offers\/mien-phi-trai-nghiem-lang-moc-kim-bong\/","og_locale":"vi_VN","og_type":"article","og_title":"Mi\u1ec5n Ph\u00ed Tr\u1ea3i Nghi\u1ec7m L\u00e0ng M\u1ed9c Kim B\u1ed3ng - The Signature Hoi An","og_description":"H\u00e0nh tr\u00ecnh kh\u00e1m ph\u00e1 l\u00e0ng m\u1ed9c Kim B\u1ed3ng \u2013 di s\u1ea3n h\u01a1n 500 n\u0103m l\u01b0u gi\u1eef ngh\u1ec1 th\u1ee7 c\u00f4ng truy\u1ec1n th\u1ed1ng. Tr\u1ea3i nghi\u1ec7m nh\u1ecbp s\u1ed1ng y\u00ean b\u00ecnh c\u1ee7a v\u00f9ng qu\u00ea H\u1ed9i An v\u00e0 tinh th\u1ea7n l\u00e0ng ngh\u1ec1 \u0111\u01b0\u1ee3c truy\u1ec1n qua nhi\u1ec1u th\u1ebf h\u1ec7. Ch\u01b0\u01a1ng tr\u00ecnh mi\u1ec5n ph\u00ed d\u00e0nh ri\u00eang cho kh\u00e1ch l\u01b0u tr\u00fa. L\u1ecbch tr\u00ecnh [&hellip;]","og_url":"https:\/\/www.thesignaturehoian.com\/vi\/specials-offers\/mien-phi-trai-nghiem-lang-moc-kim-bong\/","og_site_name":"The Signature Hoi An","article_modified_time":"2026-05-04T07:16:57+00:00","og_image":[{"width":1650,"height":2200,"url":"https:\/\/www.thesignaturehoian.com\/wp-content\/uploads\/sites\/125\/2026\/05\/2066600542918592296.jpg","type":"image\/jpeg"}],"twitter_card":"summary_large_image","twitter_misc":{"Est. reading time":"1 minute"},"schema":{"@context":"https:\/\/schema.org","@graph":[{"@type":"WebPage","@id":"https:\/\/www.thesignaturehoian.com\/vi\/specials-offers\/mien-phi-trai-nghiem-lang-moc-kim-bong\/","url":"https:\/\/www.thesignaturehoian.com\/vi\/specials-offers\/mien-phi-trai-nghiem-lang-moc-kim-bong\/","name":"Mi\u1ec5n Ph\u00ed Tr\u1ea3i Nghi\u1ec7m L\u00e0ng M\u1ed9c Kim B\u1ed3ng - The Signature Hoi An","isPartOf":{"@id":"https:\/\/www.thesignaturehoian.com\/vi\/#website"},"primaryImageOfPage":{"@id":"https:\/\/www.thesignaturehoian.com\/vi\/specials-offers\/mien-phi-trai-nghiem-lang-moc-kim-bong\/#primaryimage"},"image":{"@id":"https:\/\/www.thesignaturehoian.com\/vi\/specials-offers\/mien-phi-trai-nghiem-lang-moc-kim-bong\/#primaryimage"},"thumbnailUrl":"https:\/\/www.thesignaturehoian.com\/wp-content\/uploads\/sites\/125\/2026\/05\/2066600542918592296.jpg","datePublished":"2026-05-04T06:52:15+00:00","dateModified":"2026-05-04T07:16:57+00:00","breadcrumb":{"@id":"https:\/\/www.thesignaturehoian.com\/vi\/specials-offers\/mien-phi-trai-nghiem-lang-moc-kim-bong\/#breadcrumb"},"inLanguage":"vi-VN","potentialAction":[{"@type":"ReadAction","target":["https:\/\/www.thesignaturehoian.com\/vi\/specials-offers\/mien-phi-trai-nghiem-lang-moc-kim-bong\/"]}]},{"@type":"ImageObject","inLanguage":"vi-VN","@id":"https:\/\/www.thesignaturehoian.com\/vi\/specials-offers\/mien-phi-trai-nghiem-lang-moc-kim-bong\/#primaryimage","url":"https:\/\/www.thesignaturehoian.com\/wp-content\/uploads\/sites\/125\/2026\/05\/2066600542918592296.jpg","contentUrl":"https:\/\/www.thesignaturehoian.com\/wp-content\/uploads\/sites\/125\/2026\/05\/2066600542918592296.jpg","width":1650,"height":2200},{"@type":"BreadcrumbList","@id":"https:\/\/www.thesignaturehoian.com\/vi\/specials-offers\/mien-phi-trai-nghiem-lang-moc-kim-bong\/#breadcrumb","itemListElement":[{"@type":"ListItem","position":1,"name":"Home","item":"https:\/\/www.thesignaturehoian.com\/vi\/"},{"@type":"ListItem","position":2,"name":"\u01afU \u0110\u00c3I \u0110\u1eb6C BI\u1ec6T","item":"https:\/\/www.thesignaturehoian.com\/vi\/specials-offers\/"},{"@type":"ListItem","position":3,"name":"Mi\u1ec5n Ph\u00ed Tr\u1ea3i Nghi\u1ec7m L\u00e0ng M\u1ed9c Kim B\u1ed3ng"}]},{"@type":"WebSite","@id":"https:\/\/www.thesignaturehoian.com\/vi\/#website","url":"https:\/\/www.thesignaturehoian.com\/vi\/","name":"The Signature Hoi An","description":"","potentialAction":[{"@type":"SearchAction","target":{"@type":"EntryPoint","urlTemplate":"https:\/\/www.thesignaturehoian.com\/vi\/?s={search_term_string}"},"query-input":"required name=search_term_string"}],"inLanguage":"vi-VN"}]}},"acf":[],"_links":{"self":[{"href":"https:\/\/www.thesignaturehoian.com\/vi\/wp-json\/wp\/v2\/pages\/614"}],"collection":[{"href":"https:\/\/www.thesignaturehoian.com\/vi\/wp-json\/wp\/v2\/pages"}],"about":[{"href":"https:\/\/www.thesignaturehoian.com\/vi\/wp-json\/wp\/v2\/types\/page"}],"author":[{"embeddable":true,"href":"https:\/\/www.thesignaturehoian.com\/vi\/wp-json\/wp\/v2\/users\/250"}],"replies":[{"embeddable":true,"href":"https:\/\/www.thesignaturehoian.com\/vi\/wp-json\/wp\/v2\/comments?post=614"}],"version-history":[{"count":0,"href":"https:\/\/www.thesignaturehoian.com\/vi\/wp-json\/wp\/v2\/pages\/614\/revisions"}],"up":[{"embeddable":true,"href":"https:\/\/www.thesignaturehoian.com\/vi\/wp-json\/wp\/v2\/pages\/243"}],"wp:featuredmedia":[{"embeddable":true,"href":"https:\/\/www.thesignaturehoian.com\/vi\/wp-json\/wp\/v2\/media\/609"}],"wp:attachment":[{"href":"https:\/\/www.thesignaturehoian.com\/vi\/wp-json\/wp\/v2\/media?parent=614"}],"curies":[{"name":"wp","href":"https:\/\/api.w.org\/{rel}","templated":true}]}}