{"id":596,"date":"2026-04-24T07:52:49","date_gmt":"2026-04-24T07:52:49","guid":{"rendered":"https:\/\/www.thesignaturehoian.com\/?page_id=596"},"modified":"2026-04-24T08:01:46","modified_gmt":"2026-04-24T08:01:46","slug":"khoanh-khac-ao-dai","status":"publish","type":"page","link":"https:\/\/www.thesignaturehoian.com\/vi\/services-amenities\/khoanh-khac-ao-dai\/","title":{"rendered":"Kho\u1ea3nh Kh\u1eafc \u00c1o D\u00e0i"},"content":{"rendered":"<p style=\"text-align: left\"><em><strong>&#8220;\u0110i H\u1ed9i An, m\u1eb7c \u00c1o D\u00e0i, check-in The Signature Hoi An&#8221;<\/strong><\/em><\/p>\n<p style=\"text-align: left\">V\u1edbi kh\u00f4ng gian th\u1ea5m \u0111\u1eabm n\u00e9t ho\u00e0i ni\u1ec7m c\u1ee7a ph\u1ed1 c\u1ed5, ch\u00fang t\u00f4i mang \u0111\u1ebfn nhi\u1ec1u h\u01a1n m\u1ed9t k\u1ef3 ngh\u1ec9 \u2014 \u0111\u00f3 l\u00e0 nh\u1eefng \u201cg\u00f3c check-in\u201d \u0111\u1eadm ch\u1ea5t ngh\u1ec7 thu\u1eadt. T\u1ea1i \u0111\u00e2y, nh\u1eefng b\u1ee9c t\u01b0\u1eddng v\u00e0ng \u0111\u1eb7c tr\u01b0ng v\u00e0 m\u00e1i ng\u00f3i \u00e2m d\u01b0\u01a1ng tr\u1ea7m m\u1eb7c h\u00f2a quy\u1ec7n c\u00f9ng \u00e1nh \u0111\u00e8n l\u1ed3ng \u1ea5m \u00e1p, t\u1ea1o n\u00ean ph\u00f4ng n\u1ec1n ho\u00e0n h\u1ea3o cho nh\u1eefng b\u1ee9c \u1ea3nh l\u01b0u gi\u1eef k\u1ef7 ni\u1ec7m. H\u00e3y \u0111\u1ec3 h\u00e0nh tr\u00ecnh c\u1ee7a b\u1ea1n tr\u1edf th\u00e0nh m\u1ed9t th\u01b0\u1edbc phim di s\u1ea3n s\u1ed1ng \u0111\u1ed9ng!<\/p>\n<p style=\"text-align: left\"><strong>Gi\u00e1: T\u1eeb 150.000 VN\u0110 \u0111\u1ebfn 300.000 VN\u0110 \/ set<\/strong><\/p>\n","protected":false},"excerpt":{"rendered":"<p>&#8220;\u0110i H\u1ed9i An, m\u1eb7c \u00c1o D\u00e0i, check-in The Signature Hoi An&#8221; V\u1edbi kh\u00f4ng gian th\u1ea5m \u0111\u1eabm n\u00e9t ho\u00e0i ni\u1ec7m c\u1ee7a ph\u1ed1 c\u1ed5, ch\u00fang t\u00f4i mang \u0111\u1ebfn nhi\u1ec1u h\u01a1n m\u1ed9t k\u1ef3 ngh\u1ec9 \u2014 \u0111\u00f3 l\u00e0 nh\u1eefng \u201cg\u00f3c check-in\u201d \u0111\u1eadm ch\u1ea5t ngh\u1ec7 thu\u1eadt. T\u1ea1i \u0111\u00e2y, nh\u1eefng b\u1ee9c t\u01b0\u1eddng v\u00e0ng \u0111\u1eb7c tr\u01b0ng v\u00e0 m\u00e1i ng\u00f3i \u00e2m d\u01b0\u01a1ng tr\u1ea7m [&hellip;]<\/p>\n","protected":false},"author":250,"featured_media":587,"parent":239,"menu_order":0,"comment_status":"closed","ping_status":"closed","template":"template-default-2.php","meta":{"footnotes":""},"yoast_head":"<!-- This site is optimized with the Yoast SEO plugin v22.3 - https:\/\/yoast.com\/wordpress\/plugins\/seo\/ -->\n<title>Kho\u1ea3nh Kh\u1eafc \u00c1o D\u00e0i - The Signature Hoi An<\/title>\n<meta name=\"robots\" content=\"index, follow, max-snippet:-1, max-image-preview:large, max-video-preview:-1\" \/>\n<link rel=\"canonical\" href=\"https:\/\/www.thesignaturehoian.com\/vi\/services-amenities\/khoanh-khac-ao-dai\/\" \/>\n<meta property=\"og:locale\" content=\"vi_VN\" \/>\n<meta property=\"og:type\" content=\"article\" \/>\n<meta property=\"og:title\" content=\"Kho\u1ea3nh Kh\u1eafc \u00c1o D\u00e0i - The Signature Hoi An\" \/>\n<meta property=\"og:description\" content=\"&#8220;\u0110i H\u1ed9i An, m\u1eb7c \u00c1o D\u00e0i, check-in The Signature Hoi An&#8221; V\u1edbi kh\u00f4ng gian th\u1ea5m \u0111\u1eabm n\u00e9t ho\u00e0i ni\u1ec7m c\u1ee7a ph\u1ed1 c\u1ed5, ch\u00fang t\u00f4i mang \u0111\u1ebfn nhi\u1ec1u h\u01a1n m\u1ed9t k\u1ef3 ngh\u1ec9 \u2014 \u0111\u00f3 l\u00e0 nh\u1eefng \u201cg\u00f3c check-in\u201d \u0111\u1eadm ch\u1ea5t ngh\u1ec7 thu\u1eadt. T\u1ea1i \u0111\u00e2y, nh\u1eefng b\u1ee9c t\u01b0\u1eddng v\u00e0ng \u0111\u1eb7c tr\u01b0ng v\u00e0 m\u00e1i ng\u00f3i \u00e2m d\u01b0\u01a1ng tr\u1ea7m [&hellip;]\" \/>\n<meta property=\"og:url\" content=\"https:\/\/www.thesignaturehoian.com\/vi\/services-amenities\/khoanh-khac-ao-dai\/\" \/>\n<meta property=\"og:site_name\" content=\"The Signature Hoi An\" \/>\n<meta property=\"article:modified_time\" content=\"2026-04-24T08:01:46+00:00\" \/>\n<meta property=\"og:image\" content=\"https:\/\/www.thesignaturehoian.com\/wp-content\/uploads\/sites\/125\/2026\/04\/CTUG1335.jpg\" \/>\n\t<meta property=\"og:image:width\" content=\"2200\" \/>\n\t<meta property=\"og:image:height\" content=\"1467\" \/>\n\t<meta property=\"og:image:type\" content=\"image\/jpeg\" \/>\n<meta name=\"twitter:card\" content=\"summary_large_image\" \/>\n<meta name=\"twitter:label1\" content=\"Est. reading time\" \/>\n\t<meta name=\"twitter:data1\" content=\"1 minute\" \/>\n<script type=\"application\/ld+json\" class=\"yoast-schema-graph\">{\"@context\":\"https:\/\/schema.org\",\"@graph\":[{\"@type\":\"WebPage\",\"@id\":\"https:\/\/www.thesignaturehoian.com\/vi\/services-amenities\/khoanh-khac-ao-dai\/\",\"url\":\"https:\/\/www.thesignaturehoian.com\/vi\/services-amenities\/khoanh-khac-ao-dai\/\",\"name\":\"Kho\u1ea3nh Kh\u1eafc \u00c1o D\u00e0i - The Signature Hoi An\",\"isPartOf\":{\"@id\":\"https:\/\/www.thesignaturehoian.com\/vi\/#website\"},\"primaryImageOfPage\":{\"@id\":\"https:\/\/www.thesignaturehoian.com\/vi\/services-amenities\/khoanh-khac-ao-dai\/#primaryimage\"},\"image\":{\"@id\":\"https:\/\/www.thesignaturehoian.com\/vi\/services-amenities\/khoanh-khac-ao-dai\/#primaryimage\"},\"thumbnailUrl\":\"https:\/\/www.thesignaturehoian.com\/wp-content\/uploads\/sites\/125\/2026\/04\/CTUG1335.jpg\",\"datePublished\":\"2026-04-24T07:52:49+00:00\",\"dateModified\":\"2026-04-24T08:01:46+00:00\",\"breadcrumb\":{\"@id\":\"https:\/\/www.thesignaturehoian.com\/vi\/services-amenities\/khoanh-khac-ao-dai\/#breadcrumb\"},\"inLanguage\":\"vi-VN\",\"potentialAction\":[{\"@type\":\"ReadAction\",\"target\":[\"https:\/\/www.thesignaturehoian.com\/vi\/services-amenities\/khoanh-khac-ao-dai\/\"]}]},{\"@type\":\"ImageObject\",\"inLanguage\":\"vi-VN\",\"@id\":\"https:\/\/www.thesignaturehoian.com\/vi\/services-amenities\/khoanh-khac-ao-dai\/#primaryimage\",\"url\":\"https:\/\/www.thesignaturehoian.com\/wp-content\/uploads\/sites\/125\/2026\/04\/CTUG1335.jpg\",\"contentUrl\":\"https:\/\/www.thesignaturehoian.com\/wp-content\/uploads\/sites\/125\/2026\/04\/CTUG1335.jpg\",\"width\":2200,\"height\":1467},{\"@type\":\"BreadcrumbList\",\"@id\":\"https:\/\/www.thesignaturehoian.com\/vi\/services-amenities\/khoanh-khac-ao-dai\/#breadcrumb\",\"itemListElement\":[{\"@type\":\"ListItem\",\"position\":1,\"name\":\"Home\",\"item\":\"https:\/\/www.thesignaturehoian.com\/vi\/\"},{\"@type\":\"ListItem\",\"position\":2,\"name\":\"\u01afU \u0110\u00c3I \u0110\u1eb6C BI\u1ec6T\",\"item\":\"https:\/\/www.thesignaturehoian.com\/vi\/specials-offers\/\"},{\"@type\":\"ListItem\",\"position\":3,\"name\":\"Kho\u1ea3nh Kh\u1eafc \u00c1o D\u00e0i\"}]},{\"@type\":\"WebSite\",\"@id\":\"https:\/\/www.thesignaturehoian.com\/vi\/#website\",\"url\":\"https:\/\/www.thesignaturehoian.com\/vi\/\",\"name\":\"The Signature Hoi An\",\"description\":\"\",\"potentialAction\":[{\"@type\":\"SearchAction\",\"target\":{\"@type\":\"EntryPoint\",\"urlTemplate\":\"https:\/\/www.thesignaturehoian.com\/vi\/?s={search_term_string}\"},\"query-input\":\"required name=search_term_string\"}],\"inLanguage\":\"vi-VN\"}]}<\/script>\n<!-- \/ Yoast SEO plugin. -->","yoast_head_json":{"title":"Kho\u1ea3nh Kh\u1eafc \u00c1o D\u00e0i - The Signature Hoi An","robots":{"index":"index","follow":"follow","max-snippet":"max-snippet:-1","max-image-preview":"max-image-preview:large","max-video-preview":"max-video-preview:-1"},"canonical":"https:\/\/www.thesignaturehoian.com\/vi\/services-amenities\/khoanh-khac-ao-dai\/","og_locale":"vi_VN","og_type":"article","og_title":"Kho\u1ea3nh Kh\u1eafc \u00c1o D\u00e0i - The Signature Hoi An","og_description":"&#8220;\u0110i H\u1ed9i An, m\u1eb7c \u00c1o D\u00e0i, check-in The Signature Hoi An&#8221; V\u1edbi kh\u00f4ng gian th\u1ea5m \u0111\u1eabm n\u00e9t ho\u00e0i ni\u1ec7m c\u1ee7a ph\u1ed1 c\u1ed5, ch\u00fang t\u00f4i mang \u0111\u1ebfn nhi\u1ec1u h\u01a1n m\u1ed9t k\u1ef3 ngh\u1ec9 \u2014 \u0111\u00f3 l\u00e0 nh\u1eefng \u201cg\u00f3c check-in\u201d \u0111\u1eadm ch\u1ea5t ngh\u1ec7 thu\u1eadt. T\u1ea1i \u0111\u00e2y, nh\u1eefng b\u1ee9c t\u01b0\u1eddng v\u00e0ng \u0111\u1eb7c tr\u01b0ng v\u00e0 m\u00e1i ng\u00f3i \u00e2m d\u01b0\u01a1ng tr\u1ea7m [&hellip;]","og_url":"https:\/\/www.thesignaturehoian.com\/vi\/services-amenities\/khoanh-khac-ao-dai\/","og_site_name":"The Signature Hoi An","article_modified_time":"2026-04-24T08:01:46+00:00","og_image":[{"width":2200,"height":1467,"url":"https:\/\/www.thesignaturehoian.com\/wp-content\/uploads\/sites\/125\/2026\/04\/CTUG1335.jpg","type":"image\/jpeg"}],"twitter_card":"summary_large_image","twitter_misc":{"Est. reading time":"1 minute"},"schema":{"@context":"https:\/\/schema.org","@graph":[{"@type":"WebPage","@id":"https:\/\/www.thesignaturehoian.com\/vi\/services-amenities\/khoanh-khac-ao-dai\/","url":"https:\/\/www.thesignaturehoian.com\/vi\/services-amenities\/khoanh-khac-ao-dai\/","name":"Kho\u1ea3nh Kh\u1eafc \u00c1o D\u00e0i - The Signature Hoi An","isPartOf":{"@id":"https:\/\/www.thesignaturehoian.com\/vi\/#website"},"primaryImageOfPage":{"@id":"https:\/\/www.thesignaturehoian.com\/vi\/services-amenities\/khoanh-khac-ao-dai\/#primaryimage"},"image":{"@id":"https:\/\/www.thesignaturehoian.com\/vi\/services-amenities\/khoanh-khac-ao-dai\/#primaryimage"},"thumbnailUrl":"https:\/\/www.thesignaturehoian.com\/wp-content\/uploads\/sites\/125\/2026\/04\/CTUG1335.jpg","datePublished":"2026-04-24T07:52:49+00:00","dateModified":"2026-04-24T08:01:46+00:00","breadcrumb":{"@id":"https:\/\/www.thesignaturehoian.com\/vi\/services-amenities\/khoanh-khac-ao-dai\/#breadcrumb"},"inLanguage":"vi-VN","potentialAction":[{"@type":"ReadAction","target":["https:\/\/www.thesignaturehoian.com\/vi\/services-amenities\/khoanh-khac-ao-dai\/"]}]},{"@type":"ImageObject","inLanguage":"vi-VN","@id":"https:\/\/www.thesignaturehoian.com\/vi\/services-amenities\/khoanh-khac-ao-dai\/#primaryimage","url":"https:\/\/www.thesignaturehoian.com\/wp-content\/uploads\/sites\/125\/2026\/04\/CTUG1335.jpg","contentUrl":"https:\/\/www.thesignaturehoian.com\/wp-content\/uploads\/sites\/125\/2026\/04\/CTUG1335.jpg","width":2200,"height":1467},{"@type":"BreadcrumbList","@id":"https:\/\/www.thesignaturehoian.com\/vi\/services-amenities\/khoanh-khac-ao-dai\/#breadcrumb","itemListElement":[{"@type":"ListItem","position":1,"name":"Home","item":"https:\/\/www.thesignaturehoian.com\/vi\/"},{"@type":"ListItem","position":2,"name":"\u01afU \u0110\u00c3I \u0110\u1eb6C BI\u1ec6T","item":"https:\/\/www.thesignaturehoian.com\/vi\/specials-offers\/"},{"@type":"ListItem","position":3,"name":"Kho\u1ea3nh Kh\u1eafc \u00c1o D\u00e0i"}]},{"@type":"WebSite","@id":"https:\/\/www.thesignaturehoian.com\/vi\/#website","url":"https:\/\/www.thesignaturehoian.com\/vi\/","name":"The Signature Hoi An","description":"","potentialAction":[{"@type":"SearchAction","target":{"@type":"EntryPoint","urlTemplate":"https:\/\/www.thesignaturehoian.com\/vi\/?s={search_term_string}"},"query-input":"required name=search_term_string"}],"inLanguage":"vi-VN"}]}},"acf":[],"_links":{"self":[{"href":"https:\/\/www.thesignaturehoian.com\/vi\/wp-json\/wp\/v2\/pages\/596"}],"collection":[{"href":"https:\/\/www.thesignaturehoian.com\/vi\/wp-json\/wp\/v2\/pages"}],"about":[{"href":"https:\/\/www.thesignaturehoian.com\/vi\/wp-json\/wp\/v2\/types\/page"}],"author":[{"embeddable":true,"href":"https:\/\/www.thesignaturehoian.com\/vi\/wp-json\/wp\/v2\/users\/250"}],"replies":[{"embeddable":true,"href":"https:\/\/www.thesignaturehoian.com\/vi\/wp-json\/wp\/v2\/comments?post=596"}],"version-history":[{"count":0,"href":"https:\/\/www.thesignaturehoian.com\/vi\/wp-json\/wp\/v2\/pages\/596\/revisions"}],"up":[{"embeddable":true,"href":"https:\/\/www.thesignaturehoian.com\/vi\/wp-json\/wp\/v2\/pages\/239"}],"wp:featuredmedia":[{"embeddable":true,"href":"https:\/\/www.thesignaturehoian.com\/vi\/wp-json\/wp\/v2\/media\/587"}],"wp:attachment":[{"href":"https:\/\/www.thesignaturehoian.com\/vi\/wp-json\/wp\/v2\/media?parent=596"}],"curies":[{"name":"wp","href":"https:\/\/api.w.org\/{rel}","templated":true}]}}