{"id":574,"date":"2026-04-23T09:33:01","date_gmt":"2026-04-23T09:33:01","guid":{"rendered":"https:\/\/www.thesignaturehoian.com\/?page_id=574"},"modified":"2026-04-23T09:43:36","modified_gmt":"2026-04-23T09:43:36","slug":"thu-gian-nang-ly","status":"publish","type":"page","link":"https:\/\/www.thesignaturehoian.com\/vi\/specials-offers\/thu-gian-nang-ly\/","title":{"rendered":"Th\u01b0 Gi\u00e3n &amp; N\u00e2ng Ly"},"content":{"rendered":"<p style=\"text-align: left\">T\u1eadn h\u01b0\u1edfng nh\u1eefng ph\u00fat gi\u00e2y th\u01b0 gi\u00e3n \u0111\u00fang ngh\u0129a c\u00f9ng b\u1ea1n b\u00e8 trong kh\u00f4ng gian chill nh\u1eb9 nh\u00e0ng, b\u00ean nh\u1eefng ly bia m\u00e1t l\u1ea1nh s\u1ea3ng kho\u00e1i.<\/p>\n<p style=\"text-align: left\"><strong>Ch\u1ec9 v\u1edbi 250.000 VND<\/strong>, b\u1ea1n \u0111\u00e3 c\u00f3 ngay combo 5 chai bia n\u1ed9i \u0111\u1ecba (S\u00e0i G\u00f2n \/ Larue), c\u00f9ng \u01b0u \u0111\u00e3i h\u1ea5p d\u1eabn <strong>gi\u1ea3m 10%<\/strong> cho bia th\u1ee7 c\u00f4ng v\u00e0 bia t\u01b0\u01a1i.<\/p>\n<p style=\"text-align: left\">\u23f0 \u00c1p d\u1ee5ng m\u1ed7i ng\u00e0y t\u1eeb 11:00 \u2013 22:00<\/p>\n<p style=\"text-align: left\">\ud83d\udc49 N\u00e2ng ly v\u00e0 t\u1eadn h\u01b0\u1edfng tr\u1ecdn v\u1eb9n cu\u1ed9c vui! \ud83c\udf7b<\/p>\n","protected":false},"excerpt":{"rendered":"<p>T\u1eadn h\u01b0\u1edfng nh\u1eefng ph\u00fat gi\u00e2y th\u01b0 gi\u00e3n \u0111\u00fang ngh\u0129a c\u00f9ng b\u1ea1n b\u00e8 trong kh\u00f4ng gian chill nh\u1eb9 nh\u00e0ng, b\u00ean nh\u1eefng ly bia m\u00e1t l\u1ea1nh s\u1ea3ng kho\u00e1i. Ch\u1ec9 v\u1edbi 250.000 VND, b\u1ea1n \u0111\u00e3 c\u00f3 ngay combo 5 chai bia n\u1ed9i \u0111\u1ecba (S\u00e0i G\u00f2n \/ Larue), c\u00f9ng \u01b0u \u0111\u00e3i h\u1ea5p d\u1eabn gi\u1ea3m 10% cho bia th\u1ee7 c\u00f4ng [&hellip;]<\/p>\n","protected":false},"author":250,"featured_media":573,"parent":243,"menu_order":0,"comment_status":"closed","ping_status":"closed","template":"template-single-offer.php","meta":{"footnotes":""},"yoast_head":"<!-- This site is optimized with the Yoast SEO plugin v22.3 - https:\/\/yoast.com\/wordpress\/plugins\/seo\/ -->\n<title>Th\u01b0 Gi\u00e3n &amp; N\u00e2ng Ly - The Signature Hoi An<\/title>\n<meta name=\"robots\" content=\"index, follow, max-snippet:-1, max-image-preview:large, max-video-preview:-1\" \/>\n<link rel=\"canonical\" href=\"https:\/\/www.thesignaturehoian.com\/vi\/specials-offers\/thu-gian-nang-ly\/\" \/>\n<meta property=\"og:locale\" content=\"vi_VN\" \/>\n<meta property=\"og:type\" content=\"article\" \/>\n<meta property=\"og:title\" content=\"Th\u01b0 Gi\u00e3n &amp; N\u00e2ng Ly - The Signature Hoi An\" \/>\n<meta property=\"og:description\" content=\"T\u1eadn h\u01b0\u1edfng nh\u1eefng ph\u00fat gi\u00e2y th\u01b0 gi\u00e3n \u0111\u00fang ngh\u0129a c\u00f9ng b\u1ea1n b\u00e8 trong kh\u00f4ng gian chill nh\u1eb9 nh\u00e0ng, b\u00ean nh\u1eefng ly bia m\u00e1t l\u1ea1nh s\u1ea3ng kho\u00e1i. Ch\u1ec9 v\u1edbi 250.000 VND, b\u1ea1n \u0111\u00e3 c\u00f3 ngay combo 5 chai bia n\u1ed9i \u0111\u1ecba (S\u00e0i G\u00f2n \/ Larue), c\u00f9ng \u01b0u \u0111\u00e3i h\u1ea5p d\u1eabn gi\u1ea3m 10% cho bia th\u1ee7 c\u00f4ng [&hellip;]\" \/>\n<meta property=\"og:url\" content=\"https:\/\/www.thesignaturehoian.com\/vi\/specials-offers\/thu-gian-nang-ly\/\" \/>\n<meta property=\"og:site_name\" content=\"The Signature Hoi An\" \/>\n<meta property=\"article:modified_time\" content=\"2026-04-23T09:43:36+00:00\" \/>\n<meta property=\"og:image\" content=\"https:\/\/www.thesignaturehoian.com\/wp-content\/uploads\/sites\/125\/2026\/04\/Untitled-design-6.png\" \/>\n\t<meta property=\"og:image:width\" content=\"480\" \/>\n\t<meta property=\"og:image:height\" content=\"379\" \/>\n\t<meta property=\"og:image:type\" content=\"image\/png\" \/>\n<meta name=\"twitter:card\" content=\"summary_large_image\" \/>\n<meta name=\"twitter:label1\" content=\"Est. reading time\" \/>\n\t<meta name=\"twitter:data1\" content=\"1 minute\" \/>\n<script type=\"application\/ld+json\" class=\"yoast-schema-graph\">{\"@context\":\"https:\/\/schema.org\",\"@graph\":[{\"@type\":\"WebPage\",\"@id\":\"https:\/\/www.thesignaturehoian.com\/vi\/specials-offers\/thu-gian-nang-ly\/\",\"url\":\"https:\/\/www.thesignaturehoian.com\/vi\/specials-offers\/thu-gian-nang-ly\/\",\"name\":\"Th\u01b0 Gi\u00e3n &amp; N\u00e2ng Ly - The Signature Hoi An\",\"isPartOf\":{\"@id\":\"https:\/\/www.thesignaturehoian.com\/vi\/#website\"},\"primaryImageOfPage\":{\"@id\":\"https:\/\/www.thesignaturehoian.com\/vi\/specials-offers\/thu-gian-nang-ly\/#primaryimage\"},\"image\":{\"@id\":\"https:\/\/www.thesignaturehoian.com\/vi\/specials-offers\/thu-gian-nang-ly\/#primaryimage\"},\"thumbnailUrl\":\"https:\/\/www.thesignaturehoian.com\/wp-content\/uploads\/sites\/125\/2026\/04\/Untitled-design-6.png\",\"datePublished\":\"2026-04-23T09:33:01+00:00\",\"dateModified\":\"2026-04-23T09:43:36+00:00\",\"breadcrumb\":{\"@id\":\"https:\/\/www.thesignaturehoian.com\/vi\/specials-offers\/thu-gian-nang-ly\/#breadcrumb\"},\"inLanguage\":\"vi-VN\",\"potentialAction\":[{\"@type\":\"ReadAction\",\"target\":[\"https:\/\/www.thesignaturehoian.com\/vi\/specials-offers\/thu-gian-nang-ly\/\"]}]},{\"@type\":\"ImageObject\",\"inLanguage\":\"vi-VN\",\"@id\":\"https:\/\/www.thesignaturehoian.com\/vi\/specials-offers\/thu-gian-nang-ly\/#primaryimage\",\"url\":\"https:\/\/www.thesignaturehoian.com\/wp-content\/uploads\/sites\/125\/2026\/04\/Untitled-design-6.png\",\"contentUrl\":\"https:\/\/www.thesignaturehoian.com\/wp-content\/uploads\/sites\/125\/2026\/04\/Untitled-design-6.png\",\"width\":480,\"height\":379},{\"@type\":\"BreadcrumbList\",\"@id\":\"https:\/\/www.thesignaturehoian.com\/vi\/specials-offers\/thu-gian-nang-ly\/#breadcrumb\",\"itemListElement\":[{\"@type\":\"ListItem\",\"position\":1,\"name\":\"Home\",\"item\":\"https:\/\/www.thesignaturehoian.com\/vi\/\"},{\"@type\":\"ListItem\",\"position\":2,\"name\":\"\u01afU \u0110\u00c3I \u0110\u1eb6C BI\u1ec6T\",\"item\":\"https:\/\/www.thesignaturehoian.com\/vi\/specials-offers\/\"},{\"@type\":\"ListItem\",\"position\":3,\"name\":\"Th\u01b0 Gi\u00e3n &amp; N\u00e2ng Ly\"}]},{\"@type\":\"WebSite\",\"@id\":\"https:\/\/www.thesignaturehoian.com\/vi\/#website\",\"url\":\"https:\/\/www.thesignaturehoian.com\/vi\/\",\"name\":\"The Signature Hoi An\",\"description\":\"\",\"potentialAction\":[{\"@type\":\"SearchAction\",\"target\":{\"@type\":\"EntryPoint\",\"urlTemplate\":\"https:\/\/www.thesignaturehoian.com\/vi\/?s={search_term_string}\"},\"query-input\":\"required name=search_term_string\"}],\"inLanguage\":\"vi-VN\"}]}<\/script>\n<!-- \/ Yoast SEO plugin. -->","yoast_head_json":{"title":"Th\u01b0 Gi\u00e3n &amp; N\u00e2ng Ly - The Signature Hoi An","robots":{"index":"index","follow":"follow","max-snippet":"max-snippet:-1","max-image-preview":"max-image-preview:large","max-video-preview":"max-video-preview:-1"},"canonical":"https:\/\/www.thesignaturehoian.com\/vi\/specials-offers\/thu-gian-nang-ly\/","og_locale":"vi_VN","og_type":"article","og_title":"Th\u01b0 Gi\u00e3n &amp; N\u00e2ng Ly - The Signature Hoi An","og_description":"T\u1eadn h\u01b0\u1edfng nh\u1eefng ph\u00fat gi\u00e2y th\u01b0 gi\u00e3n \u0111\u00fang ngh\u0129a c\u00f9ng b\u1ea1n b\u00e8 trong kh\u00f4ng gian chill nh\u1eb9 nh\u00e0ng, b\u00ean nh\u1eefng ly bia m\u00e1t l\u1ea1nh s\u1ea3ng kho\u00e1i. Ch\u1ec9 v\u1edbi 250.000 VND, b\u1ea1n \u0111\u00e3 c\u00f3 ngay combo 5 chai bia n\u1ed9i \u0111\u1ecba (S\u00e0i G\u00f2n \/ Larue), c\u00f9ng \u01b0u \u0111\u00e3i h\u1ea5p d\u1eabn gi\u1ea3m 10% cho bia th\u1ee7 c\u00f4ng [&hellip;]","og_url":"https:\/\/www.thesignaturehoian.com\/vi\/specials-offers\/thu-gian-nang-ly\/","og_site_name":"The Signature Hoi An","article_modified_time":"2026-04-23T09:43:36+00:00","og_image":[{"width":480,"height":379,"url":"https:\/\/www.thesignaturehoian.com\/wp-content\/uploads\/sites\/125\/2026\/04\/Untitled-design-6.png","type":"image\/png"}],"twitter_card":"summary_large_image","twitter_misc":{"Est. reading time":"1 minute"},"schema":{"@context":"https:\/\/schema.org","@graph":[{"@type":"WebPage","@id":"https:\/\/www.thesignaturehoian.com\/vi\/specials-offers\/thu-gian-nang-ly\/","url":"https:\/\/www.thesignaturehoian.com\/vi\/specials-offers\/thu-gian-nang-ly\/","name":"Th\u01b0 Gi\u00e3n &amp; N\u00e2ng Ly - The Signature Hoi An","isPartOf":{"@id":"https:\/\/www.thesignaturehoian.com\/vi\/#website"},"primaryImageOfPage":{"@id":"https:\/\/www.thesignaturehoian.com\/vi\/specials-offers\/thu-gian-nang-ly\/#primaryimage"},"image":{"@id":"https:\/\/www.thesignaturehoian.com\/vi\/specials-offers\/thu-gian-nang-ly\/#primaryimage"},"thumbnailUrl":"https:\/\/www.thesignaturehoian.com\/wp-content\/uploads\/sites\/125\/2026\/04\/Untitled-design-6.png","datePublished":"2026-04-23T09:33:01+00:00","dateModified":"2026-04-23T09:43:36+00:00","breadcrumb":{"@id":"https:\/\/www.thesignaturehoian.com\/vi\/specials-offers\/thu-gian-nang-ly\/#breadcrumb"},"inLanguage":"vi-VN","potentialAction":[{"@type":"ReadAction","target":["https:\/\/www.thesignaturehoian.com\/vi\/specials-offers\/thu-gian-nang-ly\/"]}]},{"@type":"ImageObject","inLanguage":"vi-VN","@id":"https:\/\/www.thesignaturehoian.com\/vi\/specials-offers\/thu-gian-nang-ly\/#primaryimage","url":"https:\/\/www.thesignaturehoian.com\/wp-content\/uploads\/sites\/125\/2026\/04\/Untitled-design-6.png","contentUrl":"https:\/\/www.thesignaturehoian.com\/wp-content\/uploads\/sites\/125\/2026\/04\/Untitled-design-6.png","width":480,"height":379},{"@type":"BreadcrumbList","@id":"https:\/\/www.thesignaturehoian.com\/vi\/specials-offers\/thu-gian-nang-ly\/#breadcrumb","itemListElement":[{"@type":"ListItem","position":1,"name":"Home","item":"https:\/\/www.thesignaturehoian.com\/vi\/"},{"@type":"ListItem","position":2,"name":"\u01afU \u0110\u00c3I \u0110\u1eb6C BI\u1ec6T","item":"https:\/\/www.thesignaturehoian.com\/vi\/specials-offers\/"},{"@type":"ListItem","position":3,"name":"Th\u01b0 Gi\u00e3n &amp; N\u00e2ng Ly"}]},{"@type":"WebSite","@id":"https:\/\/www.thesignaturehoian.com\/vi\/#website","url":"https:\/\/www.thesignaturehoian.com\/vi\/","name":"The Signature Hoi An","description":"","potentialAction":[{"@type":"SearchAction","target":{"@type":"EntryPoint","urlTemplate":"https:\/\/www.thesignaturehoian.com\/vi\/?s={search_term_string}"},"query-input":"required name=search_term_string"}],"inLanguage":"vi-VN"}]}},"acf":[],"_links":{"self":[{"href":"https:\/\/www.thesignaturehoian.com\/vi\/wp-json\/wp\/v2\/pages\/574"}],"collection":[{"href":"https:\/\/www.thesignaturehoian.com\/vi\/wp-json\/wp\/v2\/pages"}],"about":[{"href":"https:\/\/www.thesignaturehoian.com\/vi\/wp-json\/wp\/v2\/types\/page"}],"author":[{"embeddable":true,"href":"https:\/\/www.thesignaturehoian.com\/vi\/wp-json\/wp\/v2\/users\/250"}],"replies":[{"embeddable":true,"href":"https:\/\/www.thesignaturehoian.com\/vi\/wp-json\/wp\/v2\/comments?post=574"}],"version-history":[{"count":0,"href":"https:\/\/www.thesignaturehoian.com\/vi\/wp-json\/wp\/v2\/pages\/574\/revisions"}],"up":[{"embeddable":true,"href":"https:\/\/www.thesignaturehoian.com\/vi\/wp-json\/wp\/v2\/pages\/243"}],"wp:featuredmedia":[{"embeddable":true,"href":"https:\/\/www.thesignaturehoian.com\/vi\/wp-json\/wp\/v2\/media\/573"}],"wp:attachment":[{"href":"https:\/\/www.thesignaturehoian.com\/vi\/wp-json\/wp\/v2\/media?parent=574"}],"curies":[{"name":"wp","href":"https:\/\/api.w.org\/{rel}","templated":true}]}}