{"id":565,"date":"2026-04-23T08:20:39","date_gmt":"2026-04-23T08:20:39","guid":{"rendered":"https:\/\/www.thesignaturehoian.com\/?page_id=565"},"modified":"2026-04-23T08:40:53","modified_gmt":"2026-04-23T08:40:53","slug":"tra-chieu","status":"publish","type":"page","link":"https:\/\/www.thesignaturehoian.com\/vi\/specials-offers\/tra-chieu\/","title":{"rendered":"Tr\u00e0 Chi\u1ec1u"},"content":{"rendered":"<p style=\"text-align: left\" data-start=\"0\" data-end=\"348\">Th\u01b0\u1edfng th\u1ee9c tr\u1ea3i nghi\u1ec7m Tr\u00e0 chi\u1ec1u H\u1ed9i An \u0111\u1eadm ch\u1ea5t truy\u1ec1n th\u1ed1ng ngay gi\u1eefa l\u00f2ng Ph\u1ed1 C\u1ed5 y\u00ean b\u00ecnh, n\u01a1i th\u1eddi gian d\u01b0\u1eddng nh\u01b0 ch\u1eadm l\u1ea1i \u0111\u1ec3 b\u1ea1n t\u1eadn h\u01b0\u1edfng t\u1eebng kho\u1ea3nh kh\u1eafc th\u01b0 th\u00e1i. Trong kh\u00f4ng gian \u1ea5m c\u00fang v\u00e0 tinh t\u1ebf, m\u1ed7i t\u00e1ch tr\u00e0, m\u1ed7i m\u00f3n b\u00e1nh \u0111\u1ec1u mang theo h\u01b0\u01a1ng v\u1ecb \u0111\u1eb7c tr\u01b0ng c\u1ee7a v\u00f9ng \u0111\u1ea5t di s\u1ea3n, t\u1ea1o n\u00ean m\u1ed9t bu\u1ed5i chi\u1ec1u nh\u1eb9 nh\u00e0ng, tr\u1ecdn v\u1eb9n v\u00e0 \u0111\u1ea7y c\u1ea3m x\u00fac.<\/p>\n<p style=\"text-align: left\" data-start=\"350\" data-end=\"413\"><strong data-start=\"350\" data-end=\"358\">Gi\u00e1:<\/strong> 300.000 VND \/ 2 kh\u00e1ch<br data-start=\"380\" data-end=\"383\" \/><strong data-start=\"383\" data-end=\"397\" data-is-only-node=\"\">Th\u1eddi gian:<\/strong> 14:00 \u2013 16:00<\/p>\n<p style=\"text-align: left\" data-start=\"415\" data-end=\"489\" data-is-last-node=\"\" data-is-only-node=\"\">Li\u00ean h\u1ec7 <strong data-start=\"423\" data-end=\"447\">+84 (0) 235 3962 969<\/strong> \u0111\u1ec3 kh\u00e1m ph\u00e1 tr\u1ecdn v\u1eb9n h\u01b0\u01a1ng v\u1ecb \u0111\u1ecba ph\u01b0\u01a1ng.<\/p>\n","protected":false},"excerpt":{"rendered":"<p>Th\u01b0\u1edfng th\u1ee9c tr\u1ea3i nghi\u1ec7m Tr\u00e0 chi\u1ec1u H\u1ed9i An \u0111\u1eadm ch\u1ea5t truy\u1ec1n th\u1ed1ng ngay gi\u1eefa l\u00f2ng Ph\u1ed1 C\u1ed5 y\u00ean b\u00ecnh, n\u01a1i th\u1eddi gian d\u01b0\u1eddng nh\u01b0 ch\u1eadm l\u1ea1i \u0111\u1ec3 b\u1ea1n t\u1eadn h\u01b0\u1edfng t\u1eebng kho\u1ea3nh kh\u1eafc th\u01b0 th\u00e1i. Trong kh\u00f4ng gian \u1ea5m c\u00fang v\u00e0 tinh t\u1ebf, m\u1ed7i t\u00e1ch tr\u00e0, m\u1ed7i m\u00f3n b\u00e1nh \u0111\u1ec1u mang theo h\u01b0\u01a1ng v\u1ecb \u0111\u1eb7c [&hellip;]<\/p>\n","protected":false},"author":250,"featured_media":558,"parent":243,"menu_order":0,"comment_status":"closed","ping_status":"closed","template":"template-single-offer.php","meta":{"footnotes":""},"yoast_head":"<!-- This site is optimized with the Yoast SEO plugin v22.3 - https:\/\/yoast.com\/wordpress\/plugins\/seo\/ -->\n<title>Tr\u00e0 Chi\u1ec1u - The Signature Hoi An<\/title>\n<meta name=\"robots\" content=\"index, follow, max-snippet:-1, max-image-preview:large, max-video-preview:-1\" \/>\n<link rel=\"canonical\" href=\"https:\/\/www.thesignaturehoian.com\/vi\/specials-offers\/tra-chieu\/\" \/>\n<meta property=\"og:locale\" content=\"vi_VN\" \/>\n<meta property=\"og:type\" content=\"article\" \/>\n<meta property=\"og:title\" content=\"Tr\u00e0 Chi\u1ec1u - The Signature Hoi An\" \/>\n<meta property=\"og:description\" content=\"Th\u01b0\u1edfng th\u1ee9c tr\u1ea3i nghi\u1ec7m Tr\u00e0 chi\u1ec1u H\u1ed9i An \u0111\u1eadm ch\u1ea5t truy\u1ec1n th\u1ed1ng ngay gi\u1eefa l\u00f2ng Ph\u1ed1 C\u1ed5 y\u00ean b\u00ecnh, n\u01a1i th\u1eddi gian d\u01b0\u1eddng nh\u01b0 ch\u1eadm l\u1ea1i \u0111\u1ec3 b\u1ea1n t\u1eadn h\u01b0\u1edfng t\u1eebng kho\u1ea3nh kh\u1eafc th\u01b0 th\u00e1i. Trong kh\u00f4ng gian \u1ea5m c\u00fang v\u00e0 tinh t\u1ebf, m\u1ed7i t\u00e1ch tr\u00e0, m\u1ed7i m\u00f3n b\u00e1nh \u0111\u1ec1u mang theo h\u01b0\u01a1ng v\u1ecb \u0111\u1eb7c [&hellip;]\" \/>\n<meta property=\"og:url\" content=\"https:\/\/www.thesignaturehoian.com\/vi\/specials-offers\/tra-chieu\/\" \/>\n<meta property=\"og:site_name\" content=\"The Signature Hoi An\" \/>\n<meta property=\"article:modified_time\" content=\"2026-04-23T08:40:53+00:00\" \/>\n<meta property=\"og:image\" content=\"https:\/\/www.thesignaturehoian.com\/wp-content\/uploads\/sites\/125\/2026\/04\/Tra-chieu_5.jpg\" \/>\n\t<meta property=\"og:image:width\" content=\"2200\" \/>\n\t<meta property=\"og:image:height\" content=\"1650\" \/>\n\t<meta property=\"og:image:type\" content=\"image\/jpeg\" \/>\n<meta name=\"twitter:card\" content=\"summary_large_image\" \/>\n<meta name=\"twitter:label1\" content=\"Est. reading time\" \/>\n\t<meta name=\"twitter:data1\" content=\"1 minute\" \/>\n<script type=\"application\/ld+json\" class=\"yoast-schema-graph\">{\"@context\":\"https:\/\/schema.org\",\"@graph\":[{\"@type\":\"WebPage\",\"@id\":\"https:\/\/www.thesignaturehoian.com\/vi\/specials-offers\/tra-chieu\/\",\"url\":\"https:\/\/www.thesignaturehoian.com\/vi\/specials-offers\/tra-chieu\/\",\"name\":\"Tr\u00e0 Chi\u1ec1u - The Signature Hoi An\",\"isPartOf\":{\"@id\":\"https:\/\/www.thesignaturehoian.com\/vi\/#website\"},\"primaryImageOfPage\":{\"@id\":\"https:\/\/www.thesignaturehoian.com\/vi\/specials-offers\/tra-chieu\/#primaryimage\"},\"image\":{\"@id\":\"https:\/\/www.thesignaturehoian.com\/vi\/specials-offers\/tra-chieu\/#primaryimage\"},\"thumbnailUrl\":\"https:\/\/www.thesignaturehoian.com\/wp-content\/uploads\/sites\/125\/2026\/04\/Tra-chieu_5.jpg\",\"datePublished\":\"2026-04-23T08:20:39+00:00\",\"dateModified\":\"2026-04-23T08:40:53+00:00\",\"breadcrumb\":{\"@id\":\"https:\/\/www.thesignaturehoian.com\/vi\/specials-offers\/tra-chieu\/#breadcrumb\"},\"inLanguage\":\"vi-VN\",\"potentialAction\":[{\"@type\":\"ReadAction\",\"target\":[\"https:\/\/www.thesignaturehoian.com\/vi\/specials-offers\/tra-chieu\/\"]}]},{\"@type\":\"ImageObject\",\"inLanguage\":\"vi-VN\",\"@id\":\"https:\/\/www.thesignaturehoian.com\/vi\/specials-offers\/tra-chieu\/#primaryimage\",\"url\":\"https:\/\/www.thesignaturehoian.com\/wp-content\/uploads\/sites\/125\/2026\/04\/Tra-chieu_5.jpg\",\"contentUrl\":\"https:\/\/www.thesignaturehoian.com\/wp-content\/uploads\/sites\/125\/2026\/04\/Tra-chieu_5.jpg\",\"width\":2200,\"height\":1650},{\"@type\":\"BreadcrumbList\",\"@id\":\"https:\/\/www.thesignaturehoian.com\/vi\/specials-offers\/tra-chieu\/#breadcrumb\",\"itemListElement\":[{\"@type\":\"ListItem\",\"position\":1,\"name\":\"Home\",\"item\":\"https:\/\/www.thesignaturehoian.com\/vi\/\"},{\"@type\":\"ListItem\",\"position\":2,\"name\":\"\u01afU \u0110\u00c3I \u0110\u1eb6C BI\u1ec6T\",\"item\":\"https:\/\/www.thesignaturehoian.com\/vi\/specials-offers\/\"},{\"@type\":\"ListItem\",\"position\":3,\"name\":\"Tr\u00e0 Chi\u1ec1u\"}]},{\"@type\":\"WebSite\",\"@id\":\"https:\/\/www.thesignaturehoian.com\/vi\/#website\",\"url\":\"https:\/\/www.thesignaturehoian.com\/vi\/\",\"name\":\"The Signature Hoi An\",\"description\":\"\",\"potentialAction\":[{\"@type\":\"SearchAction\",\"target\":{\"@type\":\"EntryPoint\",\"urlTemplate\":\"https:\/\/www.thesignaturehoian.com\/vi\/?s={search_term_string}\"},\"query-input\":\"required name=search_term_string\"}],\"inLanguage\":\"vi-VN\"}]}<\/script>\n<!-- \/ Yoast SEO plugin. -->","yoast_head_json":{"title":"Tr\u00e0 Chi\u1ec1u - The Signature Hoi An","robots":{"index":"index","follow":"follow","max-snippet":"max-snippet:-1","max-image-preview":"max-image-preview:large","max-video-preview":"max-video-preview:-1"},"canonical":"https:\/\/www.thesignaturehoian.com\/vi\/specials-offers\/tra-chieu\/","og_locale":"vi_VN","og_type":"article","og_title":"Tr\u00e0 Chi\u1ec1u - The Signature Hoi An","og_description":"Th\u01b0\u1edfng th\u1ee9c tr\u1ea3i nghi\u1ec7m Tr\u00e0 chi\u1ec1u H\u1ed9i An \u0111\u1eadm ch\u1ea5t truy\u1ec1n th\u1ed1ng ngay gi\u1eefa l\u00f2ng Ph\u1ed1 C\u1ed5 y\u00ean b\u00ecnh, n\u01a1i th\u1eddi gian d\u01b0\u1eddng nh\u01b0 ch\u1eadm l\u1ea1i \u0111\u1ec3 b\u1ea1n t\u1eadn h\u01b0\u1edfng t\u1eebng kho\u1ea3nh kh\u1eafc th\u01b0 th\u00e1i. Trong kh\u00f4ng gian \u1ea5m c\u00fang v\u00e0 tinh t\u1ebf, m\u1ed7i t\u00e1ch tr\u00e0, m\u1ed7i m\u00f3n b\u00e1nh \u0111\u1ec1u mang theo h\u01b0\u01a1ng v\u1ecb \u0111\u1eb7c [&hellip;]","og_url":"https:\/\/www.thesignaturehoian.com\/vi\/specials-offers\/tra-chieu\/","og_site_name":"The Signature Hoi An","article_modified_time":"2026-04-23T08:40:53+00:00","og_image":[{"width":2200,"height":1650,"url":"https:\/\/www.thesignaturehoian.com\/wp-content\/uploads\/sites\/125\/2026\/04\/Tra-chieu_5.jpg","type":"image\/jpeg"}],"twitter_card":"summary_large_image","twitter_misc":{"Est. reading time":"1 minute"},"schema":{"@context":"https:\/\/schema.org","@graph":[{"@type":"WebPage","@id":"https:\/\/www.thesignaturehoian.com\/vi\/specials-offers\/tra-chieu\/","url":"https:\/\/www.thesignaturehoian.com\/vi\/specials-offers\/tra-chieu\/","name":"Tr\u00e0 Chi\u1ec1u - The Signature Hoi An","isPartOf":{"@id":"https:\/\/www.thesignaturehoian.com\/vi\/#website"},"primaryImageOfPage":{"@id":"https:\/\/www.thesignaturehoian.com\/vi\/specials-offers\/tra-chieu\/#primaryimage"},"image":{"@id":"https:\/\/www.thesignaturehoian.com\/vi\/specials-offers\/tra-chieu\/#primaryimage"},"thumbnailUrl":"https:\/\/www.thesignaturehoian.com\/wp-content\/uploads\/sites\/125\/2026\/04\/Tra-chieu_5.jpg","datePublished":"2026-04-23T08:20:39+00:00","dateModified":"2026-04-23T08:40:53+00:00","breadcrumb":{"@id":"https:\/\/www.thesignaturehoian.com\/vi\/specials-offers\/tra-chieu\/#breadcrumb"},"inLanguage":"vi-VN","potentialAction":[{"@type":"ReadAction","target":["https:\/\/www.thesignaturehoian.com\/vi\/specials-offers\/tra-chieu\/"]}]},{"@type":"ImageObject","inLanguage":"vi-VN","@id":"https:\/\/www.thesignaturehoian.com\/vi\/specials-offers\/tra-chieu\/#primaryimage","url":"https:\/\/www.thesignaturehoian.com\/wp-content\/uploads\/sites\/125\/2026\/04\/Tra-chieu_5.jpg","contentUrl":"https:\/\/www.thesignaturehoian.com\/wp-content\/uploads\/sites\/125\/2026\/04\/Tra-chieu_5.jpg","width":2200,"height":1650},{"@type":"BreadcrumbList","@id":"https:\/\/www.thesignaturehoian.com\/vi\/specials-offers\/tra-chieu\/#breadcrumb","itemListElement":[{"@type":"ListItem","position":1,"name":"Home","item":"https:\/\/www.thesignaturehoian.com\/vi\/"},{"@type":"ListItem","position":2,"name":"\u01afU \u0110\u00c3I \u0110\u1eb6C BI\u1ec6T","item":"https:\/\/www.thesignaturehoian.com\/vi\/specials-offers\/"},{"@type":"ListItem","position":3,"name":"Tr\u00e0 Chi\u1ec1u"}]},{"@type":"WebSite","@id":"https:\/\/www.thesignaturehoian.com\/vi\/#website","url":"https:\/\/www.thesignaturehoian.com\/vi\/","name":"The Signature Hoi An","description":"","potentialAction":[{"@type":"SearchAction","target":{"@type":"EntryPoint","urlTemplate":"https:\/\/www.thesignaturehoian.com\/vi\/?s={search_term_string}"},"query-input":"required name=search_term_string"}],"inLanguage":"vi-VN"}]}},"acf":[],"_links":{"self":[{"href":"https:\/\/www.thesignaturehoian.com\/vi\/wp-json\/wp\/v2\/pages\/565"}],"collection":[{"href":"https:\/\/www.thesignaturehoian.com\/vi\/wp-json\/wp\/v2\/pages"}],"about":[{"href":"https:\/\/www.thesignaturehoian.com\/vi\/wp-json\/wp\/v2\/types\/page"}],"author":[{"embeddable":true,"href":"https:\/\/www.thesignaturehoian.com\/vi\/wp-json\/wp\/v2\/users\/250"}],"replies":[{"embeddable":true,"href":"https:\/\/www.thesignaturehoian.com\/vi\/wp-json\/wp\/v2\/comments?post=565"}],"version-history":[{"count":0,"href":"https:\/\/www.thesignaturehoian.com\/vi\/wp-json\/wp\/v2\/pages\/565\/revisions"}],"up":[{"embeddable":true,"href":"https:\/\/www.thesignaturehoian.com\/vi\/wp-json\/wp\/v2\/pages\/243"}],"wp:featuredmedia":[{"embeddable":true,"href":"https:\/\/www.thesignaturehoian.com\/vi\/wp-json\/wp\/v2\/media\/558"}],"wp:attachment":[{"href":"https:\/\/www.thesignaturehoian.com\/vi\/wp-json\/wp\/v2\/media?parent=565"}],"curies":[{"name":"wp","href":"https:\/\/api.w.org\/{rel}","templated":true}]}}