{"id":554,"date":"2026-04-23T06:59:15","date_gmt":"2026-04-23T06:59:15","guid":{"rendered":"https:\/\/www.thesignaturehoian.com\/?page_id=554"},"modified":"2026-04-23T07:10:41","modified_gmt":"2026-04-23T07:10:41","slug":"trai-nghiem-lop-lam-coffee-muoi","status":"publish","type":"page","link":"https:\/\/www.thesignaturehoian.com\/vi\/services-amenities\/trai-nghiem-lop-lam-coffee-muoi\/","title":{"rendered":"Tr\u1ea3i Nghi\u1ec7m L\u1edbp L\u00e0m C\u00e0 Ph\u00ea Mu\u1ed1i"},"content":{"rendered":"<div class=\"\" data-turn-id-container=\"497a354e-9e6e-4a70-8dc3-37a6c8b088dd\" data-is-intersecting=\"true\"><\/div>\n<div class=\"\" data-turn-id-container=\"request-69e9701b-9534-8322-93a4-36ac61683a00-16\" data-is-intersecting=\"true\">\n<section class=\"text-token-text-primary w-full focus:outline-none [--shadow-height:45px] has-data-writing-block:pointer-events-none has-data-writing-block:-mt-(--shadow-height) has-data-writing-block:pt-(--shadow-height) [&amp;:has([data-writing-block])&gt;*]:pointer-events-auto R6Vx5W_threadScrollVars scroll-mb-[calc(var(--scroll-root-safe-area-inset-bottom,0px)+var(--thread-response-height))] scroll-mt-[calc(var(--header-height)+min(200px,max(70px,20svh)))]\" dir=\"auto\" data-turn-id=\"request-69e9701b-9534-8322-93a4-36ac61683a00-16\" data-testid=\"conversation-turn-80\" data-scroll-anchor=\"false\" data-turn=\"assistant\">\n<div class=\"text-base my-auto mx-auto [--thread-content-margin:var(--thread-content-margin-xs,calc(var(--spacing)*4))] @w-sm\/main:[--thread-content-margin:var(--thread-content-margin-sm,calc(var(--spacing)*6))] @w-lg\/main:[--thread-content-margin:var(--thread-content-margin-lg,calc(var(--spacing)*16))] px-(--thread-content-margin)\">\n<div class=\"[--thread-content-max-width:40rem] @w-lg\/main:[--thread-content-max-width:48rem] mx-auto max-w-(--thread-content-max-width) flex-1 group\/turn-messages focus-visible:outline-hidden relative flex w-full min-w-0 flex-col agent-turn\">\n<div class=\"flex max-w-full flex-col gap-4 grow\">\n<div class=\"min-h-8 text-message relative flex w-full flex-col items-end gap-2 text-start break-words whitespace-normal outline-none keyboard-focused:focus-ring [.text-message+&amp;]:mt-1\" dir=\"auto\" data-message-author-role=\"assistant\" data-message-id=\"3c03f3b9-faff-4d28-b8f7-81fd73f75a1f\" data-message-model-slug=\"gpt-5-3\">\n<div class=\"flex w-full flex-col gap-1 empty:hidden\">\n<div class=\"markdown prose dark:prose-invert w-full wrap-break-word light markdown-new-styling\">\n<p style=\"text-align: left\" data-start=\"0\" data-end=\"153\">Tr\u1ea3i nghi\u1ec7m <strong data-start=\"12\" data-end=\"45\">l\u00e0m c\u00e0 ph\u00ea mu\u1ed1i chu\u1ea9n v\u1ecb Vi\u1ec7t<\/strong> c\u00f9ng \u0111\u1ed9i ng\u0169 pha ch\u1ebf c\u1ee7a ch\u00fang t\u00f4i \u2013 n\u01a1i b\u1ea1n c\u00f3 th\u1ec3 t\u1ef1 tay t\u1ea1o n\u00ean m\u1ed9t ly c\u00e0 ph\u00ea \u0111\u1eadm \u0111\u00e0, mang d\u1ea5u \u1ea5n ri\u00eang.<\/p>\n<p style=\"text-align: left\" data-start=\"155\" data-end=\"288\"><strong data-start=\"155\" data-end=\"169\">Th\u1eddi gian:<\/strong> Th\u1ee9 2, Th\u1ee9 4, Th\u1ee9 6 &amp; Ch\u1ee7 nh\u1eadt | 14:30 \u2013 15:30<br data-start=\"216\" data-end=\"219\" \/><strong data-start=\"219\" data-end=\"230\" data-is-only-node=\"\">\u01afu \u0111\u00e3i:<\/strong> Ho\u1ea1t \u0111\u1ed9ng ho\u00e0n to\u00e0n mi\u1ec5n ph\u00ed d\u00e0nh ri\u00eang cho kh\u00e1ch l\u01b0u tr\u00fa<\/p>\n<p style=\"text-align: left\" data-start=\"290\" data-end=\"373\" data-is-last-node=\"\" data-is-only-node=\"\">Nhanh tay tham gia \u0111\u1ec3 c\u1ea3m nh\u1eadn tr\u1ecdn v\u1eb9n h\u01b0\u01a1ng v\u1ecb c\u00e0 ph\u00ea Vi\u1ec7t theo c\u00e1ch th\u00fa v\u1ecb nh\u1ea5t!<\/p>\n<\/div>\n<\/div>\n<\/div>\n<\/div>\n<\/div>\n<\/div>\n<\/section>\n<\/div>\n","protected":false},"excerpt":{"rendered":"<p>Tr\u1ea3i nghi\u1ec7m l\u00e0m c\u00e0 ph\u00ea mu\u1ed1i chu\u1ea9n v\u1ecb Vi\u1ec7t c\u00f9ng \u0111\u1ed9i ng\u0169 pha ch\u1ebf c\u1ee7a ch\u00fang t\u00f4i \u2013 n\u01a1i b\u1ea1n c\u00f3 th\u1ec3 t\u1ef1 tay t\u1ea1o n\u00ean m\u1ed9t ly c\u00e0 ph\u00ea \u0111\u1eadm \u0111\u00e0, mang d\u1ea5u \u1ea5n ri\u00eang. Th\u1eddi gian: Th\u1ee9 2, Th\u1ee9 4, Th\u1ee9 6 &amp; Ch\u1ee7 nh\u1eadt | 14:30 \u2013 15:30\u01afu \u0111\u00e3i: Ho\u1ea1t \u0111\u1ed9ng ho\u00e0n [&hellip;]<\/p>\n","protected":false},"author":250,"featured_media":545,"parent":239,"menu_order":0,"comment_status":"closed","ping_status":"closed","template":"template-default-2.php","meta":{"footnotes":""},"yoast_head":"<!-- This site is optimized with the Yoast SEO plugin v22.3 - https:\/\/yoast.com\/wordpress\/plugins\/seo\/ -->\n<title>Tr\u1ea3i Nghi\u1ec7m L\u1edbp L\u00e0m C\u00e0 Ph\u00ea Mu\u1ed1i - The Signature Hoi An<\/title>\n<meta name=\"robots\" content=\"index, follow, max-snippet:-1, max-image-preview:large, max-video-preview:-1\" \/>\n<link rel=\"canonical\" href=\"https:\/\/www.thesignaturehoian.com\/vi\/services-amenities\/trai-nghiem-lop-lam-coffee-muoi\/\" \/>\n<meta property=\"og:locale\" content=\"vi_VN\" \/>\n<meta property=\"og:type\" content=\"article\" \/>\n<meta property=\"og:title\" content=\"Tr\u1ea3i Nghi\u1ec7m L\u1edbp L\u00e0m C\u00e0 Ph\u00ea Mu\u1ed1i - The Signature Hoi An\" \/>\n<meta property=\"og:description\" content=\"Tr\u1ea3i nghi\u1ec7m l\u00e0m c\u00e0 ph\u00ea mu\u1ed1i chu\u1ea9n v\u1ecb Vi\u1ec7t c\u00f9ng \u0111\u1ed9i ng\u0169 pha ch\u1ebf c\u1ee7a ch\u00fang t\u00f4i \u2013 n\u01a1i b\u1ea1n c\u00f3 th\u1ec3 t\u1ef1 tay t\u1ea1o n\u00ean m\u1ed9t ly c\u00e0 ph\u00ea \u0111\u1eadm \u0111\u00e0, mang d\u1ea5u \u1ea5n ri\u00eang. Th\u1eddi gian: Th\u1ee9 2, Th\u1ee9 4, Th\u1ee9 6 &amp; Ch\u1ee7 nh\u1eadt | 14:30 \u2013 15:30\u01afu \u0111\u00e3i: Ho\u1ea1t \u0111\u1ed9ng ho\u00e0n [&hellip;]\" \/>\n<meta property=\"og:url\" content=\"https:\/\/www.thesignaturehoian.com\/vi\/services-amenities\/trai-nghiem-lop-lam-coffee-muoi\/\" \/>\n<meta property=\"og:site_name\" content=\"The Signature Hoi An\" \/>\n<meta property=\"article:modified_time\" content=\"2026-04-23T07:10:41+00:00\" \/>\n<meta property=\"og:image\" content=\"https:\/\/www.thesignaturehoian.com\/wp-content\/uploads\/sites\/125\/2026\/04\/THE-SIGNATURE-part2-206-1.jpg\" \/>\n\t<meta property=\"og:image:width\" content=\"2200\" \/>\n\t<meta property=\"og:image:height\" content=\"1467\" \/>\n\t<meta property=\"og:image:type\" content=\"image\/jpeg\" \/>\n<meta name=\"twitter:card\" content=\"summary_large_image\" \/>\n<meta name=\"twitter:label1\" content=\"Est. reading time\" \/>\n\t<meta name=\"twitter:data1\" content=\"1 minute\" \/>\n<script type=\"application\/ld+json\" class=\"yoast-schema-graph\">{\"@context\":\"https:\/\/schema.org\",\"@graph\":[{\"@type\":\"WebPage\",\"@id\":\"https:\/\/www.thesignaturehoian.com\/vi\/services-amenities\/trai-nghiem-lop-lam-coffee-muoi\/\",\"url\":\"https:\/\/www.thesignaturehoian.com\/vi\/services-amenities\/trai-nghiem-lop-lam-coffee-muoi\/\",\"name\":\"Tr\u1ea3i Nghi\u1ec7m L\u1edbp L\u00e0m C\u00e0 Ph\u00ea Mu\u1ed1i - The Signature Hoi An\",\"isPartOf\":{\"@id\":\"https:\/\/www.thesignaturehoian.com\/vi\/#website\"},\"primaryImageOfPage\":{\"@id\":\"https:\/\/www.thesignaturehoian.com\/vi\/services-amenities\/trai-nghiem-lop-lam-coffee-muoi\/#primaryimage\"},\"image\":{\"@id\":\"https:\/\/www.thesignaturehoian.com\/vi\/services-amenities\/trai-nghiem-lop-lam-coffee-muoi\/#primaryimage\"},\"thumbnailUrl\":\"https:\/\/www.thesignaturehoian.com\/wp-content\/uploads\/sites\/125\/2026\/04\/THE-SIGNATURE-part2-206-1.jpg\",\"datePublished\":\"2026-04-23T06:59:15+00:00\",\"dateModified\":\"2026-04-23T07:10:41+00:00\",\"breadcrumb\":{\"@id\":\"https:\/\/www.thesignaturehoian.com\/vi\/services-amenities\/trai-nghiem-lop-lam-coffee-muoi\/#breadcrumb\"},\"inLanguage\":\"vi-VN\",\"potentialAction\":[{\"@type\":\"ReadAction\",\"target\":[\"https:\/\/www.thesignaturehoian.com\/vi\/services-amenities\/trai-nghiem-lop-lam-coffee-muoi\/\"]}]},{\"@type\":\"ImageObject\",\"inLanguage\":\"vi-VN\",\"@id\":\"https:\/\/www.thesignaturehoian.com\/vi\/services-amenities\/trai-nghiem-lop-lam-coffee-muoi\/#primaryimage\",\"url\":\"https:\/\/www.thesignaturehoian.com\/wp-content\/uploads\/sites\/125\/2026\/04\/THE-SIGNATURE-part2-206-1.jpg\",\"contentUrl\":\"https:\/\/www.thesignaturehoian.com\/wp-content\/uploads\/sites\/125\/2026\/04\/THE-SIGNATURE-part2-206-1.jpg\",\"width\":2200,\"height\":1467},{\"@type\":\"BreadcrumbList\",\"@id\":\"https:\/\/www.thesignaturehoian.com\/vi\/services-amenities\/trai-nghiem-lop-lam-coffee-muoi\/#breadcrumb\",\"itemListElement\":[{\"@type\":\"ListItem\",\"position\":1,\"name\":\"Home\",\"item\":\"https:\/\/www.thesignaturehoian.com\/vi\/\"},{\"@type\":\"ListItem\",\"position\":2,\"name\":\"D\u1ecbch V\u1ee5 &amp; Ti\u1ec7n \u00cdch\",\"item\":\"https:\/\/www.thesignaturehoian.com\/vi\/services-amenities\/\"},{\"@type\":\"ListItem\",\"position\":3,\"name\":\"Tr\u1ea3i Nghi\u1ec7m L\u1edbp L\u00e0m C\u00e0 Ph\u00ea Mu\u1ed1i\"}]},{\"@type\":\"WebSite\",\"@id\":\"https:\/\/www.thesignaturehoian.com\/vi\/#website\",\"url\":\"https:\/\/www.thesignaturehoian.com\/vi\/\",\"name\":\"The Signature Hoi An\",\"description\":\"\",\"potentialAction\":[{\"@type\":\"SearchAction\",\"target\":{\"@type\":\"EntryPoint\",\"urlTemplate\":\"https:\/\/www.thesignaturehoian.com\/vi\/?s={search_term_string}\"},\"query-input\":\"required name=search_term_string\"}],\"inLanguage\":\"vi-VN\"}]}<\/script>\n<!-- \/ Yoast SEO plugin. -->","yoast_head_json":{"title":"Tr\u1ea3i Nghi\u1ec7m L\u1edbp L\u00e0m C\u00e0 Ph\u00ea Mu\u1ed1i - The Signature Hoi An","robots":{"index":"index","follow":"follow","max-snippet":"max-snippet:-1","max-image-preview":"max-image-preview:large","max-video-preview":"max-video-preview:-1"},"canonical":"https:\/\/www.thesignaturehoian.com\/vi\/services-amenities\/trai-nghiem-lop-lam-coffee-muoi\/","og_locale":"vi_VN","og_type":"article","og_title":"Tr\u1ea3i Nghi\u1ec7m L\u1edbp L\u00e0m C\u00e0 Ph\u00ea Mu\u1ed1i - The Signature Hoi An","og_description":"Tr\u1ea3i nghi\u1ec7m l\u00e0m c\u00e0 ph\u00ea mu\u1ed1i chu\u1ea9n v\u1ecb Vi\u1ec7t c\u00f9ng \u0111\u1ed9i ng\u0169 pha ch\u1ebf c\u1ee7a ch\u00fang t\u00f4i \u2013 n\u01a1i b\u1ea1n c\u00f3 th\u1ec3 t\u1ef1 tay t\u1ea1o n\u00ean m\u1ed9t ly c\u00e0 ph\u00ea \u0111\u1eadm \u0111\u00e0, mang d\u1ea5u \u1ea5n ri\u00eang. Th\u1eddi gian: Th\u1ee9 2, Th\u1ee9 4, Th\u1ee9 6 &amp; Ch\u1ee7 nh\u1eadt | 14:30 \u2013 15:30\u01afu \u0111\u00e3i: Ho\u1ea1t \u0111\u1ed9ng ho\u00e0n [&hellip;]","og_url":"https:\/\/www.thesignaturehoian.com\/vi\/services-amenities\/trai-nghiem-lop-lam-coffee-muoi\/","og_site_name":"The Signature Hoi An","article_modified_time":"2026-04-23T07:10:41+00:00","og_image":[{"width":2200,"height":1467,"url":"https:\/\/www.thesignaturehoian.com\/wp-content\/uploads\/sites\/125\/2026\/04\/THE-SIGNATURE-part2-206-1.jpg","type":"image\/jpeg"}],"twitter_card":"summary_large_image","twitter_misc":{"Est. reading time":"1 minute"},"schema":{"@context":"https:\/\/schema.org","@graph":[{"@type":"WebPage","@id":"https:\/\/www.thesignaturehoian.com\/vi\/services-amenities\/trai-nghiem-lop-lam-coffee-muoi\/","url":"https:\/\/www.thesignaturehoian.com\/vi\/services-amenities\/trai-nghiem-lop-lam-coffee-muoi\/","name":"Tr\u1ea3i Nghi\u1ec7m L\u1edbp L\u00e0m C\u00e0 Ph\u00ea Mu\u1ed1i - The Signature Hoi An","isPartOf":{"@id":"https:\/\/www.thesignaturehoian.com\/vi\/#website"},"primaryImageOfPage":{"@id":"https:\/\/www.thesignaturehoian.com\/vi\/services-amenities\/trai-nghiem-lop-lam-coffee-muoi\/#primaryimage"},"image":{"@id":"https:\/\/www.thesignaturehoian.com\/vi\/services-amenities\/trai-nghiem-lop-lam-coffee-muoi\/#primaryimage"},"thumbnailUrl":"https:\/\/www.thesignaturehoian.com\/wp-content\/uploads\/sites\/125\/2026\/04\/THE-SIGNATURE-part2-206-1.jpg","datePublished":"2026-04-23T06:59:15+00:00","dateModified":"2026-04-23T07:10:41+00:00","breadcrumb":{"@id":"https:\/\/www.thesignaturehoian.com\/vi\/services-amenities\/trai-nghiem-lop-lam-coffee-muoi\/#breadcrumb"},"inLanguage":"vi-VN","potentialAction":[{"@type":"ReadAction","target":["https:\/\/www.thesignaturehoian.com\/vi\/services-amenities\/trai-nghiem-lop-lam-coffee-muoi\/"]}]},{"@type":"ImageObject","inLanguage":"vi-VN","@id":"https:\/\/www.thesignaturehoian.com\/vi\/services-amenities\/trai-nghiem-lop-lam-coffee-muoi\/#primaryimage","url":"https:\/\/www.thesignaturehoian.com\/wp-content\/uploads\/sites\/125\/2026\/04\/THE-SIGNATURE-part2-206-1.jpg","contentUrl":"https:\/\/www.thesignaturehoian.com\/wp-content\/uploads\/sites\/125\/2026\/04\/THE-SIGNATURE-part2-206-1.jpg","width":2200,"height":1467},{"@type":"BreadcrumbList","@id":"https:\/\/www.thesignaturehoian.com\/vi\/services-amenities\/trai-nghiem-lop-lam-coffee-muoi\/#breadcrumb","itemListElement":[{"@type":"ListItem","position":1,"name":"Home","item":"https:\/\/www.thesignaturehoian.com\/vi\/"},{"@type":"ListItem","position":2,"name":"D\u1ecbch V\u1ee5 &amp; Ti\u1ec7n \u00cdch","item":"https:\/\/www.thesignaturehoian.com\/vi\/services-amenities\/"},{"@type":"ListItem","position":3,"name":"Tr\u1ea3i Nghi\u1ec7m L\u1edbp L\u00e0m C\u00e0 Ph\u00ea Mu\u1ed1i"}]},{"@type":"WebSite","@id":"https:\/\/www.thesignaturehoian.com\/vi\/#website","url":"https:\/\/www.thesignaturehoian.com\/vi\/","name":"The Signature Hoi An","description":"","potentialAction":[{"@type":"SearchAction","target":{"@type":"EntryPoint","urlTemplate":"https:\/\/www.thesignaturehoian.com\/vi\/?s={search_term_string}"},"query-input":"required name=search_term_string"}],"inLanguage":"vi-VN"}]}},"acf":[],"_links":{"self":[{"href":"https:\/\/www.thesignaturehoian.com\/vi\/wp-json\/wp\/v2\/pages\/554"}],"collection":[{"href":"https:\/\/www.thesignaturehoian.com\/vi\/wp-json\/wp\/v2\/pages"}],"about":[{"href":"https:\/\/www.thesignaturehoian.com\/vi\/wp-json\/wp\/v2\/types\/page"}],"author":[{"embeddable":true,"href":"https:\/\/www.thesignaturehoian.com\/vi\/wp-json\/wp\/v2\/users\/250"}],"replies":[{"embeddable":true,"href":"https:\/\/www.thesignaturehoian.com\/vi\/wp-json\/wp\/v2\/comments?post=554"}],"version-history":[{"count":0,"href":"https:\/\/www.thesignaturehoian.com\/vi\/wp-json\/wp\/v2\/pages\/554\/revisions"}],"up":[{"embeddable":true,"href":"https:\/\/www.thesignaturehoian.com\/vi\/wp-json\/wp\/v2\/pages\/239"}],"wp:featuredmedia":[{"embeddable":true,"href":"https:\/\/www.thesignaturehoian.com\/vi\/wp-json\/wp\/v2\/media\/545"}],"wp:attachment":[{"href":"https:\/\/www.thesignaturehoian.com\/vi\/wp-json\/wp\/v2\/media?parent=554"}],"curies":[{"name":"wp","href":"https:\/\/api.w.org\/{rel}","templated":true}]}}