{"id":541,"date":"2026-04-23T06:31:26","date_gmt":"2026-04-23T06:31:26","guid":{"rendered":"https:\/\/www.thesignaturehoian.com\/?page_id=541"},"modified":"2026-04-23T08:48:20","modified_gmt":"2026-04-23T08:48:20","slug":"goi-trang-tri-phong-tuan-trang-mat","status":"publish","type":"page","link":"https:\/\/www.thesignaturehoian.com\/vi\/specials-offers\/goi-trang-tri-phong-tuan-trang-mat\/","title":{"rendered":"G\u00f3i Trang Tr\u00ed Ph\u00f2ng Tu\u1ea7n Tr\u0103ng M\u1eadt"},"content":{"rendered":"<p style=\"text-align: left\">G\u00f3i trang tr\u00ed tu\u1ea7n tr\u0103ng m\u1eadt \u0111\u01b0\u1ee3c thi\u1ebft k\u1ebf tinh t\u1ebf \u0111\u1ec3 t\u1ea1o n\u00ean kh\u00f4ng gian l\u00e3ng m\u1ea1n tr\u1ecdn v\u1eb9n cho nh\u1eefng kho\u1ea3nh kh\u1eafc \u0111\u00e1ng nh\u1edb. Ph\u00f2ng ngh\u1ec9 \u0111\u01b0\u1ee3c trang tr\u00ed v\u1edbi b\u00f3ng bay ng\u1ecdt ng\u00e0o, c\u00e1nh hoa r\u1ea3i nh\u1eb9 tr\u00ean gi\u01b0\u1eddng, \u0111i\u1ec3m xuy\u1ebft c\u00f9ng c\u00e0nh hoa t\u01b0\u01a1i v\u00e0 b\u00e1nh honeymoon xinh x\u1eafn \u2013 t\u1ea5t c\u1ea3 h\u00f2a quy\u1ec7n t\u1ea1o n\u00ean m\u1ed9t tr\u1ea3i nghi\u1ec7m ng\u1eadp tr\u00e0n c\u1ea3m x\u00fac y\u00eau th\u01b0\u01a1ng.<\/p>\n<p style=\"text-align: left\"><strong>Gi\u00e1: 1.500.000 VND<\/strong><\/p>\n<p style=\"text-align: left\" data-pm-slice=\"1 1 []\">Vui l\u00f2ng li\u00ean h\u1ec7 +84 (0) 235 3962 969 \u0111\u1ec3 \u0111\u1eb7t d\u1ecbch v\u1ee5 tr\u01b0\u1edbc ng\u00e0y \u0111\u1ebfn \u00edt nh\u1ea5t 1 ng\u00e0y<\/p>\n","protected":false},"excerpt":{"rendered":"<p>G\u00f3i trang tr\u00ed tu\u1ea7n tr\u0103ng m\u1eadt \u0111\u01b0\u1ee3c thi\u1ebft k\u1ebf tinh t\u1ebf \u0111\u1ec3 t\u1ea1o n\u00ean kh\u00f4ng gian l\u00e3ng m\u1ea1n tr\u1ecdn v\u1eb9n cho nh\u1eefng kho\u1ea3nh kh\u1eafc \u0111\u00e1ng nh\u1edb. Ph\u00f2ng ngh\u1ec9 \u0111\u01b0\u1ee3c trang tr\u00ed v\u1edbi b\u00f3ng bay ng\u1ecdt ng\u00e0o, c\u00e1nh hoa r\u1ea3i nh\u1eb9 tr\u00ean gi\u01b0\u1eddng, \u0111i\u1ec3m xuy\u1ebft c\u00f9ng c\u00e0nh hoa t\u01b0\u01a1i v\u00e0 b\u00e1nh honeymoon xinh x\u1eafn \u2013 t\u1ea5t [&hellip;]<\/p>\n","protected":false},"author":250,"featured_media":538,"parent":243,"menu_order":0,"comment_status":"closed","ping_status":"closed","template":"template-single-offer.php","meta":{"footnotes":""},"yoast_head":"<!-- This site is optimized with the Yoast SEO plugin v22.3 - https:\/\/yoast.com\/wordpress\/plugins\/seo\/ -->\n<title>G\u00f3i Trang Tr\u00ed Ph\u00f2ng Tu\u1ea7n Tr\u0103ng M\u1eadt - The Signature Hoi An<\/title>\n<meta name=\"robots\" content=\"index, follow, max-snippet:-1, max-image-preview:large, max-video-preview:-1\" \/>\n<link rel=\"canonical\" href=\"https:\/\/www.thesignaturehoian.com\/vi\/specials-offers\/goi-trang-tri-phong-tuan-trang-mat\/\" \/>\n<meta property=\"og:locale\" content=\"vi_VN\" \/>\n<meta property=\"og:type\" content=\"article\" \/>\n<meta property=\"og:title\" content=\"G\u00f3i Trang Tr\u00ed Ph\u00f2ng Tu\u1ea7n Tr\u0103ng M\u1eadt - The Signature Hoi An\" \/>\n<meta property=\"og:description\" content=\"G\u00f3i trang tr\u00ed tu\u1ea7n tr\u0103ng m\u1eadt \u0111\u01b0\u1ee3c thi\u1ebft k\u1ebf tinh t\u1ebf \u0111\u1ec3 t\u1ea1o n\u00ean kh\u00f4ng gian l\u00e3ng m\u1ea1n tr\u1ecdn v\u1eb9n cho nh\u1eefng kho\u1ea3nh kh\u1eafc \u0111\u00e1ng nh\u1edb. Ph\u00f2ng ngh\u1ec9 \u0111\u01b0\u1ee3c trang tr\u00ed v\u1edbi b\u00f3ng bay ng\u1ecdt ng\u00e0o, c\u00e1nh hoa r\u1ea3i nh\u1eb9 tr\u00ean gi\u01b0\u1eddng, \u0111i\u1ec3m xuy\u1ebft c\u00f9ng c\u00e0nh hoa t\u01b0\u01a1i v\u00e0 b\u00e1nh honeymoon xinh x\u1eafn \u2013 t\u1ea5t [&hellip;]\" \/>\n<meta property=\"og:url\" content=\"https:\/\/www.thesignaturehoian.com\/vi\/specials-offers\/goi-trang-tri-phong-tuan-trang-mat\/\" \/>\n<meta property=\"og:site_name\" content=\"The Signature Hoi An\" \/>\n<meta property=\"article:modified_time\" content=\"2026-04-23T08:48:20+00:00\" \/>\n<meta property=\"og:image\" content=\"https:\/\/www.thesignaturehoian.com\/wp-content\/uploads\/sites\/125\/2026\/04\/Gemini_Generated_Image_4vurjr4vurjr4vur-1024x686.png\" \/>\n\t<meta property=\"og:image:width\" content=\"1024\" \/>\n\t<meta property=\"og:image:height\" content=\"686\" \/>\n\t<meta property=\"og:image:type\" content=\"image\/png\" \/>\n<meta name=\"twitter:card\" content=\"summary_large_image\" \/>\n<meta name=\"twitter:label1\" content=\"Est. reading time\" \/>\n\t<meta name=\"twitter:data1\" content=\"1 minute\" \/>\n<script type=\"application\/ld+json\" class=\"yoast-schema-graph\">{\"@context\":\"https:\/\/schema.org\",\"@graph\":[{\"@type\":\"WebPage\",\"@id\":\"https:\/\/www.thesignaturehoian.com\/vi\/specials-offers\/goi-trang-tri-phong-tuan-trang-mat\/\",\"url\":\"https:\/\/www.thesignaturehoian.com\/vi\/specials-offers\/goi-trang-tri-phong-tuan-trang-mat\/\",\"name\":\"G\u00f3i Trang Tr\u00ed Ph\u00f2ng Tu\u1ea7n Tr\u0103ng M\u1eadt - The Signature Hoi An\",\"isPartOf\":{\"@id\":\"https:\/\/www.thesignaturehoian.com\/vi\/#website\"},\"primaryImageOfPage\":{\"@id\":\"https:\/\/www.thesignaturehoian.com\/vi\/specials-offers\/goi-trang-tri-phong-tuan-trang-mat\/#primaryimage\"},\"image\":{\"@id\":\"https:\/\/www.thesignaturehoian.com\/vi\/specials-offers\/goi-trang-tri-phong-tuan-trang-mat\/#primaryimage\"},\"thumbnailUrl\":\"https:\/\/www.thesignaturehoian.com\/wp-content\/uploads\/sites\/125\/2026\/04\/Gemini_Generated_Image_4vurjr4vurjr4vur.png\",\"datePublished\":\"2026-04-23T06:31:26+00:00\",\"dateModified\":\"2026-04-23T08:48:20+00:00\",\"breadcrumb\":{\"@id\":\"https:\/\/www.thesignaturehoian.com\/vi\/specials-offers\/goi-trang-tri-phong-tuan-trang-mat\/#breadcrumb\"},\"inLanguage\":\"vi-VN\",\"potentialAction\":[{\"@type\":\"ReadAction\",\"target\":[\"https:\/\/www.thesignaturehoian.com\/vi\/specials-offers\/goi-trang-tri-phong-tuan-trang-mat\/\"]}]},{\"@type\":\"ImageObject\",\"inLanguage\":\"vi-VN\",\"@id\":\"https:\/\/www.thesignaturehoian.com\/vi\/specials-offers\/goi-trang-tri-phong-tuan-trang-mat\/#primaryimage\",\"url\":\"https:\/\/www.thesignaturehoian.com\/wp-content\/uploads\/sites\/125\/2026\/04\/Gemini_Generated_Image_4vurjr4vurjr4vur.png\",\"contentUrl\":\"https:\/\/www.thesignaturehoian.com\/wp-content\/uploads\/sites\/125\/2026\/04\/Gemini_Generated_Image_4vurjr4vurjr4vur.png\",\"width\":2200,\"height\":1474},{\"@type\":\"BreadcrumbList\",\"@id\":\"https:\/\/www.thesignaturehoian.com\/vi\/specials-offers\/goi-trang-tri-phong-tuan-trang-mat\/#breadcrumb\",\"itemListElement\":[{\"@type\":\"ListItem\",\"position\":1,\"name\":\"Home\",\"item\":\"https:\/\/www.thesignaturehoian.com\/vi\/\"},{\"@type\":\"ListItem\",\"position\":2,\"name\":\"\u01afU \u0110\u00c3I \u0110\u1eb6C BI\u1ec6T\",\"item\":\"https:\/\/www.thesignaturehoian.com\/vi\/specials-offers\/\"},{\"@type\":\"ListItem\",\"position\":3,\"name\":\"G\u00f3i Trang Tr\u00ed Ph\u00f2ng Tu\u1ea7n Tr\u0103ng M\u1eadt\"}]},{\"@type\":\"WebSite\",\"@id\":\"https:\/\/www.thesignaturehoian.com\/vi\/#website\",\"url\":\"https:\/\/www.thesignaturehoian.com\/vi\/\",\"name\":\"The Signature Hoi An\",\"description\":\"\",\"potentialAction\":[{\"@type\":\"SearchAction\",\"target\":{\"@type\":\"EntryPoint\",\"urlTemplate\":\"https:\/\/www.thesignaturehoian.com\/vi\/?s={search_term_string}\"},\"query-input\":\"required name=search_term_string\"}],\"inLanguage\":\"vi-VN\"}]}<\/script>\n<!-- \/ Yoast SEO plugin. -->","yoast_head_json":{"title":"G\u00f3i Trang Tr\u00ed Ph\u00f2ng Tu\u1ea7n Tr\u0103ng M\u1eadt - The Signature Hoi An","robots":{"index":"index","follow":"follow","max-snippet":"max-snippet:-1","max-image-preview":"max-image-preview:large","max-video-preview":"max-video-preview:-1"},"canonical":"https:\/\/www.thesignaturehoian.com\/vi\/specials-offers\/goi-trang-tri-phong-tuan-trang-mat\/","og_locale":"vi_VN","og_type":"article","og_title":"G\u00f3i Trang Tr\u00ed Ph\u00f2ng Tu\u1ea7n Tr\u0103ng M\u1eadt - The Signature Hoi An","og_description":"G\u00f3i trang tr\u00ed tu\u1ea7n tr\u0103ng m\u1eadt \u0111\u01b0\u1ee3c thi\u1ebft k\u1ebf tinh t\u1ebf \u0111\u1ec3 t\u1ea1o n\u00ean kh\u00f4ng gian l\u00e3ng m\u1ea1n tr\u1ecdn v\u1eb9n cho nh\u1eefng kho\u1ea3nh kh\u1eafc \u0111\u00e1ng nh\u1edb. Ph\u00f2ng ngh\u1ec9 \u0111\u01b0\u1ee3c trang tr\u00ed v\u1edbi b\u00f3ng bay ng\u1ecdt ng\u00e0o, c\u00e1nh hoa r\u1ea3i nh\u1eb9 tr\u00ean gi\u01b0\u1eddng, \u0111i\u1ec3m xuy\u1ebft c\u00f9ng c\u00e0nh hoa t\u01b0\u01a1i v\u00e0 b\u00e1nh honeymoon xinh x\u1eafn \u2013 t\u1ea5t [&hellip;]","og_url":"https:\/\/www.thesignaturehoian.com\/vi\/specials-offers\/goi-trang-tri-phong-tuan-trang-mat\/","og_site_name":"The Signature Hoi An","article_modified_time":"2026-04-23T08:48:20+00:00","og_image":[{"width":1024,"height":686,"url":"https:\/\/www.thesignaturehoian.com\/wp-content\/uploads\/sites\/125\/2026\/04\/Gemini_Generated_Image_4vurjr4vurjr4vur-1024x686.png","type":"image\/png"}],"twitter_card":"summary_large_image","twitter_misc":{"Est. reading time":"1 minute"},"schema":{"@context":"https:\/\/schema.org","@graph":[{"@type":"WebPage","@id":"https:\/\/www.thesignaturehoian.com\/vi\/specials-offers\/goi-trang-tri-phong-tuan-trang-mat\/","url":"https:\/\/www.thesignaturehoian.com\/vi\/specials-offers\/goi-trang-tri-phong-tuan-trang-mat\/","name":"G\u00f3i Trang Tr\u00ed Ph\u00f2ng Tu\u1ea7n Tr\u0103ng M\u1eadt - The Signature Hoi An","isPartOf":{"@id":"https:\/\/www.thesignaturehoian.com\/vi\/#website"},"primaryImageOfPage":{"@id":"https:\/\/www.thesignaturehoian.com\/vi\/specials-offers\/goi-trang-tri-phong-tuan-trang-mat\/#primaryimage"},"image":{"@id":"https:\/\/www.thesignaturehoian.com\/vi\/specials-offers\/goi-trang-tri-phong-tuan-trang-mat\/#primaryimage"},"thumbnailUrl":"https:\/\/www.thesignaturehoian.com\/wp-content\/uploads\/sites\/125\/2026\/04\/Gemini_Generated_Image_4vurjr4vurjr4vur.png","datePublished":"2026-04-23T06:31:26+00:00","dateModified":"2026-04-23T08:48:20+00:00","breadcrumb":{"@id":"https:\/\/www.thesignaturehoian.com\/vi\/specials-offers\/goi-trang-tri-phong-tuan-trang-mat\/#breadcrumb"},"inLanguage":"vi-VN","potentialAction":[{"@type":"ReadAction","target":["https:\/\/www.thesignaturehoian.com\/vi\/specials-offers\/goi-trang-tri-phong-tuan-trang-mat\/"]}]},{"@type":"ImageObject","inLanguage":"vi-VN","@id":"https:\/\/www.thesignaturehoian.com\/vi\/specials-offers\/goi-trang-tri-phong-tuan-trang-mat\/#primaryimage","url":"https:\/\/www.thesignaturehoian.com\/wp-content\/uploads\/sites\/125\/2026\/04\/Gemini_Generated_Image_4vurjr4vurjr4vur.png","contentUrl":"https:\/\/www.thesignaturehoian.com\/wp-content\/uploads\/sites\/125\/2026\/04\/Gemini_Generated_Image_4vurjr4vurjr4vur.png","width":2200,"height":1474},{"@type":"BreadcrumbList","@id":"https:\/\/www.thesignaturehoian.com\/vi\/specials-offers\/goi-trang-tri-phong-tuan-trang-mat\/#breadcrumb","itemListElement":[{"@type":"ListItem","position":1,"name":"Home","item":"https:\/\/www.thesignaturehoian.com\/vi\/"},{"@type":"ListItem","position":2,"name":"\u01afU \u0110\u00c3I \u0110\u1eb6C BI\u1ec6T","item":"https:\/\/www.thesignaturehoian.com\/vi\/specials-offers\/"},{"@type":"ListItem","position":3,"name":"G\u00f3i Trang Tr\u00ed Ph\u00f2ng Tu\u1ea7n Tr\u0103ng M\u1eadt"}]},{"@type":"WebSite","@id":"https:\/\/www.thesignaturehoian.com\/vi\/#website","url":"https:\/\/www.thesignaturehoian.com\/vi\/","name":"The Signature Hoi An","description":"","potentialAction":[{"@type":"SearchAction","target":{"@type":"EntryPoint","urlTemplate":"https:\/\/www.thesignaturehoian.com\/vi\/?s={search_term_string}"},"query-input":"required name=search_term_string"}],"inLanguage":"vi-VN"}]}},"acf":[],"_links":{"self":[{"href":"https:\/\/www.thesignaturehoian.com\/vi\/wp-json\/wp\/v2\/pages\/541"}],"collection":[{"href":"https:\/\/www.thesignaturehoian.com\/vi\/wp-json\/wp\/v2\/pages"}],"about":[{"href":"https:\/\/www.thesignaturehoian.com\/vi\/wp-json\/wp\/v2\/types\/page"}],"author":[{"embeddable":true,"href":"https:\/\/www.thesignaturehoian.com\/vi\/wp-json\/wp\/v2\/users\/250"}],"replies":[{"embeddable":true,"href":"https:\/\/www.thesignaturehoian.com\/vi\/wp-json\/wp\/v2\/comments?post=541"}],"version-history":[{"count":0,"href":"https:\/\/www.thesignaturehoian.com\/vi\/wp-json\/wp\/v2\/pages\/541\/revisions"}],"up":[{"embeddable":true,"href":"https:\/\/www.thesignaturehoian.com\/vi\/wp-json\/wp\/v2\/pages\/243"}],"wp:featuredmedia":[{"embeddable":true,"href":"https:\/\/www.thesignaturehoian.com\/vi\/wp-json\/wp\/v2\/media\/538"}],"wp:attachment":[{"href":"https:\/\/www.thesignaturehoian.com\/vi\/wp-json\/wp\/v2\/media?parent=541"}],"curies":[{"name":"wp","href":"https:\/\/api.w.org\/{rel}","templated":true}]}}