{"id":534,"date":"2026-04-23T03:57:02","date_gmt":"2026-04-23T03:57:02","guid":{"rendered":"https:\/\/www.thesignaturehoian.com\/?page_id=534"},"modified":"2026-04-23T09:53:47","modified_gmt":"2026-04-23T09:53:47","slug":"thuong-thuc-tra-hibicus-mien-phi","status":"publish","type":"page","link":"https:\/\/www.thesignaturehoian.com\/vi\/specials-offers\/thuong-thuc-tra-hibicus-mien-phi\/","title":{"rendered":"Th\u01b0\u1edfng Th\u1ee9c Tr\u00e0 Hibicus Mi\u1ec5n Ph\u00ed"},"content":{"rendered":"<p style=\"text-align: left\" data-start=\"0\" data-end=\"65\">\u0110\u1eebng b\u1ecf l\u1ee1 ch\u01b0\u01a1ng tr\u00ecnh \u01b0u \u0111\u00e3i h\u1ea5p d\u1eabn t\u1ea1i nh\u00e0 h\u00e0ng Ngon Ph\u1ed1 H\u1ed9i!<\/p>\n<p style=\"text-align: left\" data-start=\"67\" data-end=\"256\">Ch\u1ec9 c\u1ea7n check-in v\u00e0 g\u1eafn th\u1ebb nh\u00e0 h\u00e0ng c\u1ee7a ch\u00fang t\u00f4i tr\u00ean trang m\u1ea1ng x\u00e3 h\u1ed9i c\u1ee7a b\u1ea1n, v\u1edbi m\u1ed7i l\u01b0\u1ee3t check-in h\u1ee3p l\u1ec7, b\u1ea1n s\u1ebd nh\u1eadn ngay <strong data-start=\"166\" data-end=\"206\">01 ly tr\u00e0 Hibiscus m\u00e1t l\u1ea1nh mi\u1ec5n ph\u00ed<\/strong>, gi\u00fap gi\u1ea3i nhi\u1ec7t v\u00e0 n\u00e2ng t\u1ea7m tr\u1ea3i nghi\u1ec7m \u1ea9m th\u1ef1c.<\/p>\n<p style=\"text-align: left\" data-start=\"258\" data-end=\"293\"><strong data-start=\"258\" data-end=\"280\">Th\u1eddi gian \u00e1p d\u1ee5ng:<\/strong> Th\u00e1ng 5\/2026<\/p>\n<p style=\"text-align: left\" data-start=\"295\" data-end=\"337\">Nhanh tay \u0111\u1eb7t b\u00e0n v\u00e0 \u0111\u1ebfn tr\u1ea3i nghi\u1ec7m ngay!<\/p>\n<p style=\"text-align: left\" data-start=\"339\" data-end=\"413\" data-is-last-node=\"\" data-is-only-node=\"\">Li\u00ean h\u1ec7 <strong data-start=\"347\" data-end=\"371\">+84 (0) 235 3962 969<\/strong> \u0111\u1ec3 kh\u00e1m ph\u00e1 tr\u1ecdn v\u1eb9n h\u01b0\u01a1ng v\u1ecb \u0111\u1ecba ph\u01b0\u01a1ng.<\/p>\n","protected":false},"excerpt":{"rendered":"<p>\u0110\u1eebng b\u1ecf l\u1ee1 ch\u01b0\u01a1ng tr\u00ecnh \u01b0u \u0111\u00e3i h\u1ea5p d\u1eabn t\u1ea1i nh\u00e0 h\u00e0ng Ngon Ph\u1ed1 H\u1ed9i! Ch\u1ec9 c\u1ea7n check-in v\u00e0 g\u1eafn th\u1ebb nh\u00e0 h\u00e0ng c\u1ee7a ch\u00fang t\u00f4i tr\u00ean trang m\u1ea1ng x\u00e3 h\u1ed9i c\u1ee7a b\u1ea1n, v\u1edbi m\u1ed7i l\u01b0\u1ee3t check-in h\u1ee3p l\u1ec7, b\u1ea1n s\u1ebd nh\u1eadn ngay 01 ly tr\u00e0 Hibiscus m\u00e1t l\u1ea1nh mi\u1ec5n ph\u00ed, gi\u00fap gi\u1ea3i nhi\u1ec7t v\u00e0 [&hellip;]<\/p>\n","protected":false},"author":250,"featured_media":530,"parent":243,"menu_order":0,"comment_status":"closed","ping_status":"closed","template":"template-single-offer.php","meta":{"footnotes":""},"yoast_head":"<!-- This site is optimized with the Yoast SEO plugin v22.3 - https:\/\/yoast.com\/wordpress\/plugins\/seo\/ -->\n<title>Th\u01b0\u1edfng Th\u1ee9c Tr\u00e0 Hibicus Mi\u1ec5n Ph\u00ed - The Signature Hoi An<\/title>\n<meta name=\"robots\" content=\"index, follow, max-snippet:-1, max-image-preview:large, max-video-preview:-1\" \/>\n<link rel=\"canonical\" href=\"https:\/\/www.thesignaturehoian.com\/vi\/specials-offers\/thuong-thuc-tra-hibicus-mien-phi\/\" \/>\n<meta property=\"og:locale\" content=\"vi_VN\" \/>\n<meta property=\"og:type\" content=\"article\" \/>\n<meta property=\"og:title\" content=\"Th\u01b0\u1edfng Th\u1ee9c Tr\u00e0 Hibicus Mi\u1ec5n Ph\u00ed - The Signature Hoi An\" \/>\n<meta property=\"og:description\" content=\"\u0110\u1eebng b\u1ecf l\u1ee1 ch\u01b0\u01a1ng tr\u00ecnh \u01b0u \u0111\u00e3i h\u1ea5p d\u1eabn t\u1ea1i nh\u00e0 h\u00e0ng Ngon Ph\u1ed1 H\u1ed9i! Ch\u1ec9 c\u1ea7n check-in v\u00e0 g\u1eafn th\u1ebb nh\u00e0 h\u00e0ng c\u1ee7a ch\u00fang t\u00f4i tr\u00ean trang m\u1ea1ng x\u00e3 h\u1ed9i c\u1ee7a b\u1ea1n, v\u1edbi m\u1ed7i l\u01b0\u1ee3t check-in h\u1ee3p l\u1ec7, b\u1ea1n s\u1ebd nh\u1eadn ngay 01 ly tr\u00e0 Hibiscus m\u00e1t l\u1ea1nh mi\u1ec5n ph\u00ed, gi\u00fap gi\u1ea3i nhi\u1ec7t v\u00e0 [&hellip;]\" \/>\n<meta property=\"og:url\" content=\"https:\/\/www.thesignaturehoian.com\/vi\/specials-offers\/thuong-thuc-tra-hibicus-mien-phi\/\" \/>\n<meta property=\"og:site_name\" content=\"The Signature Hoi An\" \/>\n<meta property=\"article:modified_time\" content=\"2026-04-23T09:53:47+00:00\" \/>\n<meta property=\"og:image\" content=\"https:\/\/www.thesignaturehoian.com\/wp-content\/uploads\/sites\/125\/2026\/04\/IMG_8066-1.jpg\" \/>\n\t<meta property=\"og:image:width\" content=\"1652\" \/>\n\t<meta property=\"og:image:height\" content=\"2200\" \/>\n\t<meta property=\"og:image:type\" content=\"image\/jpeg\" \/>\n<meta name=\"twitter:card\" content=\"summary_large_image\" \/>\n<meta name=\"twitter:label1\" content=\"Est. reading time\" \/>\n\t<meta name=\"twitter:data1\" content=\"1 minute\" \/>\n<script type=\"application\/ld+json\" class=\"yoast-schema-graph\">{\"@context\":\"https:\/\/schema.org\",\"@graph\":[{\"@type\":\"WebPage\",\"@id\":\"https:\/\/www.thesignaturehoian.com\/vi\/specials-offers\/thuong-thuc-tra-hibicus-mien-phi\/\",\"url\":\"https:\/\/www.thesignaturehoian.com\/vi\/specials-offers\/thuong-thuc-tra-hibicus-mien-phi\/\",\"name\":\"Th\u01b0\u1edfng Th\u1ee9c Tr\u00e0 Hibicus Mi\u1ec5n Ph\u00ed - The Signature Hoi An\",\"isPartOf\":{\"@id\":\"https:\/\/www.thesignaturehoian.com\/vi\/#website\"},\"primaryImageOfPage\":{\"@id\":\"https:\/\/www.thesignaturehoian.com\/vi\/specials-offers\/thuong-thuc-tra-hibicus-mien-phi\/#primaryimage\"},\"image\":{\"@id\":\"https:\/\/www.thesignaturehoian.com\/vi\/specials-offers\/thuong-thuc-tra-hibicus-mien-phi\/#primaryimage\"},\"thumbnailUrl\":\"https:\/\/www.thesignaturehoian.com\/wp-content\/uploads\/sites\/125\/2026\/04\/IMG_8066-1.jpg\",\"datePublished\":\"2026-04-23T03:57:02+00:00\",\"dateModified\":\"2026-04-23T09:53:47+00:00\",\"breadcrumb\":{\"@id\":\"https:\/\/www.thesignaturehoian.com\/vi\/specials-offers\/thuong-thuc-tra-hibicus-mien-phi\/#breadcrumb\"},\"inLanguage\":\"vi-VN\",\"potentialAction\":[{\"@type\":\"ReadAction\",\"target\":[\"https:\/\/www.thesignaturehoian.com\/vi\/specials-offers\/thuong-thuc-tra-hibicus-mien-phi\/\"]}]},{\"@type\":\"ImageObject\",\"inLanguage\":\"vi-VN\",\"@id\":\"https:\/\/www.thesignaturehoian.com\/vi\/specials-offers\/thuong-thuc-tra-hibicus-mien-phi\/#primaryimage\",\"url\":\"https:\/\/www.thesignaturehoian.com\/wp-content\/uploads\/sites\/125\/2026\/04\/IMG_8066-1.jpg\",\"contentUrl\":\"https:\/\/www.thesignaturehoian.com\/wp-content\/uploads\/sites\/125\/2026\/04\/IMG_8066-1.jpg\",\"width\":1652,\"height\":2200},{\"@type\":\"BreadcrumbList\",\"@id\":\"https:\/\/www.thesignaturehoian.com\/vi\/specials-offers\/thuong-thuc-tra-hibicus-mien-phi\/#breadcrumb\",\"itemListElement\":[{\"@type\":\"ListItem\",\"position\":1,\"name\":\"Home\",\"item\":\"https:\/\/www.thesignaturehoian.com\/vi\/\"},{\"@type\":\"ListItem\",\"position\":2,\"name\":\"\u01afU \u0110\u00c3I \u0110\u1eb6C BI\u1ec6T\",\"item\":\"https:\/\/www.thesignaturehoian.com\/vi\/specials-offers\/\"},{\"@type\":\"ListItem\",\"position\":3,\"name\":\"Th\u01b0\u1edfng Th\u1ee9c Tr\u00e0 Hibicus Mi\u1ec5n Ph\u00ed\"}]},{\"@type\":\"WebSite\",\"@id\":\"https:\/\/www.thesignaturehoian.com\/vi\/#website\",\"url\":\"https:\/\/www.thesignaturehoian.com\/vi\/\",\"name\":\"The Signature Hoi An\",\"description\":\"\",\"potentialAction\":[{\"@type\":\"SearchAction\",\"target\":{\"@type\":\"EntryPoint\",\"urlTemplate\":\"https:\/\/www.thesignaturehoian.com\/vi\/?s={search_term_string}\"},\"query-input\":\"required name=search_term_string\"}],\"inLanguage\":\"vi-VN\"}]}<\/script>\n<!-- \/ Yoast SEO plugin. -->","yoast_head_json":{"title":"Th\u01b0\u1edfng Th\u1ee9c Tr\u00e0 Hibicus Mi\u1ec5n Ph\u00ed - The Signature Hoi An","robots":{"index":"index","follow":"follow","max-snippet":"max-snippet:-1","max-image-preview":"max-image-preview:large","max-video-preview":"max-video-preview:-1"},"canonical":"https:\/\/www.thesignaturehoian.com\/vi\/specials-offers\/thuong-thuc-tra-hibicus-mien-phi\/","og_locale":"vi_VN","og_type":"article","og_title":"Th\u01b0\u1edfng Th\u1ee9c Tr\u00e0 Hibicus Mi\u1ec5n Ph\u00ed - The Signature Hoi An","og_description":"\u0110\u1eebng b\u1ecf l\u1ee1 ch\u01b0\u01a1ng tr\u00ecnh \u01b0u \u0111\u00e3i h\u1ea5p d\u1eabn t\u1ea1i nh\u00e0 h\u00e0ng Ngon Ph\u1ed1 H\u1ed9i! Ch\u1ec9 c\u1ea7n check-in v\u00e0 g\u1eafn th\u1ebb nh\u00e0 h\u00e0ng c\u1ee7a ch\u00fang t\u00f4i tr\u00ean trang m\u1ea1ng x\u00e3 h\u1ed9i c\u1ee7a b\u1ea1n, v\u1edbi m\u1ed7i l\u01b0\u1ee3t check-in h\u1ee3p l\u1ec7, b\u1ea1n s\u1ebd nh\u1eadn ngay 01 ly tr\u00e0 Hibiscus m\u00e1t l\u1ea1nh mi\u1ec5n ph\u00ed, gi\u00fap gi\u1ea3i nhi\u1ec7t v\u00e0 [&hellip;]","og_url":"https:\/\/www.thesignaturehoian.com\/vi\/specials-offers\/thuong-thuc-tra-hibicus-mien-phi\/","og_site_name":"The Signature Hoi An","article_modified_time":"2026-04-23T09:53:47+00:00","og_image":[{"width":1652,"height":2200,"url":"https:\/\/www.thesignaturehoian.com\/wp-content\/uploads\/sites\/125\/2026\/04\/IMG_8066-1.jpg","type":"image\/jpeg"}],"twitter_card":"summary_large_image","twitter_misc":{"Est. reading time":"1 minute"},"schema":{"@context":"https:\/\/schema.org","@graph":[{"@type":"WebPage","@id":"https:\/\/www.thesignaturehoian.com\/vi\/specials-offers\/thuong-thuc-tra-hibicus-mien-phi\/","url":"https:\/\/www.thesignaturehoian.com\/vi\/specials-offers\/thuong-thuc-tra-hibicus-mien-phi\/","name":"Th\u01b0\u1edfng Th\u1ee9c Tr\u00e0 Hibicus Mi\u1ec5n Ph\u00ed - The Signature Hoi An","isPartOf":{"@id":"https:\/\/www.thesignaturehoian.com\/vi\/#website"},"primaryImageOfPage":{"@id":"https:\/\/www.thesignaturehoian.com\/vi\/specials-offers\/thuong-thuc-tra-hibicus-mien-phi\/#primaryimage"},"image":{"@id":"https:\/\/www.thesignaturehoian.com\/vi\/specials-offers\/thuong-thuc-tra-hibicus-mien-phi\/#primaryimage"},"thumbnailUrl":"https:\/\/www.thesignaturehoian.com\/wp-content\/uploads\/sites\/125\/2026\/04\/IMG_8066-1.jpg","datePublished":"2026-04-23T03:57:02+00:00","dateModified":"2026-04-23T09:53:47+00:00","breadcrumb":{"@id":"https:\/\/www.thesignaturehoian.com\/vi\/specials-offers\/thuong-thuc-tra-hibicus-mien-phi\/#breadcrumb"},"inLanguage":"vi-VN","potentialAction":[{"@type":"ReadAction","target":["https:\/\/www.thesignaturehoian.com\/vi\/specials-offers\/thuong-thuc-tra-hibicus-mien-phi\/"]}]},{"@type":"ImageObject","inLanguage":"vi-VN","@id":"https:\/\/www.thesignaturehoian.com\/vi\/specials-offers\/thuong-thuc-tra-hibicus-mien-phi\/#primaryimage","url":"https:\/\/www.thesignaturehoian.com\/wp-content\/uploads\/sites\/125\/2026\/04\/IMG_8066-1.jpg","contentUrl":"https:\/\/www.thesignaturehoian.com\/wp-content\/uploads\/sites\/125\/2026\/04\/IMG_8066-1.jpg","width":1652,"height":2200},{"@type":"BreadcrumbList","@id":"https:\/\/www.thesignaturehoian.com\/vi\/specials-offers\/thuong-thuc-tra-hibicus-mien-phi\/#breadcrumb","itemListElement":[{"@type":"ListItem","position":1,"name":"Home","item":"https:\/\/www.thesignaturehoian.com\/vi\/"},{"@type":"ListItem","position":2,"name":"\u01afU \u0110\u00c3I \u0110\u1eb6C BI\u1ec6T","item":"https:\/\/www.thesignaturehoian.com\/vi\/specials-offers\/"},{"@type":"ListItem","position":3,"name":"Th\u01b0\u1edfng Th\u1ee9c Tr\u00e0 Hibicus Mi\u1ec5n Ph\u00ed"}]},{"@type":"WebSite","@id":"https:\/\/www.thesignaturehoian.com\/vi\/#website","url":"https:\/\/www.thesignaturehoian.com\/vi\/","name":"The Signature Hoi An","description":"","potentialAction":[{"@type":"SearchAction","target":{"@type":"EntryPoint","urlTemplate":"https:\/\/www.thesignaturehoian.com\/vi\/?s={search_term_string}"},"query-input":"required name=search_term_string"}],"inLanguage":"vi-VN"}]}},"acf":[],"_links":{"self":[{"href":"https:\/\/www.thesignaturehoian.com\/vi\/wp-json\/wp\/v2\/pages\/534"}],"collection":[{"href":"https:\/\/www.thesignaturehoian.com\/vi\/wp-json\/wp\/v2\/pages"}],"about":[{"href":"https:\/\/www.thesignaturehoian.com\/vi\/wp-json\/wp\/v2\/types\/page"}],"author":[{"embeddable":true,"href":"https:\/\/www.thesignaturehoian.com\/vi\/wp-json\/wp\/v2\/users\/250"}],"replies":[{"embeddable":true,"href":"https:\/\/www.thesignaturehoian.com\/vi\/wp-json\/wp\/v2\/comments?post=534"}],"version-history":[{"count":0,"href":"https:\/\/www.thesignaturehoian.com\/vi\/wp-json\/wp\/v2\/pages\/534\/revisions"}],"up":[{"embeddable":true,"href":"https:\/\/www.thesignaturehoian.com\/vi\/wp-json\/wp\/v2\/pages\/243"}],"wp:featuredmedia":[{"embeddable":true,"href":"https:\/\/www.thesignaturehoian.com\/vi\/wp-json\/wp\/v2\/media\/530"}],"wp:attachment":[{"href":"https:\/\/www.thesignaturehoian.com\/vi\/wp-json\/wp\/v2\/media?parent=534"}],"curies":[{"name":"wp","href":"https:\/\/api.w.org\/{rel}","templated":true}]}}