{"id":511,"date":"2026-04-23T02:16:39","date_gmt":"2026-04-23T02:16:39","guid":{"rendered":"https:\/\/www.thesignaturehoian.com\/?page_id=511"},"modified":"2026-04-23T08:54:26","modified_gmt":"2026-04-23T08:54:26","slug":"mam-com-hoi-an","status":"publish","type":"page","link":"https:\/\/www.thesignaturehoian.com\/vi\/specials-offers\/mam-com-hoi-an\/","title":{"rendered":"M\u00e2m C\u01a1m H\u1ed9i An"},"content":{"rendered":"<p style=\"text-align: left\">M\u1ed9t m\u00e2m c\u01a1m tr\u00f2n \u0111\u1ea7y, n\u01a1i nh\u1eefng m\u00f3n \u0103n quen thu\u1ed9c \u0111\u01b0\u1ee3c n\u00e2ng niu trong t\u1eebng chi ti\u1ebft. L\u1ef1a ch\u1ecdn l\u00fd t\u01b0\u1edfng \u0111\u1ec3 c\u00f9ng nhau s\u1ebb chia h\u01b0\u01a1ng v\u1ecb H\u1ed9i An theo c\u00e1ch ch\u00e2n th\u1eadt v\u00e0 g\u1ea7n g\u0169i nh\u1ea5t.<\/p>\n<h2 style=\"text-align: left\" data-start=\"0\" data-end=\"12\"><strong data-start=\"0\" data-end=\"12\">TH\u1ef0C \u0110\u01a0N<\/strong><\/h2>\n<ul data-start=\"14\" data-end=\"174\">\n<li style=\"text-align: left\" data-section-id=\"1in2zz3\" data-start=\"14\" data-end=\"32\">G\u1ecfi g\u00e0 x\u00e9 phay<\/li>\n<li style=\"text-align: left\" data-section-id=\"1kj7ay3\" data-start=\"33\" data-end=\"46\">C\u00e1 kho t\u1ed9<\/li>\n<li style=\"text-align: left\" data-section-id=\"1t8b9zn\" data-start=\"47\" data-end=\"67\">Heo lu\u1ed9c d\u01b0a gi\u00e1<\/li>\n<li style=\"text-align: left\" data-section-id=\"njzl7v\" data-start=\"68\" data-end=\"89\">Tr\u1ee9ng \u0111\u00fac h\u00e0nh c\u00e0<\/li>\n<li style=\"text-align: left\" data-section-id=\"soe39n\" data-start=\"90\" data-end=\"111\">Rau mu\u1ed1ng x\u00e0o t\u1ecfi<\/li>\n<li style=\"text-align: left\" data-section-id=\"1j428nv\" data-start=\"112\" data-end=\"138\">Canh m\u1ed3ng t\u01a1i cua \u0111\u1ed3ng<\/li>\n<li style=\"text-align: left\" data-section-id=\"qe3k1z\" data-start=\"139\" data-end=\"152\">C\u01a1m tr\u1eafng<\/li>\n<li style=\"text-align: left\" data-section-id=\"16t10wt\" data-start=\"153\" data-end=\"174\">Tr\u00e1i c\u00e2y theo m\u00f9a<\/li>\n<\/ul>\n<p style=\"text-align: left\" data-start=\"176\" data-end=\"206\" data-is-last-node=\"\" data-is-only-node=\"\"><strong data-start=\"176\" data-end=\"206\" data-is-last-node=\"\">Gi\u00e1: 990.000 VND \/ 4 kh\u00e1ch<\/strong><\/p>\n<p style=\"text-align: left\" data-start=\"176\" data-end=\"206\" data-is-last-node=\"\" data-is-only-node=\"\">\u0110\u1ec3 \u0111\u01b0\u1ee3c t\u01b0 v\u1ea5n v\u00e0 \u0111\u1eb7t ch\u1ed7, vui l\u00f2ng li\u00ean h\u1ec7 <strong>+84 (0) 235 3962 969.<\/strong><\/p>\n","protected":false},"excerpt":{"rendered":"<p>M\u1ed9t m\u00e2m c\u01a1m tr\u00f2n \u0111\u1ea7y, n\u01a1i nh\u1eefng m\u00f3n \u0103n quen thu\u1ed9c \u0111\u01b0\u1ee3c n\u00e2ng niu trong t\u1eebng chi ti\u1ebft. L\u1ef1a ch\u1ecdn l\u00fd t\u01b0\u1edfng \u0111\u1ec3 c\u00f9ng nhau s\u1ebb chia h\u01b0\u01a1ng v\u1ecb H\u1ed9i An theo c\u00e1ch ch\u00e2n th\u1eadt v\u00e0 g\u1ea7n g\u0169i nh\u1ea5t. TH\u1ef0C \u0110\u01a0N G\u1ecfi g\u00e0 x\u00e9 phay C\u00e1 kho t\u1ed9 Heo lu\u1ed9c d\u01b0a gi\u00e1 Tr\u1ee9ng \u0111\u00fac h\u00e0nh [&hellip;]<\/p>\n","protected":false},"author":250,"featured_media":263,"parent":243,"menu_order":0,"comment_status":"closed","ping_status":"closed","template":"template-single-offer.php","meta":{"footnotes":""},"yoast_head":"<!-- This site is optimized with the Yoast SEO plugin v22.3 - https:\/\/yoast.com\/wordpress\/plugins\/seo\/ -->\n<title>M\u00e2m C\u01a1m H\u1ed9i An - The Signature Hoi An<\/title>\n<meta name=\"robots\" content=\"index, follow, max-snippet:-1, max-image-preview:large, max-video-preview:-1\" \/>\n<link rel=\"canonical\" href=\"https:\/\/www.thesignaturehoian.com\/vi\/specials-offers\/mam-com-hoi-an\/\" \/>\n<meta property=\"og:locale\" content=\"vi_VN\" \/>\n<meta property=\"og:type\" content=\"article\" \/>\n<meta property=\"og:title\" content=\"M\u00e2m C\u01a1m H\u1ed9i An - The Signature Hoi An\" \/>\n<meta property=\"og:description\" content=\"M\u1ed9t m\u00e2m c\u01a1m tr\u00f2n \u0111\u1ea7y, n\u01a1i nh\u1eefng m\u00f3n \u0103n quen thu\u1ed9c \u0111\u01b0\u1ee3c n\u00e2ng niu trong t\u1eebng chi ti\u1ebft. L\u1ef1a ch\u1ecdn l\u00fd t\u01b0\u1edfng \u0111\u1ec3 c\u00f9ng nhau s\u1ebb chia h\u01b0\u01a1ng v\u1ecb H\u1ed9i An theo c\u00e1ch ch\u00e2n th\u1eadt v\u00e0 g\u1ea7n g\u0169i nh\u1ea5t. TH\u1ef0C \u0110\u01a0N G\u1ecfi g\u00e0 x\u00e9 phay C\u00e1 kho t\u1ed9 Heo lu\u1ed9c d\u01b0a gi\u00e1 Tr\u1ee9ng \u0111\u00fac h\u00e0nh [&hellip;]\" \/>\n<meta property=\"og:url\" content=\"https:\/\/www.thesignaturehoian.com\/vi\/specials-offers\/mam-com-hoi-an\/\" \/>\n<meta property=\"og:site_name\" content=\"The Signature Hoi An\" \/>\n<meta property=\"article:modified_time\" content=\"2026-04-23T08:54:26+00:00\" \/>\n<meta property=\"og:image\" content=\"https:\/\/www.thesignaturehoian.com\/wp-content\/uploads\/sites\/125\/2025\/11\/Ngon-Pho-Hoi-2.jpg\" \/>\n\t<meta property=\"og:image:width\" content=\"2200\" \/>\n\t<meta property=\"og:image:height\" content=\"1650\" \/>\n\t<meta property=\"og:image:type\" content=\"image\/jpeg\" \/>\n<meta name=\"twitter:card\" content=\"summary_large_image\" \/>\n<meta name=\"twitter:label1\" content=\"Est. reading time\" \/>\n\t<meta name=\"twitter:data1\" content=\"1 minute\" \/>\n<script type=\"application\/ld+json\" class=\"yoast-schema-graph\">{\"@context\":\"https:\/\/schema.org\",\"@graph\":[{\"@type\":\"WebPage\",\"@id\":\"https:\/\/www.thesignaturehoian.com\/vi\/specials-offers\/mam-com-hoi-an\/\",\"url\":\"https:\/\/www.thesignaturehoian.com\/vi\/specials-offers\/mam-com-hoi-an\/\",\"name\":\"M\u00e2m C\u01a1m H\u1ed9i An - The Signature Hoi An\",\"isPartOf\":{\"@id\":\"https:\/\/www.thesignaturehoian.com\/vi\/#website\"},\"primaryImageOfPage\":{\"@id\":\"https:\/\/www.thesignaturehoian.com\/vi\/specials-offers\/mam-com-hoi-an\/#primaryimage\"},\"image\":{\"@id\":\"https:\/\/www.thesignaturehoian.com\/vi\/specials-offers\/mam-com-hoi-an\/#primaryimage\"},\"thumbnailUrl\":\"https:\/\/www.thesignaturehoian.com\/wp-content\/uploads\/sites\/125\/2025\/11\/Ngon-Pho-Hoi-2.jpg\",\"datePublished\":\"2026-04-23T02:16:39+00:00\",\"dateModified\":\"2026-04-23T08:54:26+00:00\",\"breadcrumb\":{\"@id\":\"https:\/\/www.thesignaturehoian.com\/vi\/specials-offers\/mam-com-hoi-an\/#breadcrumb\"},\"inLanguage\":\"vi-VN\",\"potentialAction\":[{\"@type\":\"ReadAction\",\"target\":[\"https:\/\/www.thesignaturehoian.com\/vi\/specials-offers\/mam-com-hoi-an\/\"]}]},{\"@type\":\"ImageObject\",\"inLanguage\":\"vi-VN\",\"@id\":\"https:\/\/www.thesignaturehoian.com\/vi\/specials-offers\/mam-com-hoi-an\/#primaryimage\",\"url\":\"https:\/\/www.thesignaturehoian.com\/wp-content\/uploads\/sites\/125\/2025\/11\/Ngon-Pho-Hoi-2.jpg\",\"contentUrl\":\"https:\/\/www.thesignaturehoian.com\/wp-content\/uploads\/sites\/125\/2025\/11\/Ngon-Pho-Hoi-2.jpg\",\"width\":2200,\"height\":1650},{\"@type\":\"BreadcrumbList\",\"@id\":\"https:\/\/www.thesignaturehoian.com\/vi\/specials-offers\/mam-com-hoi-an\/#breadcrumb\",\"itemListElement\":[{\"@type\":\"ListItem\",\"position\":1,\"name\":\"Home\",\"item\":\"https:\/\/www.thesignaturehoian.com\/vi\/\"},{\"@type\":\"ListItem\",\"position\":2,\"name\":\"\u01afU \u0110\u00c3I \u0110\u1eb6C BI\u1ec6T\",\"item\":\"https:\/\/www.thesignaturehoian.com\/vi\/specials-offers\/\"},{\"@type\":\"ListItem\",\"position\":3,\"name\":\"M\u00e2m C\u01a1m H\u1ed9i An\"}]},{\"@type\":\"WebSite\",\"@id\":\"https:\/\/www.thesignaturehoian.com\/vi\/#website\",\"url\":\"https:\/\/www.thesignaturehoian.com\/vi\/\",\"name\":\"The Signature Hoi An\",\"description\":\"\",\"potentialAction\":[{\"@type\":\"SearchAction\",\"target\":{\"@type\":\"EntryPoint\",\"urlTemplate\":\"https:\/\/www.thesignaturehoian.com\/vi\/?s={search_term_string}\"},\"query-input\":\"required name=search_term_string\"}],\"inLanguage\":\"vi-VN\"}]}<\/script>\n<!-- \/ Yoast SEO plugin. -->","yoast_head_json":{"title":"M\u00e2m C\u01a1m H\u1ed9i An - The Signature Hoi An","robots":{"index":"index","follow":"follow","max-snippet":"max-snippet:-1","max-image-preview":"max-image-preview:large","max-video-preview":"max-video-preview:-1"},"canonical":"https:\/\/www.thesignaturehoian.com\/vi\/specials-offers\/mam-com-hoi-an\/","og_locale":"vi_VN","og_type":"article","og_title":"M\u00e2m C\u01a1m H\u1ed9i An - The Signature Hoi An","og_description":"M\u1ed9t m\u00e2m c\u01a1m tr\u00f2n \u0111\u1ea7y, n\u01a1i nh\u1eefng m\u00f3n \u0103n quen thu\u1ed9c \u0111\u01b0\u1ee3c n\u00e2ng niu trong t\u1eebng chi ti\u1ebft. L\u1ef1a ch\u1ecdn l\u00fd t\u01b0\u1edfng \u0111\u1ec3 c\u00f9ng nhau s\u1ebb chia h\u01b0\u01a1ng v\u1ecb H\u1ed9i An theo c\u00e1ch ch\u00e2n th\u1eadt v\u00e0 g\u1ea7n g\u0169i nh\u1ea5t. TH\u1ef0C \u0110\u01a0N G\u1ecfi g\u00e0 x\u00e9 phay C\u00e1 kho t\u1ed9 Heo lu\u1ed9c d\u01b0a gi\u00e1 Tr\u1ee9ng \u0111\u00fac h\u00e0nh [&hellip;]","og_url":"https:\/\/www.thesignaturehoian.com\/vi\/specials-offers\/mam-com-hoi-an\/","og_site_name":"The Signature Hoi An","article_modified_time":"2026-04-23T08:54:26+00:00","og_image":[{"width":2200,"height":1650,"url":"https:\/\/www.thesignaturehoian.com\/wp-content\/uploads\/sites\/125\/2025\/11\/Ngon-Pho-Hoi-2.jpg","type":"image\/jpeg"}],"twitter_card":"summary_large_image","twitter_misc":{"Est. reading time":"1 minute"},"schema":{"@context":"https:\/\/schema.org","@graph":[{"@type":"WebPage","@id":"https:\/\/www.thesignaturehoian.com\/vi\/specials-offers\/mam-com-hoi-an\/","url":"https:\/\/www.thesignaturehoian.com\/vi\/specials-offers\/mam-com-hoi-an\/","name":"M\u00e2m C\u01a1m H\u1ed9i An - The Signature Hoi An","isPartOf":{"@id":"https:\/\/www.thesignaturehoian.com\/vi\/#website"},"primaryImageOfPage":{"@id":"https:\/\/www.thesignaturehoian.com\/vi\/specials-offers\/mam-com-hoi-an\/#primaryimage"},"image":{"@id":"https:\/\/www.thesignaturehoian.com\/vi\/specials-offers\/mam-com-hoi-an\/#primaryimage"},"thumbnailUrl":"https:\/\/www.thesignaturehoian.com\/wp-content\/uploads\/sites\/125\/2025\/11\/Ngon-Pho-Hoi-2.jpg","datePublished":"2026-04-23T02:16:39+00:00","dateModified":"2026-04-23T08:54:26+00:00","breadcrumb":{"@id":"https:\/\/www.thesignaturehoian.com\/vi\/specials-offers\/mam-com-hoi-an\/#breadcrumb"},"inLanguage":"vi-VN","potentialAction":[{"@type":"ReadAction","target":["https:\/\/www.thesignaturehoian.com\/vi\/specials-offers\/mam-com-hoi-an\/"]}]},{"@type":"ImageObject","inLanguage":"vi-VN","@id":"https:\/\/www.thesignaturehoian.com\/vi\/specials-offers\/mam-com-hoi-an\/#primaryimage","url":"https:\/\/www.thesignaturehoian.com\/wp-content\/uploads\/sites\/125\/2025\/11\/Ngon-Pho-Hoi-2.jpg","contentUrl":"https:\/\/www.thesignaturehoian.com\/wp-content\/uploads\/sites\/125\/2025\/11\/Ngon-Pho-Hoi-2.jpg","width":2200,"height":1650},{"@type":"BreadcrumbList","@id":"https:\/\/www.thesignaturehoian.com\/vi\/specials-offers\/mam-com-hoi-an\/#breadcrumb","itemListElement":[{"@type":"ListItem","position":1,"name":"Home","item":"https:\/\/www.thesignaturehoian.com\/vi\/"},{"@type":"ListItem","position":2,"name":"\u01afU \u0110\u00c3I \u0110\u1eb6C BI\u1ec6T","item":"https:\/\/www.thesignaturehoian.com\/vi\/specials-offers\/"},{"@type":"ListItem","position":3,"name":"M\u00e2m C\u01a1m H\u1ed9i An"}]},{"@type":"WebSite","@id":"https:\/\/www.thesignaturehoian.com\/vi\/#website","url":"https:\/\/www.thesignaturehoian.com\/vi\/","name":"The Signature Hoi An","description":"","potentialAction":[{"@type":"SearchAction","target":{"@type":"EntryPoint","urlTemplate":"https:\/\/www.thesignaturehoian.com\/vi\/?s={search_term_string}"},"query-input":"required name=search_term_string"}],"inLanguage":"vi-VN"}]}},"acf":[],"_links":{"self":[{"href":"https:\/\/www.thesignaturehoian.com\/vi\/wp-json\/wp\/v2\/pages\/511"}],"collection":[{"href":"https:\/\/www.thesignaturehoian.com\/vi\/wp-json\/wp\/v2\/pages"}],"about":[{"href":"https:\/\/www.thesignaturehoian.com\/vi\/wp-json\/wp\/v2\/types\/page"}],"author":[{"embeddable":true,"href":"https:\/\/www.thesignaturehoian.com\/vi\/wp-json\/wp\/v2\/users\/250"}],"replies":[{"embeddable":true,"href":"https:\/\/www.thesignaturehoian.com\/vi\/wp-json\/wp\/v2\/comments?post=511"}],"version-history":[{"count":0,"href":"https:\/\/www.thesignaturehoian.com\/vi\/wp-json\/wp\/v2\/pages\/511\/revisions"}],"up":[{"embeddable":true,"href":"https:\/\/www.thesignaturehoian.com\/vi\/wp-json\/wp\/v2\/pages\/243"}],"wp:featuredmedia":[{"embeddable":true,"href":"https:\/\/www.thesignaturehoian.com\/vi\/wp-json\/wp\/v2\/media\/263"}],"wp:attachment":[{"href":"https:\/\/www.thesignaturehoian.com\/vi\/wp-json\/wp\/v2\/media?parent=511"}],"curies":[{"name":"wp","href":"https:\/\/api.w.org\/{rel}","templated":true}]}}