{"id":440,"date":"2026-04-07T08:13:57","date_gmt":"2026-04-07T08:13:57","guid":{"rendered":"https:\/\/www.thesignaturehoian.com\/?page_id=440"},"modified":"2026-04-25T01:33:48","modified_gmt":"2026-04-25T01:33:48","slug":"tron-vi-pho-hoi","status":"publish","type":"page","link":"https:\/\/www.thesignaturehoian.com\/vi\/specials-offers\/tron-vi-pho-hoi\/","title":{"rendered":"M\u1eebng Ng\u00e0y Gi\u1ea3i Ph\u00f3ng"},"content":{"rendered":"<p style=\"text-align: left\">M\u1eebng ng\u00e0y gi\u1ea3i ph\u00f3ng v\u1edbi set &#8220;Ph\u1ed1 h\u1ed9i sum v\u1ea7y&#8221; <strong>CH\u1ec8 399.000 VND\/KH\u00c1CH. (\u00c1p d\u1ee5ng t\u1eeb 2 kh\u00e1ch tr\u1edf l\u00ean)<\/strong><\/p>\n<p style=\"text-align: left\">D\u1ecbp l\u1ec5 30\/4 &#8211; 1\/5 n\u00e0y, b\u1ea1n \u0111\u00e3 c\u00f3 h\u1eb9n c\u00f9ng ai ch\u01b0a? H\u00e3y \u0111\u1ec3 The Signature Hoi An bi\u1ebfn k\u1ef3 ngh\u1ec9 c\u1ee7a b\u1ea1n tr\u1edf n\u00ean ho\u00e0n h\u1ea3o v\u1edbi set menu \u0111\u1eb7c tr\u01b0ng c\u00f9ng nh\u1eefng m\u00f3n \u0103n \u0111\u1eb7c s\u1ea3n H\u1ed9i An.<\/p>\n<p style=\"text-align: left\">Th\u1eddi gian \u00e1p d\u1ee5ng: 30\/04 &#8211; 01\/05.<\/p>\n<p style=\"text-align: left\">Li\u00ean h\u1ec7 <strong>+84 (0) 235 3962 969<\/strong> \u0111\u1ec3 kh\u00f4ng b\u1ecf l\u1ee1 tinh hoa \u1ea9m th\u1ef1c b\u1ea3n \u0111\u1ecba n\u01a1i ph\u1ed1 c\u1ed5.<\/p>\n","protected":false},"excerpt":{"rendered":"<p>M\u1eebng ng\u00e0y gi\u1ea3i ph\u00f3ng v\u1edbi set &#8220;Ph\u1ed1 h\u1ed9i sum v\u1ea7y&#8221; CH\u1ec8 399.000 VND\/KH\u00c1CH. (\u00c1p d\u1ee5ng t\u1eeb 2 kh\u00e1ch tr\u1edf l\u00ean) D\u1ecbp l\u1ec5 30\/4 &#8211; 1\/5 n\u00e0y, b\u1ea1n \u0111\u00e3 c\u00f3 h\u1eb9n c\u00f9ng ai ch\u01b0a? H\u00e3y \u0111\u1ec3 The Signature Hoi An bi\u1ebfn k\u1ef3 ngh\u1ec9 c\u1ee7a b\u1ea1n tr\u1edf n\u00ean ho\u00e0n h\u1ea3o v\u1edbi set menu \u0111\u1eb7c tr\u01b0ng c\u00f9ng nh\u1eefng [&hellip;]<\/p>\n","protected":false},"author":250,"featured_media":597,"parent":243,"menu_order":1,"comment_status":"closed","ping_status":"closed","template":"template-single-offer.php","meta":{"footnotes":""},"yoast_head":"<!-- This site is optimized with the Yoast SEO plugin v22.3 - https:\/\/yoast.com\/wordpress\/plugins\/seo\/ -->\n<title>M\u1eebng Ng\u00e0y Gi\u1ea3i Ph\u00f3ng - The Signature Hoi An<\/title>\n<meta name=\"robots\" content=\"index, follow, max-snippet:-1, max-image-preview:large, max-video-preview:-1\" \/>\n<link rel=\"canonical\" href=\"https:\/\/www.thesignaturehoian.com\/vi\/specials-offers\/tron-vi-pho-hoi\/\" \/>\n<meta property=\"og:locale\" content=\"vi_VN\" \/>\n<meta property=\"og:type\" content=\"article\" \/>\n<meta property=\"og:title\" content=\"M\u1eebng Ng\u00e0y Gi\u1ea3i Ph\u00f3ng - The Signature Hoi An\" \/>\n<meta property=\"og:description\" content=\"M\u1eebng ng\u00e0y gi\u1ea3i ph\u00f3ng v\u1edbi set &#8220;Ph\u1ed1 h\u1ed9i sum v\u1ea7y&#8221; CH\u1ec8 399.000 VND\/KH\u00c1CH. (\u00c1p d\u1ee5ng t\u1eeb 2 kh\u00e1ch tr\u1edf l\u00ean) D\u1ecbp l\u1ec5 30\/4 &#8211; 1\/5 n\u00e0y, b\u1ea1n \u0111\u00e3 c\u00f3 h\u1eb9n c\u00f9ng ai ch\u01b0a? H\u00e3y \u0111\u1ec3 The Signature Hoi An bi\u1ebfn k\u1ef3 ngh\u1ec9 c\u1ee7a b\u1ea1n tr\u1edf n\u00ean ho\u00e0n h\u1ea3o v\u1edbi set menu \u0111\u1eb7c tr\u01b0ng c\u00f9ng nh\u1eefng [&hellip;]\" \/>\n<meta property=\"og:url\" content=\"https:\/\/www.thesignaturehoian.com\/vi\/specials-offers\/tron-vi-pho-hoi\/\" \/>\n<meta property=\"og:site_name\" content=\"The Signature Hoi An\" \/>\n<meta property=\"article:modified_time\" content=\"2026-04-25T01:33:48+00:00\" \/>\n<meta property=\"og:image\" content=\"https:\/\/www.thesignaturehoian.com\/wp-content\/uploads\/sites\/125\/2026\/04\/Everyday-from-11h-16.png\" \/>\n\t<meta property=\"og:image:width\" content=\"480\" \/>\n\t<meta property=\"og:image:height\" content=\"379\" \/>\n\t<meta property=\"og:image:type\" content=\"image\/png\" \/>\n<meta name=\"twitter:card\" content=\"summary_large_image\" \/>\n<meta name=\"twitter:label1\" content=\"Est. reading time\" \/>\n\t<meta name=\"twitter:data1\" content=\"1 minute\" \/>\n<script type=\"application\/ld+json\" class=\"yoast-schema-graph\">{\"@context\":\"https:\/\/schema.org\",\"@graph\":[{\"@type\":\"WebPage\",\"@id\":\"https:\/\/www.thesignaturehoian.com\/vi\/specials-offers\/tron-vi-pho-hoi\/\",\"url\":\"https:\/\/www.thesignaturehoian.com\/vi\/specials-offers\/tron-vi-pho-hoi\/\",\"name\":\"M\u1eebng Ng\u00e0y Gi\u1ea3i Ph\u00f3ng - The Signature Hoi An\",\"isPartOf\":{\"@id\":\"https:\/\/www.thesignaturehoian.com\/vi\/#website\"},\"primaryImageOfPage\":{\"@id\":\"https:\/\/www.thesignaturehoian.com\/vi\/specials-offers\/tron-vi-pho-hoi\/#primaryimage\"},\"image\":{\"@id\":\"https:\/\/www.thesignaturehoian.com\/vi\/specials-offers\/tron-vi-pho-hoi\/#primaryimage\"},\"thumbnailUrl\":\"https:\/\/www.thesignaturehoian.com\/wp-content\/uploads\/sites\/125\/2026\/04\/Everyday-from-11h-16.png\",\"datePublished\":\"2026-04-07T08:13:57+00:00\",\"dateModified\":\"2026-04-25T01:33:48+00:00\",\"breadcrumb\":{\"@id\":\"https:\/\/www.thesignaturehoian.com\/vi\/specials-offers\/tron-vi-pho-hoi\/#breadcrumb\"},\"inLanguage\":\"vi-VN\",\"potentialAction\":[{\"@type\":\"ReadAction\",\"target\":[\"https:\/\/www.thesignaturehoian.com\/vi\/specials-offers\/tron-vi-pho-hoi\/\"]}]},{\"@type\":\"ImageObject\",\"inLanguage\":\"vi-VN\",\"@id\":\"https:\/\/www.thesignaturehoian.com\/vi\/specials-offers\/tron-vi-pho-hoi\/#primaryimage\",\"url\":\"https:\/\/www.thesignaturehoian.com\/wp-content\/uploads\/sites\/125\/2026\/04\/Everyday-from-11h-16.png\",\"contentUrl\":\"https:\/\/www.thesignaturehoian.com\/wp-content\/uploads\/sites\/125\/2026\/04\/Everyday-from-11h-16.png\",\"width\":480,\"height\":379},{\"@type\":\"BreadcrumbList\",\"@id\":\"https:\/\/www.thesignaturehoian.com\/vi\/specials-offers\/tron-vi-pho-hoi\/#breadcrumb\",\"itemListElement\":[{\"@type\":\"ListItem\",\"position\":1,\"name\":\"Home\",\"item\":\"https:\/\/www.thesignaturehoian.com\/vi\/\"},{\"@type\":\"ListItem\",\"position\":2,\"name\":\"\u01afU \u0110\u00c3I \u0110\u1eb6C BI\u1ec6T\",\"item\":\"https:\/\/www.thesignaturehoian.com\/vi\/specials-offers\/\"},{\"@type\":\"ListItem\",\"position\":3,\"name\":\"M\u1eebng Ng\u00e0y Gi\u1ea3i Ph\u00f3ng\"}]},{\"@type\":\"WebSite\",\"@id\":\"https:\/\/www.thesignaturehoian.com\/vi\/#website\",\"url\":\"https:\/\/www.thesignaturehoian.com\/vi\/\",\"name\":\"The Signature Hoi An\",\"description\":\"\",\"potentialAction\":[{\"@type\":\"SearchAction\",\"target\":{\"@type\":\"EntryPoint\",\"urlTemplate\":\"https:\/\/www.thesignaturehoian.com\/vi\/?s={search_term_string}\"},\"query-input\":\"required name=search_term_string\"}],\"inLanguage\":\"vi-VN\"}]}<\/script>\n<!-- \/ Yoast SEO plugin. -->","yoast_head_json":{"title":"M\u1eebng Ng\u00e0y Gi\u1ea3i Ph\u00f3ng - The Signature Hoi An","robots":{"index":"index","follow":"follow","max-snippet":"max-snippet:-1","max-image-preview":"max-image-preview:large","max-video-preview":"max-video-preview:-1"},"canonical":"https:\/\/www.thesignaturehoian.com\/vi\/specials-offers\/tron-vi-pho-hoi\/","og_locale":"vi_VN","og_type":"article","og_title":"M\u1eebng Ng\u00e0y Gi\u1ea3i Ph\u00f3ng - The Signature Hoi An","og_description":"M\u1eebng ng\u00e0y gi\u1ea3i ph\u00f3ng v\u1edbi set &#8220;Ph\u1ed1 h\u1ed9i sum v\u1ea7y&#8221; CH\u1ec8 399.000 VND\/KH\u00c1CH. (\u00c1p d\u1ee5ng t\u1eeb 2 kh\u00e1ch tr\u1edf l\u00ean) D\u1ecbp l\u1ec5 30\/4 &#8211; 1\/5 n\u00e0y, b\u1ea1n \u0111\u00e3 c\u00f3 h\u1eb9n c\u00f9ng ai ch\u01b0a? H\u00e3y \u0111\u1ec3 The Signature Hoi An bi\u1ebfn k\u1ef3 ngh\u1ec9 c\u1ee7a b\u1ea1n tr\u1edf n\u00ean ho\u00e0n h\u1ea3o v\u1edbi set menu \u0111\u1eb7c tr\u01b0ng c\u00f9ng nh\u1eefng [&hellip;]","og_url":"https:\/\/www.thesignaturehoian.com\/vi\/specials-offers\/tron-vi-pho-hoi\/","og_site_name":"The Signature Hoi An","article_modified_time":"2026-04-25T01:33:48+00:00","og_image":[{"width":480,"height":379,"url":"https:\/\/www.thesignaturehoian.com\/wp-content\/uploads\/sites\/125\/2026\/04\/Everyday-from-11h-16.png","type":"image\/png"}],"twitter_card":"summary_large_image","twitter_misc":{"Est. reading time":"1 minute"},"schema":{"@context":"https:\/\/schema.org","@graph":[{"@type":"WebPage","@id":"https:\/\/www.thesignaturehoian.com\/vi\/specials-offers\/tron-vi-pho-hoi\/","url":"https:\/\/www.thesignaturehoian.com\/vi\/specials-offers\/tron-vi-pho-hoi\/","name":"M\u1eebng Ng\u00e0y Gi\u1ea3i Ph\u00f3ng - The Signature Hoi An","isPartOf":{"@id":"https:\/\/www.thesignaturehoian.com\/vi\/#website"},"primaryImageOfPage":{"@id":"https:\/\/www.thesignaturehoian.com\/vi\/specials-offers\/tron-vi-pho-hoi\/#primaryimage"},"image":{"@id":"https:\/\/www.thesignaturehoian.com\/vi\/specials-offers\/tron-vi-pho-hoi\/#primaryimage"},"thumbnailUrl":"https:\/\/www.thesignaturehoian.com\/wp-content\/uploads\/sites\/125\/2026\/04\/Everyday-from-11h-16.png","datePublished":"2026-04-07T08:13:57+00:00","dateModified":"2026-04-25T01:33:48+00:00","breadcrumb":{"@id":"https:\/\/www.thesignaturehoian.com\/vi\/specials-offers\/tron-vi-pho-hoi\/#breadcrumb"},"inLanguage":"vi-VN","potentialAction":[{"@type":"ReadAction","target":["https:\/\/www.thesignaturehoian.com\/vi\/specials-offers\/tron-vi-pho-hoi\/"]}]},{"@type":"ImageObject","inLanguage":"vi-VN","@id":"https:\/\/www.thesignaturehoian.com\/vi\/specials-offers\/tron-vi-pho-hoi\/#primaryimage","url":"https:\/\/www.thesignaturehoian.com\/wp-content\/uploads\/sites\/125\/2026\/04\/Everyday-from-11h-16.png","contentUrl":"https:\/\/www.thesignaturehoian.com\/wp-content\/uploads\/sites\/125\/2026\/04\/Everyday-from-11h-16.png","width":480,"height":379},{"@type":"BreadcrumbList","@id":"https:\/\/www.thesignaturehoian.com\/vi\/specials-offers\/tron-vi-pho-hoi\/#breadcrumb","itemListElement":[{"@type":"ListItem","position":1,"name":"Home","item":"https:\/\/www.thesignaturehoian.com\/vi\/"},{"@type":"ListItem","position":2,"name":"\u01afU \u0110\u00c3I \u0110\u1eb6C BI\u1ec6T","item":"https:\/\/www.thesignaturehoian.com\/vi\/specials-offers\/"},{"@type":"ListItem","position":3,"name":"M\u1eebng Ng\u00e0y Gi\u1ea3i Ph\u00f3ng"}]},{"@type":"WebSite","@id":"https:\/\/www.thesignaturehoian.com\/vi\/#website","url":"https:\/\/www.thesignaturehoian.com\/vi\/","name":"The Signature Hoi An","description":"","potentialAction":[{"@type":"SearchAction","target":{"@type":"EntryPoint","urlTemplate":"https:\/\/www.thesignaturehoian.com\/vi\/?s={search_term_string}"},"query-input":"required name=search_term_string"}],"inLanguage":"vi-VN"}]}},"acf":[],"_links":{"self":[{"href":"https:\/\/www.thesignaturehoian.com\/vi\/wp-json\/wp\/v2\/pages\/440"}],"collection":[{"href":"https:\/\/www.thesignaturehoian.com\/vi\/wp-json\/wp\/v2\/pages"}],"about":[{"href":"https:\/\/www.thesignaturehoian.com\/vi\/wp-json\/wp\/v2\/types\/page"}],"author":[{"embeddable":true,"href":"https:\/\/www.thesignaturehoian.com\/vi\/wp-json\/wp\/v2\/users\/250"}],"replies":[{"embeddable":true,"href":"https:\/\/www.thesignaturehoian.com\/vi\/wp-json\/wp\/v2\/comments?post=440"}],"version-history":[{"count":0,"href":"https:\/\/www.thesignaturehoian.com\/vi\/wp-json\/wp\/v2\/pages\/440\/revisions"}],"up":[{"embeddable":true,"href":"https:\/\/www.thesignaturehoian.com\/vi\/wp-json\/wp\/v2\/pages\/243"}],"wp:featuredmedia":[{"embeddable":true,"href":"https:\/\/www.thesignaturehoian.com\/vi\/wp-json\/wp\/v2\/media\/597"}],"wp:attachment":[{"href":"https:\/\/www.thesignaturehoian.com\/vi\/wp-json\/wp\/v2\/media?parent=440"}],"curies":[{"name":"wp","href":"https:\/\/api.w.org\/{rel}","templated":true}]}}