{"id":415,"date":"2026-01-07T07:37:23","date_gmt":"2026-01-07T07:37:23","guid":{"rendered":"https:\/\/www.thesignaturehoian.com\/?page_id=415"},"modified":"2026-04-23T01:06:06","modified_gmt":"2026-04-23T01:06:06","slug":"coffelounge","status":"publish","type":"page","link":"https:\/\/www.thesignaturehoian.com\/vi\/dining\/coffelounge\/","title":{"rendered":"Terrace Coffee"},"content":{"rendered":"<p>Coffee &amp; Lounge m\u1eddi g\u1ecdi du kh\u00e1ch v\u00e0o m\u1ed9t kh\u00f4ng gian t\u01b0\u01a1i m\u1edbi \u0111\u1ec3 h\u1ed9i h\u1ecdp c\u00f9ng b\u1ea1n b\u00e8 v\u00e0 gia \u0111\u00ecnh. N\u1eb1m trong kh\u00f4ng gian trang nh\u00e3, b\u1ea7u kh\u00f4ng kh\u00ed nh\u1eb9 nh\u00e0ng, ho\u00e0n h\u1ea3o cho nh\u1eefng cu\u1ed9c tr\u00f2 chuy\u1ec7n b\u00ean ly c\u00e0 ph\u00ea c\u00f9ng ng\u01b0\u1eddi th\u00e2n y\u00eau.<\/p>\n","protected":false},"excerpt":{"rendered":"<p>Coffee &amp; Lounge m\u1eddi g\u1ecdi du kh\u00e1ch v\u00e0o m\u1ed9t kh\u00f4ng gian t\u01b0\u01a1i m\u1edbi \u0111\u1ec3 h\u1ed9i h\u1ecdp c\u00f9ng b\u1ea1n b\u00e8 v\u00e0 gia \u0111\u00ecnh. N\u1eb1m trong kh\u00f4ng gian trang nh\u00e3, b\u1ea7u kh\u00f4ng kh\u00ed nh\u1eb9 nh\u00e0ng, ho\u00e0n h\u1ea3o cho nh\u1eefng cu\u1ed9c tr\u00f2 chuy\u1ec7n b\u00ean ly c\u00e0 ph\u00ea c\u00f9ng ng\u01b0\u1eddi th\u00e2n y\u00eau.<\/p>\n","protected":false},"author":250,"featured_media":172,"parent":236,"menu_order":0,"comment_status":"closed","ping_status":"closed","template":"template-single-restaurant.php","meta":{"footnotes":""},"yoast_head":"<!-- This site is optimized with the Yoast SEO plugin v22.3 - https:\/\/yoast.com\/wordpress\/plugins\/seo\/ -->\n<title>Terrace Coffee - The Signature Hoi An<\/title>\n<meta name=\"robots\" content=\"index, follow, max-snippet:-1, max-image-preview:large, max-video-preview:-1\" \/>\n<link rel=\"canonical\" href=\"https:\/\/www.thesignaturehoian.com\/vi\/dining\/coffelounge\/\" \/>\n<meta property=\"og:locale\" content=\"vi_VN\" \/>\n<meta property=\"og:type\" content=\"article\" \/>\n<meta property=\"og:title\" content=\"Terrace Coffee - The Signature Hoi An\" \/>\n<meta property=\"og:description\" content=\"Coffee &amp; Lounge m\u1eddi g\u1ecdi du kh\u00e1ch v\u00e0o m\u1ed9t kh\u00f4ng gian t\u01b0\u01a1i m\u1edbi \u0111\u1ec3 h\u1ed9i h\u1ecdp c\u00f9ng b\u1ea1n b\u00e8 v\u00e0 gia \u0111\u00ecnh. N\u1eb1m trong kh\u00f4ng gian trang nh\u00e3, b\u1ea7u kh\u00f4ng kh\u00ed nh\u1eb9 nh\u00e0ng, ho\u00e0n h\u1ea3o cho nh\u1eefng cu\u1ed9c tr\u00f2 chuy\u1ec7n b\u00ean ly c\u00e0 ph\u00ea c\u00f9ng ng\u01b0\u1eddi th\u00e2n y\u00eau.\" \/>\n<meta property=\"og:url\" content=\"https:\/\/www.thesignaturehoian.com\/vi\/dining\/coffelounge\/\" \/>\n<meta property=\"og:site_name\" content=\"The Signature Hoi An\" \/>\n<meta property=\"article:modified_time\" content=\"2026-04-23T01:06:06+00:00\" \/>\n<meta property=\"og:image\" content=\"https:\/\/www.thesignaturehoian.com\/wp-content\/uploads\/sites\/125\/2025\/10\/dining-terrace-3.jpg\" \/>\n\t<meta property=\"og:image:width\" content=\"2200\" \/>\n\t<meta property=\"og:image:height\" content=\"1624\" \/>\n\t<meta property=\"og:image:type\" content=\"image\/jpeg\" \/>\n<meta name=\"twitter:card\" content=\"summary_large_image\" \/>\n<meta name=\"twitter:label1\" content=\"Est. reading time\" \/>\n\t<meta name=\"twitter:data1\" content=\"1 minute\" \/>\n<script type=\"application\/ld+json\" class=\"yoast-schema-graph\">{\"@context\":\"https:\/\/schema.org\",\"@graph\":[{\"@type\":\"WebPage\",\"@id\":\"https:\/\/www.thesignaturehoian.com\/vi\/dining\/coffelounge\/\",\"url\":\"https:\/\/www.thesignaturehoian.com\/vi\/dining\/coffelounge\/\",\"name\":\"Terrace Coffee - The Signature Hoi An\",\"isPartOf\":{\"@id\":\"https:\/\/www.thesignaturehoian.com\/vi\/#website\"},\"primaryImageOfPage\":{\"@id\":\"https:\/\/www.thesignaturehoian.com\/vi\/dining\/coffelounge\/#primaryimage\"},\"image\":{\"@id\":\"https:\/\/www.thesignaturehoian.com\/vi\/dining\/coffelounge\/#primaryimage\"},\"thumbnailUrl\":\"https:\/\/www.thesignaturehoian.com\/wp-content\/uploads\/sites\/125\/2025\/10\/dining-terrace-3.jpg\",\"datePublished\":\"2026-01-07T07:37:23+00:00\",\"dateModified\":\"2026-04-23T01:06:06+00:00\",\"breadcrumb\":{\"@id\":\"https:\/\/www.thesignaturehoian.com\/vi\/dining\/coffelounge\/#breadcrumb\"},\"inLanguage\":\"vi-VN\",\"potentialAction\":[{\"@type\":\"ReadAction\",\"target\":[\"https:\/\/www.thesignaturehoian.com\/vi\/dining\/coffelounge\/\"]}]},{\"@type\":\"ImageObject\",\"inLanguage\":\"vi-VN\",\"@id\":\"https:\/\/www.thesignaturehoian.com\/vi\/dining\/coffelounge\/#primaryimage\",\"url\":\"https:\/\/www.thesignaturehoian.com\/wp-content\/uploads\/sites\/125\/2025\/10\/dining-terrace-3.jpg\",\"contentUrl\":\"https:\/\/www.thesignaturehoian.com\/wp-content\/uploads\/sites\/125\/2025\/10\/dining-terrace-3.jpg\",\"width\":2200,\"height\":1624},{\"@type\":\"BreadcrumbList\",\"@id\":\"https:\/\/www.thesignaturehoian.com\/vi\/dining\/coffelounge\/#breadcrumb\",\"itemListElement\":[{\"@type\":\"ListItem\",\"position\":1,\"name\":\"Home\",\"item\":\"https:\/\/www.thesignaturehoian.com\/vi\/\"},{\"@type\":\"ListItem\",\"position\":2,\"name\":\"\u1ea8m Th\u1ef1c\",\"item\":\"https:\/\/www.thesignaturehoian.com\/vi\/dining\/\"},{\"@type\":\"ListItem\",\"position\":3,\"name\":\"Terrace Coffee\"}]},{\"@type\":\"WebSite\",\"@id\":\"https:\/\/www.thesignaturehoian.com\/vi\/#website\",\"url\":\"https:\/\/www.thesignaturehoian.com\/vi\/\",\"name\":\"The Signature Hoi An\",\"description\":\"\",\"potentialAction\":[{\"@type\":\"SearchAction\",\"target\":{\"@type\":\"EntryPoint\",\"urlTemplate\":\"https:\/\/www.thesignaturehoian.com\/vi\/?s={search_term_string}\"},\"query-input\":\"required name=search_term_string\"}],\"inLanguage\":\"vi-VN\"}]}<\/script>\n<!-- \/ Yoast SEO plugin. -->","yoast_head_json":{"title":"Terrace Coffee - The Signature Hoi An","robots":{"index":"index","follow":"follow","max-snippet":"max-snippet:-1","max-image-preview":"max-image-preview:large","max-video-preview":"max-video-preview:-1"},"canonical":"https:\/\/www.thesignaturehoian.com\/vi\/dining\/coffelounge\/","og_locale":"vi_VN","og_type":"article","og_title":"Terrace Coffee - The Signature Hoi An","og_description":"Coffee &amp; Lounge m\u1eddi g\u1ecdi du kh\u00e1ch v\u00e0o m\u1ed9t kh\u00f4ng gian t\u01b0\u01a1i m\u1edbi \u0111\u1ec3 h\u1ed9i h\u1ecdp c\u00f9ng b\u1ea1n b\u00e8 v\u00e0 gia \u0111\u00ecnh. N\u1eb1m trong kh\u00f4ng gian trang nh\u00e3, b\u1ea7u kh\u00f4ng kh\u00ed nh\u1eb9 nh\u00e0ng, ho\u00e0n h\u1ea3o cho nh\u1eefng cu\u1ed9c tr\u00f2 chuy\u1ec7n b\u00ean ly c\u00e0 ph\u00ea c\u00f9ng ng\u01b0\u1eddi th\u00e2n y\u00eau.","og_url":"https:\/\/www.thesignaturehoian.com\/vi\/dining\/coffelounge\/","og_site_name":"The Signature Hoi An","article_modified_time":"2026-04-23T01:06:06+00:00","og_image":[{"width":2200,"height":1624,"url":"https:\/\/www.thesignaturehoian.com\/wp-content\/uploads\/sites\/125\/2025\/10\/dining-terrace-3.jpg","type":"image\/jpeg"}],"twitter_card":"summary_large_image","twitter_misc":{"Est. reading time":"1 minute"},"schema":{"@context":"https:\/\/schema.org","@graph":[{"@type":"WebPage","@id":"https:\/\/www.thesignaturehoian.com\/vi\/dining\/coffelounge\/","url":"https:\/\/www.thesignaturehoian.com\/vi\/dining\/coffelounge\/","name":"Terrace Coffee - The Signature Hoi An","isPartOf":{"@id":"https:\/\/www.thesignaturehoian.com\/vi\/#website"},"primaryImageOfPage":{"@id":"https:\/\/www.thesignaturehoian.com\/vi\/dining\/coffelounge\/#primaryimage"},"image":{"@id":"https:\/\/www.thesignaturehoian.com\/vi\/dining\/coffelounge\/#primaryimage"},"thumbnailUrl":"https:\/\/www.thesignaturehoian.com\/wp-content\/uploads\/sites\/125\/2025\/10\/dining-terrace-3.jpg","datePublished":"2026-01-07T07:37:23+00:00","dateModified":"2026-04-23T01:06:06+00:00","breadcrumb":{"@id":"https:\/\/www.thesignaturehoian.com\/vi\/dining\/coffelounge\/#breadcrumb"},"inLanguage":"vi-VN","potentialAction":[{"@type":"ReadAction","target":["https:\/\/www.thesignaturehoian.com\/vi\/dining\/coffelounge\/"]}]},{"@type":"ImageObject","inLanguage":"vi-VN","@id":"https:\/\/www.thesignaturehoian.com\/vi\/dining\/coffelounge\/#primaryimage","url":"https:\/\/www.thesignaturehoian.com\/wp-content\/uploads\/sites\/125\/2025\/10\/dining-terrace-3.jpg","contentUrl":"https:\/\/www.thesignaturehoian.com\/wp-content\/uploads\/sites\/125\/2025\/10\/dining-terrace-3.jpg","width":2200,"height":1624},{"@type":"BreadcrumbList","@id":"https:\/\/www.thesignaturehoian.com\/vi\/dining\/coffelounge\/#breadcrumb","itemListElement":[{"@type":"ListItem","position":1,"name":"Home","item":"https:\/\/www.thesignaturehoian.com\/vi\/"},{"@type":"ListItem","position":2,"name":"\u1ea8m Th\u1ef1c","item":"https:\/\/www.thesignaturehoian.com\/vi\/dining\/"},{"@type":"ListItem","position":3,"name":"Terrace Coffee"}]},{"@type":"WebSite","@id":"https:\/\/www.thesignaturehoian.com\/vi\/#website","url":"https:\/\/www.thesignaturehoian.com\/vi\/","name":"The Signature Hoi An","description":"","potentialAction":[{"@type":"SearchAction","target":{"@type":"EntryPoint","urlTemplate":"https:\/\/www.thesignaturehoian.com\/vi\/?s={search_term_string}"},"query-input":"required name=search_term_string"}],"inLanguage":"vi-VN"}]}},"acf":[],"_links":{"self":[{"href":"https:\/\/www.thesignaturehoian.com\/vi\/wp-json\/wp\/v2\/pages\/415"}],"collection":[{"href":"https:\/\/www.thesignaturehoian.com\/vi\/wp-json\/wp\/v2\/pages"}],"about":[{"href":"https:\/\/www.thesignaturehoian.com\/vi\/wp-json\/wp\/v2\/types\/page"}],"author":[{"embeddable":true,"href":"https:\/\/www.thesignaturehoian.com\/vi\/wp-json\/wp\/v2\/users\/250"}],"replies":[{"embeddable":true,"href":"https:\/\/www.thesignaturehoian.com\/vi\/wp-json\/wp\/v2\/comments?post=415"}],"version-history":[{"count":0,"href":"https:\/\/www.thesignaturehoian.com\/vi\/wp-json\/wp\/v2\/pages\/415\/revisions"}],"up":[{"embeddable":true,"href":"https:\/\/www.thesignaturehoian.com\/vi\/wp-json\/wp\/v2\/pages\/236"}],"wp:featuredmedia":[{"embeddable":true,"href":"https:\/\/www.thesignaturehoian.com\/vi\/wp-json\/wp\/v2\/media\/172"}],"wp:attachment":[{"href":"https:\/\/www.thesignaturehoian.com\/vi\/wp-json\/wp\/v2\/media?parent=415"}],"curies":[{"name":"wp","href":"https:\/\/api.w.org\/{rel}","templated":true}]}}