{"id":408,"date":"2026-01-07T07:20:21","date_gmt":"2026-01-07T07:20:21","guid":{"rendered":"https:\/\/www.thesignaturehoian.com\/?page_id=408"},"modified":"2026-04-10T08:39:23","modified_gmt":"2026-04-10T08:39:23","slug":"van-tai-du-lich","status":"publish","type":"page","link":"https:\/\/www.thesignaturehoian.com\/vi\/services-amenities\/van-tai-du-lich\/","title":{"rendered":"V\u1eadn t\u1ea3i &amp; Du l\u1ecbch"},"content":{"rendered":"<p>Kh\u00e1m ph\u00e1 H\u1ed9i An m\u1ed9t c\u00e1ch d\u1ec5 d\u00e0ng v\u1edbi d\u1ecbch v\u1ee5 v\u1eadn chuy\u1ec3n v\u00e0 tour du l\u1ecbch c\u00e1 nh\u00e2n h\u00f3a c\u1ee7a ch\u00fang t\u00f4i. T\u1eadn h\u01b0\u1edfng d\u1ecbch v\u1ee5 thu\u00ea xe ri\u00eang n\u1eeda ng\u00e0y ho\u1eb7c c\u1ea3 ng\u00e0y, \u0111\u00f3n v\u00e0 ti\u1ec5n s\u00e2n bay, v\u00e0 s\u1eafp x\u1ebfp t\u00e0i x\u1ebf ri\u00eang \u0111\u1ec3 c\u00f3 m\u1ed9t h\u00e0nh tr\u00ecnh su\u00f4n s\u1ebb. B\u1ed5 sung cho k\u1ef3 ngh\u1ec9 c\u1ee7a b\u1ea1n b\u1eb1ng c\u00e1c tour du l\u1ecbch \u0111\u1ecba ph\u01b0\u01a1ng \u0111\u01b0\u1ee3c tuy\u1ec3n ch\u1ecdn k\u1ef9 l\u01b0\u1ee1ng, gi\u1edbi thi\u1ec7u ki\u1ebfn \u200b\u200btr\u00fac \u0111\u1eb7c s\u1eafc, phong c\u1ea3nh h\u1eefu t\u00ecnh v\u00e0 nh\u1eefng \u0111i\u1ec3m n\u1ed5i b\u1eadt v\u1ec1 v\u0103n h\u00f3a c\u1ee7a H\u1ed9i An. \u0110\u1ed9i ng\u0169 t\u1eadn t\u00e2m c\u1ee7a ch\u00fang t\u00f4i lu\u00f4n s\u1eb5n s\u00e0ng h\u1ed7 tr\u1ee3 b\u1ea1n l\u00ean k\u1ebf ho\u1ea1ch cho nh\u1eefng kh\u00e1m ph\u00e1 h\u00e0ng ng\u00e0y.<\/p>\n<p>N\u00ean \u0111\u1eb7t tr\u01b0\u1edbc.<\/p>\n","protected":false},"excerpt":{"rendered":"<p>Kh\u00e1m ph\u00e1 H\u1ed9i An m\u1ed9t c\u00e1ch d\u1ec5 d\u00e0ng v\u1edbi d\u1ecbch v\u1ee5 v\u1eadn chuy\u1ec3n v\u00e0 tour du l\u1ecbch c\u00e1 nh\u00e2n h\u00f3a c\u1ee7a ch\u00fang t\u00f4i. T\u1eadn h\u01b0\u1edfng d\u1ecbch v\u1ee5 thu\u00ea xe ri\u00eang n\u1eeda ng\u00e0y ho\u1eb7c c\u1ea3 ng\u00e0y, \u0111\u00f3n v\u00e0 ti\u1ec5n s\u00e2n bay, v\u00e0 s\u1eafp x\u1ebfp t\u00e0i x\u1ebf ri\u00eang \u0111\u1ec3 c\u00f3 m\u1ed9t h\u00e0nh tr\u00ecnh su\u00f4n s\u1ebb. B\u1ed5 sung [&hellip;]<\/p>\n","protected":false},"author":250,"featured_media":0,"parent":239,"menu_order":1,"comment_status":"closed","ping_status":"closed","template":"template-default-2.php","meta":{"footnotes":""},"yoast_head":"<!-- This site is optimized with the Yoast SEO plugin v22.3 - https:\/\/yoast.com\/wordpress\/plugins\/seo\/ -->\n<title>V\u1eadn t\u1ea3i &amp; Du l\u1ecbch - The Signature Hoi An<\/title>\n<meta name=\"robots\" content=\"index, follow, max-snippet:-1, max-image-preview:large, max-video-preview:-1\" \/>\n<link rel=\"canonical\" href=\"https:\/\/www.thesignaturehoian.com\/vi\/services-amenities\/van-tai-du-lich\/\" \/>\n<meta property=\"og:locale\" content=\"vi_VN\" \/>\n<meta property=\"og:type\" content=\"article\" \/>\n<meta property=\"og:title\" content=\"V\u1eadn t\u1ea3i &amp; Du l\u1ecbch - The Signature Hoi An\" \/>\n<meta property=\"og:description\" content=\"Kh\u00e1m ph\u00e1 H\u1ed9i An m\u1ed9t c\u00e1ch d\u1ec5 d\u00e0ng v\u1edbi d\u1ecbch v\u1ee5 v\u1eadn chuy\u1ec3n v\u00e0 tour du l\u1ecbch c\u00e1 nh\u00e2n h\u00f3a c\u1ee7a ch\u00fang t\u00f4i. T\u1eadn h\u01b0\u1edfng d\u1ecbch v\u1ee5 thu\u00ea xe ri\u00eang n\u1eeda ng\u00e0y ho\u1eb7c c\u1ea3 ng\u00e0y, \u0111\u00f3n v\u00e0 ti\u1ec5n s\u00e2n bay, v\u00e0 s\u1eafp x\u1ebfp t\u00e0i x\u1ebf ri\u00eang \u0111\u1ec3 c\u00f3 m\u1ed9t h\u00e0nh tr\u00ecnh su\u00f4n s\u1ebb. B\u1ed5 sung [&hellip;]\" \/>\n<meta property=\"og:url\" content=\"https:\/\/www.thesignaturehoian.com\/vi\/services-amenities\/van-tai-du-lich\/\" \/>\n<meta property=\"og:site_name\" content=\"The Signature Hoi An\" \/>\n<meta property=\"article:modified_time\" content=\"2026-04-10T08:39:23+00:00\" \/>\n<meta name=\"twitter:card\" content=\"summary_large_image\" \/>\n<meta name=\"twitter:label1\" content=\"Est. reading time\" \/>\n\t<meta name=\"twitter:data1\" content=\"1 minute\" \/>\n<script type=\"application\/ld+json\" class=\"yoast-schema-graph\">{\"@context\":\"https:\/\/schema.org\",\"@graph\":[{\"@type\":\"WebPage\",\"@id\":\"https:\/\/www.thesignaturehoian.com\/vi\/services-amenities\/van-tai-du-lich\/\",\"url\":\"https:\/\/www.thesignaturehoian.com\/vi\/services-amenities\/van-tai-du-lich\/\",\"name\":\"V\u1eadn t\u1ea3i &amp; Du l\u1ecbch - The Signature Hoi An\",\"isPartOf\":{\"@id\":\"https:\/\/www.thesignaturehoian.com\/vi\/#website\"},\"datePublished\":\"2026-01-07T07:20:21+00:00\",\"dateModified\":\"2026-04-10T08:39:23+00:00\",\"breadcrumb\":{\"@id\":\"https:\/\/www.thesignaturehoian.com\/vi\/services-amenities\/van-tai-du-lich\/#breadcrumb\"},\"inLanguage\":\"vi-VN\",\"potentialAction\":[{\"@type\":\"ReadAction\",\"target\":[\"https:\/\/www.thesignaturehoian.com\/vi\/services-amenities\/van-tai-du-lich\/\"]}]},{\"@type\":\"BreadcrumbList\",\"@id\":\"https:\/\/www.thesignaturehoian.com\/vi\/services-amenities\/van-tai-du-lich\/#breadcrumb\",\"itemListElement\":[{\"@type\":\"ListItem\",\"position\":1,\"name\":\"Home\",\"item\":\"https:\/\/www.thesignaturehoian.com\/vi\/\"},{\"@type\":\"ListItem\",\"position\":2,\"name\":\"D\u1ecbch V\u1ee5 &amp; Ti\u1ec7n \u00cdch\",\"item\":\"https:\/\/www.thesignaturehoian.com\/vi\/services-amenities\/\"},{\"@type\":\"ListItem\",\"position\":3,\"name\":\"V\u1eadn t\u1ea3i &amp; Du l\u1ecbch\"}]},{\"@type\":\"WebSite\",\"@id\":\"https:\/\/www.thesignaturehoian.com\/vi\/#website\",\"url\":\"https:\/\/www.thesignaturehoian.com\/vi\/\",\"name\":\"The Signature Hoi An\",\"description\":\"\",\"potentialAction\":[{\"@type\":\"SearchAction\",\"target\":{\"@type\":\"EntryPoint\",\"urlTemplate\":\"https:\/\/www.thesignaturehoian.com\/vi\/?s={search_term_string}\"},\"query-input\":\"required name=search_term_string\"}],\"inLanguage\":\"vi-VN\"}]}<\/script>\n<!-- \/ Yoast SEO plugin. -->","yoast_head_json":{"title":"V\u1eadn t\u1ea3i &amp; Du l\u1ecbch - The Signature Hoi An","robots":{"index":"index","follow":"follow","max-snippet":"max-snippet:-1","max-image-preview":"max-image-preview:large","max-video-preview":"max-video-preview:-1"},"canonical":"https:\/\/www.thesignaturehoian.com\/vi\/services-amenities\/van-tai-du-lich\/","og_locale":"vi_VN","og_type":"article","og_title":"V\u1eadn t\u1ea3i &amp; Du l\u1ecbch - The Signature Hoi An","og_description":"Kh\u00e1m ph\u00e1 H\u1ed9i An m\u1ed9t c\u00e1ch d\u1ec5 d\u00e0ng v\u1edbi d\u1ecbch v\u1ee5 v\u1eadn chuy\u1ec3n v\u00e0 tour du l\u1ecbch c\u00e1 nh\u00e2n h\u00f3a c\u1ee7a ch\u00fang t\u00f4i. T\u1eadn h\u01b0\u1edfng d\u1ecbch v\u1ee5 thu\u00ea xe ri\u00eang n\u1eeda ng\u00e0y ho\u1eb7c c\u1ea3 ng\u00e0y, \u0111\u00f3n v\u00e0 ti\u1ec5n s\u00e2n bay, v\u00e0 s\u1eafp x\u1ebfp t\u00e0i x\u1ebf ri\u00eang \u0111\u1ec3 c\u00f3 m\u1ed9t h\u00e0nh tr\u00ecnh su\u00f4n s\u1ebb. B\u1ed5 sung [&hellip;]","og_url":"https:\/\/www.thesignaturehoian.com\/vi\/services-amenities\/van-tai-du-lich\/","og_site_name":"The Signature Hoi An","article_modified_time":"2026-04-10T08:39:23+00:00","twitter_card":"summary_large_image","twitter_misc":{"Est. reading time":"1 minute"},"schema":{"@context":"https:\/\/schema.org","@graph":[{"@type":"WebPage","@id":"https:\/\/www.thesignaturehoian.com\/vi\/services-amenities\/van-tai-du-lich\/","url":"https:\/\/www.thesignaturehoian.com\/vi\/services-amenities\/van-tai-du-lich\/","name":"V\u1eadn t\u1ea3i &amp; Du l\u1ecbch - The Signature Hoi An","isPartOf":{"@id":"https:\/\/www.thesignaturehoian.com\/vi\/#website"},"datePublished":"2026-01-07T07:20:21+00:00","dateModified":"2026-04-10T08:39:23+00:00","breadcrumb":{"@id":"https:\/\/www.thesignaturehoian.com\/vi\/services-amenities\/van-tai-du-lich\/#breadcrumb"},"inLanguage":"vi-VN","potentialAction":[{"@type":"ReadAction","target":["https:\/\/www.thesignaturehoian.com\/vi\/services-amenities\/van-tai-du-lich\/"]}]},{"@type":"BreadcrumbList","@id":"https:\/\/www.thesignaturehoian.com\/vi\/services-amenities\/van-tai-du-lich\/#breadcrumb","itemListElement":[{"@type":"ListItem","position":1,"name":"Home","item":"https:\/\/www.thesignaturehoian.com\/vi\/"},{"@type":"ListItem","position":2,"name":"D\u1ecbch V\u1ee5 &amp; Ti\u1ec7n \u00cdch","item":"https:\/\/www.thesignaturehoian.com\/vi\/services-amenities\/"},{"@type":"ListItem","position":3,"name":"V\u1eadn t\u1ea3i &amp; Du l\u1ecbch"}]},{"@type":"WebSite","@id":"https:\/\/www.thesignaturehoian.com\/vi\/#website","url":"https:\/\/www.thesignaturehoian.com\/vi\/","name":"The Signature Hoi An","description":"","potentialAction":[{"@type":"SearchAction","target":{"@type":"EntryPoint","urlTemplate":"https:\/\/www.thesignaturehoian.com\/vi\/?s={search_term_string}"},"query-input":"required name=search_term_string"}],"inLanguage":"vi-VN"}]}},"acf":[],"_links":{"self":[{"href":"https:\/\/www.thesignaturehoian.com\/vi\/wp-json\/wp\/v2\/pages\/408"}],"collection":[{"href":"https:\/\/www.thesignaturehoian.com\/vi\/wp-json\/wp\/v2\/pages"}],"about":[{"href":"https:\/\/www.thesignaturehoian.com\/vi\/wp-json\/wp\/v2\/types\/page"}],"author":[{"embeddable":true,"href":"https:\/\/www.thesignaturehoian.com\/vi\/wp-json\/wp\/v2\/users\/250"}],"replies":[{"embeddable":true,"href":"https:\/\/www.thesignaturehoian.com\/vi\/wp-json\/wp\/v2\/comments?post=408"}],"version-history":[{"count":0,"href":"https:\/\/www.thesignaturehoian.com\/vi\/wp-json\/wp\/v2\/pages\/408\/revisions"}],"up":[{"embeddable":true,"href":"https:\/\/www.thesignaturehoian.com\/vi\/wp-json\/wp\/v2\/pages\/239"}],"wp:attachment":[{"href":"https:\/\/www.thesignaturehoian.com\/vi\/wp-json\/wp\/v2\/media?parent=408"}],"curies":[{"name":"wp","href":"https:\/\/api.w.org\/{rel}","templated":true}]}}