{"id":403,"date":"2026-01-07T07:13:32","date_gmt":"2026-01-07T07:13:32","guid":{"rendered":"https:\/\/www.thesignaturehoian.com\/?page_id=403"},"modified":"2026-04-21T04:09:12","modified_gmt":"2026-04-21T04:09:12","slug":"quay-bar-ho-boi","status":"publish","type":"page","link":"https:\/\/www.thesignaturehoian.com\/vi\/dining\/quay-bar-ho-boi\/","title":{"rendered":"Qu\u1ea7y Bar H\u1ed3 B\u01a1i"},"content":{"rendered":"<div class=\"flex flex-col text-sm\">\n<section class=\"text-token-text-primary w-full focus:outline-none [--shadow-height:45px] has-data-writing-block:pointer-events-none has-data-writing-block:-mt-(--shadow-height) has-data-writing-block:pt-(--shadow-height) [&amp;:has([data-writing-block])&gt;*]:pointer-events-auto scroll-mt-[calc(var(--header-height)+min(200px,max(70px,20svh)))]\" dir=\"auto\" data-turn-id=\"request-WEB:ab12be27-363a-431c-9420-fd6ae17127b3-41\" data-testid=\"conversation-turn-84\" data-scroll-anchor=\"true\" data-turn=\"assistant\">\n<div class=\"text-base my-auto mx-auto pb-10 [--thread-content-margin:var(--thread-content-margin-xs,calc(var(--spacing)*4))] @w-sm\/main:[--thread-content-margin:var(--thread-content-margin-sm,calc(var(--spacing)*6))] @w-lg\/main:[--thread-content-margin:var(--thread-content-margin-lg,calc(var(--spacing)*16))] px-(--thread-content-margin)\">\n<div class=\"[--thread-content-max-width:40rem] @w-lg\/main:[--thread-content-max-width:48rem] mx-auto max-w-(--thread-content-max-width) flex-1 group\/turn-messages focus-visible:outline-hidden relative flex w-full min-w-0 flex-col agent-turn\">\n<div class=\"flex max-w-full flex-col gap-4 grow\">\n<div class=\"min-h-8 text-message relative flex w-full flex-col items-end gap-2 text-start break-words whitespace-normal outline-none keyboard-focused:focus-ring [.text-message+&amp;]:mt-1\" dir=\"auto\" data-message-author-role=\"assistant\" data-message-id=\"67a97810-9e38-4a14-9f2a-186c9213e11e\" data-message-model-slug=\"gpt-5-3\" data-turn-start-message=\"true\">\n<div class=\"flex w-full flex-col gap-1 empty:hidden\">\n<div class=\"markdown prose dark:prose-invert w-full wrap-break-word light markdown-new-styling\">\n<p data-start=\"0\" data-end=\"360\" data-is-last-node=\"\" data-is-only-node=\"\">H\u00e3y b\u01b0\u1edbc v\u00e0o m\u1ed9t \u1ed1c \u0111\u1ea3o y\u00ean b\u00ecnh, n\u01a1i \u00e2m thanh \u00eam d\u1ecbu c\u1ee7a d\u00f2ng n\u01b0\u1edbc t\u1ea1o n\u00ean kh\u00f4ng gian th\u01b0 gi\u00e3n tr\u1ecdn v\u1eb9n. Th\u1ea3 m\u00ecnh trong l\u00e0n n\u01b0\u1edbc trong xanh t\u1ea1i h\u1ed3 b\u01a1i th\u00e1c \u0111\u1ed9c \u0111\u00e1o, n\u01a1i \u00e1nh n\u1eafng v\u00e0 l\u00e0n gi\u00f3 mi\u1ec1n Trung nh\u1eb9 nh\u00e0ng v\u1ed7 v\u1ec1, mang l\u1ea1i c\u1ea3m gi\u00e1c th\u01b0 th\u00e1i tuy\u1ec7t \u0111\u1ed1i. Th\u01b0\u1edfng th\u1ee9c nh\u1eefng th\u1ee9c u\u1ed1ng nhi\u1ec7t \u0111\u1edbi m\u00e1t l\u1ea1nh c\u00f9ng \u0111\u1eb7c s\u1ea3n \u0111\u1ecba ph\u01b0\u01a1ng t\u1ea1i qu\u1ea7y bar b\u00ean h\u1ed3 b\u01a1i.<\/p>\n<\/div>\n<\/div>\n<\/div>\n<\/div>\n<\/div>\n<\/div>\n<\/section>\n<\/div>\n","protected":false},"excerpt":{"rendered":"<p>H\u00e3y b\u01b0\u1edbc v\u00e0o m\u1ed9t \u1ed1c \u0111\u1ea3o y\u00ean b\u00ecnh, n\u01a1i \u00e2m thanh \u00eam d\u1ecbu c\u1ee7a d\u00f2ng n\u01b0\u1edbc t\u1ea1o n\u00ean kh\u00f4ng gian th\u01b0 gi\u00e3n tr\u1ecdn v\u1eb9n. Th\u1ea3 m\u00ecnh trong l\u00e0n n\u01b0\u1edbc trong xanh t\u1ea1i h\u1ed3 b\u01a1i th\u00e1c \u0111\u1ed9c \u0111\u00e1o, n\u01a1i \u00e1nh n\u1eafng v\u00e0 l\u00e0n gi\u00f3 mi\u1ec1n Trung nh\u1eb9 nh\u00e0ng v\u1ed7 v\u1ec1, mang l\u1ea1i c\u1ea3m gi\u00e1c th\u01b0 th\u00e1i [&hellip;]<\/p>\n","protected":false},"author":250,"featured_media":0,"parent":236,"menu_order":0,"comment_status":"closed","ping_status":"closed","template":"template-single-restaurant.php","meta":{"footnotes":""},"yoast_head":"<!-- This site is optimized with the Yoast SEO plugin v22.3 - https:\/\/yoast.com\/wordpress\/plugins\/seo\/ -->\n<title>Qu\u1ea7y Bar H\u1ed3 B\u01a1i - The Signature Hoi An<\/title>\n<meta name=\"robots\" content=\"index, follow, max-snippet:-1, max-image-preview:large, max-video-preview:-1\" \/>\n<link rel=\"canonical\" href=\"https:\/\/www.thesignaturehoian.com\/vi\/dining\/quay-bar-ho-boi\/\" \/>\n<meta property=\"og:locale\" content=\"vi_VN\" \/>\n<meta property=\"og:type\" content=\"article\" \/>\n<meta property=\"og:title\" content=\"Qu\u1ea7y Bar H\u1ed3 B\u01a1i - The Signature Hoi An\" \/>\n<meta property=\"og:description\" content=\"H\u00e3y b\u01b0\u1edbc v\u00e0o m\u1ed9t \u1ed1c \u0111\u1ea3o y\u00ean b\u00ecnh, n\u01a1i \u00e2m thanh \u00eam d\u1ecbu c\u1ee7a d\u00f2ng n\u01b0\u1edbc t\u1ea1o n\u00ean kh\u00f4ng gian th\u01b0 gi\u00e3n tr\u1ecdn v\u1eb9n. Th\u1ea3 m\u00ecnh trong l\u00e0n n\u01b0\u1edbc trong xanh t\u1ea1i h\u1ed3 b\u01a1i th\u00e1c \u0111\u1ed9c \u0111\u00e1o, n\u01a1i \u00e1nh n\u1eafng v\u00e0 l\u00e0n gi\u00f3 mi\u1ec1n Trung nh\u1eb9 nh\u00e0ng v\u1ed7 v\u1ec1, mang l\u1ea1i c\u1ea3m gi\u00e1c th\u01b0 th\u00e1i [&hellip;]\" \/>\n<meta property=\"og:url\" content=\"https:\/\/www.thesignaturehoian.com\/vi\/dining\/quay-bar-ho-boi\/\" \/>\n<meta property=\"og:site_name\" content=\"The Signature Hoi An\" \/>\n<meta property=\"article:modified_time\" content=\"2026-04-21T04:09:12+00:00\" \/>\n<meta name=\"twitter:card\" content=\"summary_large_image\" \/>\n<meta name=\"twitter:label1\" content=\"Est. reading time\" \/>\n\t<meta name=\"twitter:data1\" content=\"1 minute\" \/>\n<script type=\"application\/ld+json\" class=\"yoast-schema-graph\">{\"@context\":\"https:\/\/schema.org\",\"@graph\":[{\"@type\":\"WebPage\",\"@id\":\"https:\/\/www.thesignaturehoian.com\/vi\/dining\/quay-bar-ho-boi\/\",\"url\":\"https:\/\/www.thesignaturehoian.com\/vi\/dining\/quay-bar-ho-boi\/\",\"name\":\"Qu\u1ea7y Bar H\u1ed3 B\u01a1i - The Signature Hoi An\",\"isPartOf\":{\"@id\":\"https:\/\/www.thesignaturehoian.com\/vi\/#website\"},\"datePublished\":\"2026-01-07T07:13:32+00:00\",\"dateModified\":\"2026-04-21T04:09:12+00:00\",\"breadcrumb\":{\"@id\":\"https:\/\/www.thesignaturehoian.com\/vi\/dining\/quay-bar-ho-boi\/#breadcrumb\"},\"inLanguage\":\"vi-VN\",\"potentialAction\":[{\"@type\":\"ReadAction\",\"target\":[\"https:\/\/www.thesignaturehoian.com\/vi\/dining\/quay-bar-ho-boi\/\"]}]},{\"@type\":\"BreadcrumbList\",\"@id\":\"https:\/\/www.thesignaturehoian.com\/vi\/dining\/quay-bar-ho-boi\/#breadcrumb\",\"itemListElement\":[{\"@type\":\"ListItem\",\"position\":1,\"name\":\"Home\",\"item\":\"https:\/\/www.thesignaturehoian.com\/vi\/\"},{\"@type\":\"ListItem\",\"position\":2,\"name\":\"\u1ea8m Th\u1ef1c\",\"item\":\"https:\/\/www.thesignaturehoian.com\/vi\/dining\/\"},{\"@type\":\"ListItem\",\"position\":3,\"name\":\"Qu\u1ea7y Bar H\u1ed3 B\u01a1i\"}]},{\"@type\":\"WebSite\",\"@id\":\"https:\/\/www.thesignaturehoian.com\/vi\/#website\",\"url\":\"https:\/\/www.thesignaturehoian.com\/vi\/\",\"name\":\"The Signature Hoi An\",\"description\":\"\",\"potentialAction\":[{\"@type\":\"SearchAction\",\"target\":{\"@type\":\"EntryPoint\",\"urlTemplate\":\"https:\/\/www.thesignaturehoian.com\/vi\/?s={search_term_string}\"},\"query-input\":\"required name=search_term_string\"}],\"inLanguage\":\"vi-VN\"}]}<\/script>\n<!-- \/ Yoast SEO plugin. -->","yoast_head_json":{"title":"Qu\u1ea7y Bar H\u1ed3 B\u01a1i - The Signature Hoi An","robots":{"index":"index","follow":"follow","max-snippet":"max-snippet:-1","max-image-preview":"max-image-preview:large","max-video-preview":"max-video-preview:-1"},"canonical":"https:\/\/www.thesignaturehoian.com\/vi\/dining\/quay-bar-ho-boi\/","og_locale":"vi_VN","og_type":"article","og_title":"Qu\u1ea7y Bar H\u1ed3 B\u01a1i - The Signature Hoi An","og_description":"H\u00e3y b\u01b0\u1edbc v\u00e0o m\u1ed9t \u1ed1c \u0111\u1ea3o y\u00ean b\u00ecnh, n\u01a1i \u00e2m thanh \u00eam d\u1ecbu c\u1ee7a d\u00f2ng n\u01b0\u1edbc t\u1ea1o n\u00ean kh\u00f4ng gian th\u01b0 gi\u00e3n tr\u1ecdn v\u1eb9n. Th\u1ea3 m\u00ecnh trong l\u00e0n n\u01b0\u1edbc trong xanh t\u1ea1i h\u1ed3 b\u01a1i th\u00e1c \u0111\u1ed9c \u0111\u00e1o, n\u01a1i \u00e1nh n\u1eafng v\u00e0 l\u00e0n gi\u00f3 mi\u1ec1n Trung nh\u1eb9 nh\u00e0ng v\u1ed7 v\u1ec1, mang l\u1ea1i c\u1ea3m gi\u00e1c th\u01b0 th\u00e1i [&hellip;]","og_url":"https:\/\/www.thesignaturehoian.com\/vi\/dining\/quay-bar-ho-boi\/","og_site_name":"The Signature Hoi An","article_modified_time":"2026-04-21T04:09:12+00:00","twitter_card":"summary_large_image","twitter_misc":{"Est. reading time":"1 minute"},"schema":{"@context":"https:\/\/schema.org","@graph":[{"@type":"WebPage","@id":"https:\/\/www.thesignaturehoian.com\/vi\/dining\/quay-bar-ho-boi\/","url":"https:\/\/www.thesignaturehoian.com\/vi\/dining\/quay-bar-ho-boi\/","name":"Qu\u1ea7y Bar H\u1ed3 B\u01a1i - The Signature Hoi An","isPartOf":{"@id":"https:\/\/www.thesignaturehoian.com\/vi\/#website"},"datePublished":"2026-01-07T07:13:32+00:00","dateModified":"2026-04-21T04:09:12+00:00","breadcrumb":{"@id":"https:\/\/www.thesignaturehoian.com\/vi\/dining\/quay-bar-ho-boi\/#breadcrumb"},"inLanguage":"vi-VN","potentialAction":[{"@type":"ReadAction","target":["https:\/\/www.thesignaturehoian.com\/vi\/dining\/quay-bar-ho-boi\/"]}]},{"@type":"BreadcrumbList","@id":"https:\/\/www.thesignaturehoian.com\/vi\/dining\/quay-bar-ho-boi\/#breadcrumb","itemListElement":[{"@type":"ListItem","position":1,"name":"Home","item":"https:\/\/www.thesignaturehoian.com\/vi\/"},{"@type":"ListItem","position":2,"name":"\u1ea8m Th\u1ef1c","item":"https:\/\/www.thesignaturehoian.com\/vi\/dining\/"},{"@type":"ListItem","position":3,"name":"Qu\u1ea7y Bar H\u1ed3 B\u01a1i"}]},{"@type":"WebSite","@id":"https:\/\/www.thesignaturehoian.com\/vi\/#website","url":"https:\/\/www.thesignaturehoian.com\/vi\/","name":"The Signature Hoi An","description":"","potentialAction":[{"@type":"SearchAction","target":{"@type":"EntryPoint","urlTemplate":"https:\/\/www.thesignaturehoian.com\/vi\/?s={search_term_string}"},"query-input":"required name=search_term_string"}],"inLanguage":"vi-VN"}]}},"acf":[],"_links":{"self":[{"href":"https:\/\/www.thesignaturehoian.com\/vi\/wp-json\/wp\/v2\/pages\/403"}],"collection":[{"href":"https:\/\/www.thesignaturehoian.com\/vi\/wp-json\/wp\/v2\/pages"}],"about":[{"href":"https:\/\/www.thesignaturehoian.com\/vi\/wp-json\/wp\/v2\/types\/page"}],"author":[{"embeddable":true,"href":"https:\/\/www.thesignaturehoian.com\/vi\/wp-json\/wp\/v2\/users\/250"}],"replies":[{"embeddable":true,"href":"https:\/\/www.thesignaturehoian.com\/vi\/wp-json\/wp\/v2\/comments?post=403"}],"version-history":[{"count":0,"href":"https:\/\/www.thesignaturehoian.com\/vi\/wp-json\/wp\/v2\/pages\/403\/revisions"}],"up":[{"embeddable":true,"href":"https:\/\/www.thesignaturehoian.com\/vi\/wp-json\/wp\/v2\/pages\/236"}],"wp:attachment":[{"href":"https:\/\/www.thesignaturehoian.com\/vi\/wp-json\/wp\/v2\/media?parent=403"}],"curies":[{"name":"wp","href":"https:\/\/api.w.org\/{rel}","templated":true}]}}