{"id":393,"date":"2025-12-29T02:39:43","date_gmt":"2025-12-29T02:39:43","guid":{"rendered":"https:\/\/www.thesignaturehoian.com\/?page_id=393"},"modified":"2026-04-11T04:08:19","modified_gmt":"2026-04-11T04:08:19","slug":"signature-idyllic-room","status":"publish","type":"page","link":"https:\/\/www.thesignaturehoian.com\/vi\/accommodation\/signature-idyllic-room\/","title":{"rendered":"Signature Idyllic Room"},"content":{"rendered":"<p>D\u00e0nh cho nh\u1eefng t\u00e2m h\u1ed3n y\u00eau n\u00e9t duy\u00ean d\u00e1ng, Signature Idyllic l\u00e0 s\u1ef1 giao thoa gi\u1eefa thi\u1ebft k\u1ebf Vi\u1ec7t x\u01b0a v\u00e0 ti\u1ec7n nghi hi\u1ec7n \u0111\u1ea1i. B\u1ee9c t\u01b0\u1eddng m\u00e0u \u0111\u1ea5t nung \u1ea5m \u00e1p, n\u1ed9i th\u1ea5t g\u1ed7 th\u1ee7 c\u00f4ng c\u00f9ng tranh ngh\u1ec7 thu\u1eadt treo \u0111\u1ea7u gi\u01b0\u1eddng t\u00e1i hi\u1ec7n tinh th\u1ea7n H\u1ed9i An c\u1ed5 k\u00ednh. \u00c1nh s\u00e1ng t\u1ef1 nhi\u00ean xuy\u00ean qua l\u1edbp r\u00e8m m\u1ec1m m\u1ea1i, t\u1ea1o n\u00ean kh\u00f4ng gian th\u01b0 gi\u00e3n v\u00e0 \u0111\u1ea7y c\u1ea3m h\u1ee9ng. L\u00fd t\u01b0\u1edfng cho c\u1eb7p \u0111\u00f4i ho\u1eb7c kh\u00e1ch \u0111i m\u1ed9t m\u00ecnh mong mu\u1ed1n tr\u1ea3i nghi\u1ec7m s\u1ef1 ch\u00e2n th\u1eadt trong phong c\u00e1ch \u0111\u1ea7y tinh t\u1ebf.<\/p>\n","protected":false},"excerpt":{"rendered":"<p>D\u00e0nh cho nh\u1eefng t\u00e2m h\u1ed3n y\u00eau n\u00e9t duy\u00ean d\u00e1ng, Signature Idyllic l\u00e0 s\u1ef1 giao thoa gi\u1eefa thi\u1ebft k\u1ebf Vi\u1ec7t x\u01b0a v\u00e0 ti\u1ec7n nghi hi\u1ec7n \u0111\u1ea1i. B\u1ee9c t\u01b0\u1eddng m\u00e0u \u0111\u1ea5t nung \u1ea5m \u00e1p, n\u1ed9i th\u1ea5t g\u1ed7 th\u1ee7 c\u00f4ng c\u00f9ng tranh ngh\u1ec7 thu\u1eadt treo \u0111\u1ea7u gi\u01b0\u1eddng t\u00e1i hi\u1ec7n tinh th\u1ea7n H\u1ed9i An c\u1ed5 k\u00ednh. \u00c1nh s\u00e1ng t\u1ef1 [&hellip;]<\/p>\n","protected":false},"author":250,"featured_media":114,"parent":226,"menu_order":0,"comment_status":"closed","ping_status":"closed","template":"template-single-room.php","meta":{"footnotes":""},"yoast_head":"<!-- This site is optimized with the Yoast SEO plugin v22.3 - https:\/\/yoast.com\/wordpress\/plugins\/seo\/ -->\n<title>Signature Idyllic Room - The Signature Hoi An<\/title>\n<meta name=\"robots\" content=\"index, follow, max-snippet:-1, max-image-preview:large, max-video-preview:-1\" \/>\n<link rel=\"canonical\" href=\"https:\/\/www.thesignaturehoian.com\/vi\/accommodation\/signature-idyllic-room\/\" \/>\n<meta property=\"og:locale\" content=\"vi_VN\" \/>\n<meta property=\"og:type\" content=\"article\" \/>\n<meta property=\"og:title\" content=\"Signature Idyllic Room - The Signature Hoi An\" \/>\n<meta property=\"og:description\" content=\"D\u00e0nh cho nh\u1eefng t\u00e2m h\u1ed3n y\u00eau n\u00e9t duy\u00ean d\u00e1ng, Signature Idyllic l\u00e0 s\u1ef1 giao thoa gi\u1eefa thi\u1ebft k\u1ebf Vi\u1ec7t x\u01b0a v\u00e0 ti\u1ec7n nghi hi\u1ec7n \u0111\u1ea1i. B\u1ee9c t\u01b0\u1eddng m\u00e0u \u0111\u1ea5t nung \u1ea5m \u00e1p, n\u1ed9i th\u1ea5t g\u1ed7 th\u1ee7 c\u00f4ng c\u00f9ng tranh ngh\u1ec7 thu\u1eadt treo \u0111\u1ea7u gi\u01b0\u1eddng t\u00e1i hi\u1ec7n tinh th\u1ea7n H\u1ed9i An c\u1ed5 k\u00ednh. \u00c1nh s\u00e1ng t\u1ef1 [&hellip;]\" \/>\n<meta property=\"og:url\" content=\"https:\/\/www.thesignaturehoian.com\/vi\/accommodation\/signature-idyllic-room\/\" \/>\n<meta property=\"og:site_name\" content=\"The Signature Hoi An\" \/>\n<meta property=\"article:modified_time\" content=\"2026-04-11T04:08:19+00:00\" \/>\n<meta property=\"og:image\" content=\"https:\/\/www.thesignaturehoian.com\/wp-content\/uploads\/sites\/125\/2025\/10\/Gallery-Accommodation-Signature-Idyllic-Room-5.jpg\" \/>\n\t<meta property=\"og:image:width\" content=\"2200\" \/>\n\t<meta property=\"og:image:height\" content=\"1650\" \/>\n\t<meta property=\"og:image:type\" content=\"image\/jpeg\" \/>\n<meta name=\"twitter:card\" content=\"summary_large_image\" \/>\n<meta name=\"twitter:label1\" content=\"Est. reading time\" \/>\n\t<meta name=\"twitter:data1\" content=\"1 minute\" \/>\n<script type=\"application\/ld+json\" class=\"yoast-schema-graph\">{\"@context\":\"https:\/\/schema.org\",\"@graph\":[{\"@type\":\"WebPage\",\"@id\":\"https:\/\/www.thesignaturehoian.com\/vi\/accommodation\/signature-idyllic-room\/\",\"url\":\"https:\/\/www.thesignaturehoian.com\/vi\/accommodation\/signature-idyllic-room\/\",\"name\":\"Signature Idyllic Room - The Signature Hoi An\",\"isPartOf\":{\"@id\":\"https:\/\/www.thesignaturehoian.com\/vi\/#website\"},\"primaryImageOfPage\":{\"@id\":\"https:\/\/www.thesignaturehoian.com\/vi\/accommodation\/signature-idyllic-room\/#primaryimage\"},\"image\":{\"@id\":\"https:\/\/www.thesignaturehoian.com\/vi\/accommodation\/signature-idyllic-room\/#primaryimage\"},\"thumbnailUrl\":\"https:\/\/www.thesignaturehoian.com\/wp-content\/uploads\/sites\/125\/2025\/10\/Gallery-Accommodation-Signature-Idyllic-Room-5.jpg\",\"datePublished\":\"2025-12-29T02:39:43+00:00\",\"dateModified\":\"2026-04-11T04:08:19+00:00\",\"breadcrumb\":{\"@id\":\"https:\/\/www.thesignaturehoian.com\/vi\/accommodation\/signature-idyllic-room\/#breadcrumb\"},\"inLanguage\":\"vi-VN\",\"potentialAction\":[{\"@type\":\"ReadAction\",\"target\":[\"https:\/\/www.thesignaturehoian.com\/vi\/accommodation\/signature-idyllic-room\/\"]}]},{\"@type\":\"ImageObject\",\"inLanguage\":\"vi-VN\",\"@id\":\"https:\/\/www.thesignaturehoian.com\/vi\/accommodation\/signature-idyllic-room\/#primaryimage\",\"url\":\"https:\/\/www.thesignaturehoian.com\/wp-content\/uploads\/sites\/125\/2025\/10\/Gallery-Accommodation-Signature-Idyllic-Room-5.jpg\",\"contentUrl\":\"https:\/\/www.thesignaturehoian.com\/wp-content\/uploads\/sites\/125\/2025\/10\/Gallery-Accommodation-Signature-Idyllic-Room-5.jpg\",\"width\":2200,\"height\":1650},{\"@type\":\"BreadcrumbList\",\"@id\":\"https:\/\/www.thesignaturehoian.com\/vi\/accommodation\/signature-idyllic-room\/#breadcrumb\",\"itemListElement\":[{\"@type\":\"ListItem\",\"position\":1,\"name\":\"Home\",\"item\":\"https:\/\/www.thesignaturehoian.com\/vi\/\"},{\"@type\":\"ListItem\",\"position\":2,\"name\":\"Ph\u00f2ng Ngh\u1ec9\",\"item\":\"https:\/\/www.thesignaturehoian.com\/vi\/accommodation\/\"},{\"@type\":\"ListItem\",\"position\":3,\"name\":\"Signature Idyllic Room\"}]},{\"@type\":\"WebSite\",\"@id\":\"https:\/\/www.thesignaturehoian.com\/vi\/#website\",\"url\":\"https:\/\/www.thesignaturehoian.com\/vi\/\",\"name\":\"The Signature Hoi An\",\"description\":\"\",\"potentialAction\":[{\"@type\":\"SearchAction\",\"target\":{\"@type\":\"EntryPoint\",\"urlTemplate\":\"https:\/\/www.thesignaturehoian.com\/vi\/?s={search_term_string}\"},\"query-input\":\"required name=search_term_string\"}],\"inLanguage\":\"vi-VN\"}]}<\/script>\n<!-- \/ Yoast SEO plugin. -->","yoast_head_json":{"title":"Signature Idyllic Room - The Signature Hoi An","robots":{"index":"index","follow":"follow","max-snippet":"max-snippet:-1","max-image-preview":"max-image-preview:large","max-video-preview":"max-video-preview:-1"},"canonical":"https:\/\/www.thesignaturehoian.com\/vi\/accommodation\/signature-idyllic-room\/","og_locale":"vi_VN","og_type":"article","og_title":"Signature Idyllic Room - The Signature Hoi An","og_description":"D\u00e0nh cho nh\u1eefng t\u00e2m h\u1ed3n y\u00eau n\u00e9t duy\u00ean d\u00e1ng, Signature Idyllic l\u00e0 s\u1ef1 giao thoa gi\u1eefa thi\u1ebft k\u1ebf Vi\u1ec7t x\u01b0a v\u00e0 ti\u1ec7n nghi hi\u1ec7n \u0111\u1ea1i. B\u1ee9c t\u01b0\u1eddng m\u00e0u \u0111\u1ea5t nung \u1ea5m \u00e1p, n\u1ed9i th\u1ea5t g\u1ed7 th\u1ee7 c\u00f4ng c\u00f9ng tranh ngh\u1ec7 thu\u1eadt treo \u0111\u1ea7u gi\u01b0\u1eddng t\u00e1i hi\u1ec7n tinh th\u1ea7n H\u1ed9i An c\u1ed5 k\u00ednh. \u00c1nh s\u00e1ng t\u1ef1 [&hellip;]","og_url":"https:\/\/www.thesignaturehoian.com\/vi\/accommodation\/signature-idyllic-room\/","og_site_name":"The Signature Hoi An","article_modified_time":"2026-04-11T04:08:19+00:00","og_image":[{"width":2200,"height":1650,"url":"https:\/\/www.thesignaturehoian.com\/wp-content\/uploads\/sites\/125\/2025\/10\/Gallery-Accommodation-Signature-Idyllic-Room-5.jpg","type":"image\/jpeg"}],"twitter_card":"summary_large_image","twitter_misc":{"Est. reading time":"1 minute"},"schema":{"@context":"https:\/\/schema.org","@graph":[{"@type":"WebPage","@id":"https:\/\/www.thesignaturehoian.com\/vi\/accommodation\/signature-idyllic-room\/","url":"https:\/\/www.thesignaturehoian.com\/vi\/accommodation\/signature-idyllic-room\/","name":"Signature Idyllic Room - The Signature Hoi An","isPartOf":{"@id":"https:\/\/www.thesignaturehoian.com\/vi\/#website"},"primaryImageOfPage":{"@id":"https:\/\/www.thesignaturehoian.com\/vi\/accommodation\/signature-idyllic-room\/#primaryimage"},"image":{"@id":"https:\/\/www.thesignaturehoian.com\/vi\/accommodation\/signature-idyllic-room\/#primaryimage"},"thumbnailUrl":"https:\/\/www.thesignaturehoian.com\/wp-content\/uploads\/sites\/125\/2025\/10\/Gallery-Accommodation-Signature-Idyllic-Room-5.jpg","datePublished":"2025-12-29T02:39:43+00:00","dateModified":"2026-04-11T04:08:19+00:00","breadcrumb":{"@id":"https:\/\/www.thesignaturehoian.com\/vi\/accommodation\/signature-idyllic-room\/#breadcrumb"},"inLanguage":"vi-VN","potentialAction":[{"@type":"ReadAction","target":["https:\/\/www.thesignaturehoian.com\/vi\/accommodation\/signature-idyllic-room\/"]}]},{"@type":"ImageObject","inLanguage":"vi-VN","@id":"https:\/\/www.thesignaturehoian.com\/vi\/accommodation\/signature-idyllic-room\/#primaryimage","url":"https:\/\/www.thesignaturehoian.com\/wp-content\/uploads\/sites\/125\/2025\/10\/Gallery-Accommodation-Signature-Idyllic-Room-5.jpg","contentUrl":"https:\/\/www.thesignaturehoian.com\/wp-content\/uploads\/sites\/125\/2025\/10\/Gallery-Accommodation-Signature-Idyllic-Room-5.jpg","width":2200,"height":1650},{"@type":"BreadcrumbList","@id":"https:\/\/www.thesignaturehoian.com\/vi\/accommodation\/signature-idyllic-room\/#breadcrumb","itemListElement":[{"@type":"ListItem","position":1,"name":"Home","item":"https:\/\/www.thesignaturehoian.com\/vi\/"},{"@type":"ListItem","position":2,"name":"Ph\u00f2ng Ngh\u1ec9","item":"https:\/\/www.thesignaturehoian.com\/vi\/accommodation\/"},{"@type":"ListItem","position":3,"name":"Signature Idyllic Room"}]},{"@type":"WebSite","@id":"https:\/\/www.thesignaturehoian.com\/vi\/#website","url":"https:\/\/www.thesignaturehoian.com\/vi\/","name":"The Signature Hoi An","description":"","potentialAction":[{"@type":"SearchAction","target":{"@type":"EntryPoint","urlTemplate":"https:\/\/www.thesignaturehoian.com\/vi\/?s={search_term_string}"},"query-input":"required name=search_term_string"}],"inLanguage":"vi-VN"}]}},"acf":[],"_links":{"self":[{"href":"https:\/\/www.thesignaturehoian.com\/vi\/wp-json\/wp\/v2\/pages\/393"}],"collection":[{"href":"https:\/\/www.thesignaturehoian.com\/vi\/wp-json\/wp\/v2\/pages"}],"about":[{"href":"https:\/\/www.thesignaturehoian.com\/vi\/wp-json\/wp\/v2\/types\/page"}],"author":[{"embeddable":true,"href":"https:\/\/www.thesignaturehoian.com\/vi\/wp-json\/wp\/v2\/users\/250"}],"replies":[{"embeddable":true,"href":"https:\/\/www.thesignaturehoian.com\/vi\/wp-json\/wp\/v2\/comments?post=393"}],"version-history":[{"count":0,"href":"https:\/\/www.thesignaturehoian.com\/vi\/wp-json\/wp\/v2\/pages\/393\/revisions"}],"up":[{"embeddable":true,"href":"https:\/\/www.thesignaturehoian.com\/vi\/wp-json\/wp\/v2\/pages\/226"}],"wp:featuredmedia":[{"embeddable":true,"href":"https:\/\/www.thesignaturehoian.com\/vi\/wp-json\/wp\/v2\/media\/114"}],"wp:attachment":[{"href":"https:\/\/www.thesignaturehoian.com\/vi\/wp-json\/wp\/v2\/media?parent=393"}],"curies":[{"name":"wp","href":"https:\/\/api.w.org\/{rel}","templated":true}]}}