{"id":284,"date":"2025-11-18T08:00:52","date_gmt":"2025-11-18T08:00:52","guid":{"rendered":"https:\/\/thesignaturehoian.ms2.decms.asia\/?page_id=284"},"modified":"2026-04-23T07:08:04","modified_gmt":"2026-04-23T07:08:04","slug":"mi-quang-experience","status":"publish","type":"page","link":"https:\/\/www.thesignaturehoian.com\/vi\/services-amenities\/mi-quang-experience\/","title":{"rendered":"Tr\u1ea3i Nghi\u1ec7m L\u1edbp L\u00e0m M\u00ec Qu\u1ea3ng"},"content":{"rendered":"<p style=\"text-align: left\">Kh\u00e1m ph\u00e1 ngh\u1ec7 thu\u1eadt l\u00e0m M\u00ec Qu\u1ea3ng \u2013 m\u00f3n \u0103n bi\u1ec3u t\u01b0\u1ee3ng c\u1ee7a mi\u1ec1n Trung, qua tr\u1ea3i nghi\u1ec7m ch\u1ebf bi\u1ebfn th\u1ee7 c\u00f4ng c\u00f9ng ngh\u1ec7 nh\u00e2n \u0111\u1ecba ph\u01b0\u01a1ng trong kh\u00f4ng gian \u0111\u1eadm ch\u1ea5t H\u1ed9i An. T\u1eeb kh\u00e2u ch\u1ecdn nguy\u00ean li\u1ec7u \u0111\u1ebfn ho\u00e0n thi\u1ec7n m\u00f3n \u0103n, m\u1ed7i b\u01b0\u1edbc \u0111\u1ec1u mang \u0111\u1ebfn g\u00f3c nh\u00ecn ch\u00e2n th\u1ef1c v\u1ec1 v\u0103n h\u00f3a \u1ea9m th\u1ef1c b\u1ea3n \u0111\u1ecba.<\/p>\n<ul>\n<li style=\"text-align: left\"><strong data-start=\"283\" data-end=\"336\">Th\u1eddi gian:<\/strong> 15:00 \u2013 16:00 v\u00e0o m\u1ed7i th\u1ee9 Hai, T\u01b0, S\u00e1u<\/li>\n<li style=\"text-align: left\"><strong>\u0110\u1ecba \u0111i\u1ec3m:<\/strong> Nh\u00e0 h\u00e0ng Ngon Ph\u1ed1 H\u1ed9i<\/li>\n<\/ul>\n<p style=\"text-align: left\">\u0110\u1eb7t ch\u1ed7 tr\u01b0\u1edbc 1 ng\u00e0y \u0111\u1ec3 tham gia tr\u1ea3i nghi\u1ec7m l\u1edbp h\u1ecdc. Li\u00ean h\u1ec7\u00a0<strong>+84 (0) 235 3962 969<\/strong> \u0111\u1ec3 \u0111\u01b0\u1ee3c t\u01b0 v\u1ea5n v\u00e0 \u0111\u1eb7t ch\u1ed7.<\/p>\n","protected":false},"excerpt":{"rendered":"<p>Kh\u00e1m ph\u00e1 ngh\u1ec7 thu\u1eadt l\u00e0m M\u00ec Qu\u1ea3ng \u2013 m\u00f3n \u0103n bi\u1ec3u t\u01b0\u1ee3ng c\u1ee7a mi\u1ec1n Trung, qua tr\u1ea3i nghi\u1ec7m ch\u1ebf bi\u1ebfn th\u1ee7 c\u00f4ng c\u00f9ng ngh\u1ec7 nh\u00e2n \u0111\u1ecba ph\u01b0\u01a1ng trong kh\u00f4ng gian \u0111\u1eadm ch\u1ea5t H\u1ed9i An. T\u1eeb kh\u00e2u ch\u1ecdn nguy\u00ean li\u1ec7u \u0111\u1ebfn ho\u00e0n thi\u1ec7n m\u00f3n \u0103n, m\u1ed7i b\u01b0\u1edbc \u0111\u1ec1u mang \u0111\u1ebfn g\u00f3c nh\u00ecn ch\u00e2n th\u1ef1c v\u1ec1 v\u0103n [&hellip;]<\/p>\n","protected":false},"author":90,"featured_media":0,"parent":239,"menu_order":1,"comment_status":"closed","ping_status":"closed","template":"template-default-2.php","meta":{"footnotes":""},"yoast_head":"<!-- This site is optimized with the Yoast SEO plugin v22.3 - https:\/\/yoast.com\/wordpress\/plugins\/seo\/ -->\n<title>Tr\u1ea3i Nghi\u1ec7m L\u1edbp L\u00e0m M\u00ec Qu\u1ea3ng - The Signature Hoi An<\/title>\n<meta name=\"robots\" content=\"index, follow, max-snippet:-1, max-image-preview:large, max-video-preview:-1\" \/>\n<link rel=\"canonical\" href=\"https:\/\/www.thesignaturehoian.com\/vi\/services-amenities\/mi-quang-experience\/\" \/>\n<meta property=\"og:locale\" content=\"vi_VN\" \/>\n<meta property=\"og:type\" content=\"article\" \/>\n<meta property=\"og:title\" content=\"Tr\u1ea3i Nghi\u1ec7m L\u1edbp L\u00e0m M\u00ec Qu\u1ea3ng - The Signature Hoi An\" \/>\n<meta property=\"og:description\" content=\"Kh\u00e1m ph\u00e1 ngh\u1ec7 thu\u1eadt l\u00e0m M\u00ec Qu\u1ea3ng \u2013 m\u00f3n \u0103n bi\u1ec3u t\u01b0\u1ee3ng c\u1ee7a mi\u1ec1n Trung, qua tr\u1ea3i nghi\u1ec7m ch\u1ebf bi\u1ebfn th\u1ee7 c\u00f4ng c\u00f9ng ngh\u1ec7 nh\u00e2n \u0111\u1ecba ph\u01b0\u01a1ng trong kh\u00f4ng gian \u0111\u1eadm ch\u1ea5t H\u1ed9i An. T\u1eeb kh\u00e2u ch\u1ecdn nguy\u00ean li\u1ec7u \u0111\u1ebfn ho\u00e0n thi\u1ec7n m\u00f3n \u0103n, m\u1ed7i b\u01b0\u1edbc \u0111\u1ec1u mang \u0111\u1ebfn g\u00f3c nh\u00ecn ch\u00e2n th\u1ef1c v\u1ec1 v\u0103n [&hellip;]\" \/>\n<meta property=\"og:url\" content=\"https:\/\/www.thesignaturehoian.com\/vi\/services-amenities\/mi-quang-experience\/\" \/>\n<meta property=\"og:site_name\" content=\"The Signature Hoi An\" \/>\n<meta property=\"article:modified_time\" content=\"2026-04-23T07:08:04+00:00\" \/>\n<meta name=\"twitter:card\" content=\"summary_large_image\" \/>\n<meta name=\"twitter:label1\" content=\"Est. reading time\" \/>\n\t<meta name=\"twitter:data1\" content=\"1 minute\" \/>\n<script type=\"application\/ld+json\" class=\"yoast-schema-graph\">{\"@context\":\"https:\/\/schema.org\",\"@graph\":[{\"@type\":\"WebPage\",\"@id\":\"https:\/\/www.thesignaturehoian.com\/vi\/services-amenities\/mi-quang-experience\/\",\"url\":\"https:\/\/www.thesignaturehoian.com\/vi\/services-amenities\/mi-quang-experience\/\",\"name\":\"Tr\u1ea3i Nghi\u1ec7m L\u1edbp L\u00e0m M\u00ec Qu\u1ea3ng - The Signature Hoi An\",\"isPartOf\":{\"@id\":\"https:\/\/www.thesignaturehoian.com\/vi\/#website\"},\"datePublished\":\"2025-11-18T08:00:52+00:00\",\"dateModified\":\"2026-04-23T07:08:04+00:00\",\"breadcrumb\":{\"@id\":\"https:\/\/www.thesignaturehoian.com\/vi\/services-amenities\/mi-quang-experience\/#breadcrumb\"},\"inLanguage\":\"vi-VN\",\"potentialAction\":[{\"@type\":\"ReadAction\",\"target\":[\"https:\/\/www.thesignaturehoian.com\/vi\/services-amenities\/mi-quang-experience\/\"]}]},{\"@type\":\"BreadcrumbList\",\"@id\":\"https:\/\/www.thesignaturehoian.com\/vi\/services-amenities\/mi-quang-experience\/#breadcrumb\",\"itemListElement\":[{\"@type\":\"ListItem\",\"position\":1,\"name\":\"Home\",\"item\":\"https:\/\/www.thesignaturehoian.com\/vi\/\"},{\"@type\":\"ListItem\",\"position\":2,\"name\":\"D\u1ecbch V\u1ee5 &amp; Ti\u1ec7n \u00cdch\",\"item\":\"https:\/\/www.thesignaturehoian.com\/vi\/services-amenities\/\"},{\"@type\":\"ListItem\",\"position\":3,\"name\":\"Tr\u1ea3i Nghi\u1ec7m L\u1edbp L\u00e0m M\u00ec Qu\u1ea3ng\"}]},{\"@type\":\"WebSite\",\"@id\":\"https:\/\/www.thesignaturehoian.com\/vi\/#website\",\"url\":\"https:\/\/www.thesignaturehoian.com\/vi\/\",\"name\":\"The Signature Hoi An\",\"description\":\"\",\"potentialAction\":[{\"@type\":\"SearchAction\",\"target\":{\"@type\":\"EntryPoint\",\"urlTemplate\":\"https:\/\/www.thesignaturehoian.com\/vi\/?s={search_term_string}\"},\"query-input\":\"required name=search_term_string\"}],\"inLanguage\":\"vi-VN\"}]}<\/script>\n<!-- \/ Yoast SEO plugin. -->","yoast_head_json":{"title":"Tr\u1ea3i Nghi\u1ec7m L\u1edbp L\u00e0m M\u00ec Qu\u1ea3ng - The Signature Hoi An","robots":{"index":"index","follow":"follow","max-snippet":"max-snippet:-1","max-image-preview":"max-image-preview:large","max-video-preview":"max-video-preview:-1"},"canonical":"https:\/\/www.thesignaturehoian.com\/vi\/services-amenities\/mi-quang-experience\/","og_locale":"vi_VN","og_type":"article","og_title":"Tr\u1ea3i Nghi\u1ec7m L\u1edbp L\u00e0m M\u00ec Qu\u1ea3ng - The Signature Hoi An","og_description":"Kh\u00e1m ph\u00e1 ngh\u1ec7 thu\u1eadt l\u00e0m M\u00ec Qu\u1ea3ng \u2013 m\u00f3n \u0103n bi\u1ec3u t\u01b0\u1ee3ng c\u1ee7a mi\u1ec1n Trung, qua tr\u1ea3i nghi\u1ec7m ch\u1ebf bi\u1ebfn th\u1ee7 c\u00f4ng c\u00f9ng ngh\u1ec7 nh\u00e2n \u0111\u1ecba ph\u01b0\u01a1ng trong kh\u00f4ng gian \u0111\u1eadm ch\u1ea5t H\u1ed9i An. T\u1eeb kh\u00e2u ch\u1ecdn nguy\u00ean li\u1ec7u \u0111\u1ebfn ho\u00e0n thi\u1ec7n m\u00f3n \u0103n, m\u1ed7i b\u01b0\u1edbc \u0111\u1ec1u mang \u0111\u1ebfn g\u00f3c nh\u00ecn ch\u00e2n th\u1ef1c v\u1ec1 v\u0103n [&hellip;]","og_url":"https:\/\/www.thesignaturehoian.com\/vi\/services-amenities\/mi-quang-experience\/","og_site_name":"The Signature Hoi An","article_modified_time":"2026-04-23T07:08:04+00:00","twitter_card":"summary_large_image","twitter_misc":{"Est. reading time":"1 minute"},"schema":{"@context":"https:\/\/schema.org","@graph":[{"@type":"WebPage","@id":"https:\/\/www.thesignaturehoian.com\/vi\/services-amenities\/mi-quang-experience\/","url":"https:\/\/www.thesignaturehoian.com\/vi\/services-amenities\/mi-quang-experience\/","name":"Tr\u1ea3i Nghi\u1ec7m L\u1edbp L\u00e0m M\u00ec Qu\u1ea3ng - The Signature Hoi An","isPartOf":{"@id":"https:\/\/www.thesignaturehoian.com\/vi\/#website"},"datePublished":"2025-11-18T08:00:52+00:00","dateModified":"2026-04-23T07:08:04+00:00","breadcrumb":{"@id":"https:\/\/www.thesignaturehoian.com\/vi\/services-amenities\/mi-quang-experience\/#breadcrumb"},"inLanguage":"vi-VN","potentialAction":[{"@type":"ReadAction","target":["https:\/\/www.thesignaturehoian.com\/vi\/services-amenities\/mi-quang-experience\/"]}]},{"@type":"BreadcrumbList","@id":"https:\/\/www.thesignaturehoian.com\/vi\/services-amenities\/mi-quang-experience\/#breadcrumb","itemListElement":[{"@type":"ListItem","position":1,"name":"Home","item":"https:\/\/www.thesignaturehoian.com\/vi\/"},{"@type":"ListItem","position":2,"name":"D\u1ecbch V\u1ee5 &amp; Ti\u1ec7n \u00cdch","item":"https:\/\/www.thesignaturehoian.com\/vi\/services-amenities\/"},{"@type":"ListItem","position":3,"name":"Tr\u1ea3i Nghi\u1ec7m L\u1edbp L\u00e0m M\u00ec Qu\u1ea3ng"}]},{"@type":"WebSite","@id":"https:\/\/www.thesignaturehoian.com\/vi\/#website","url":"https:\/\/www.thesignaturehoian.com\/vi\/","name":"The Signature Hoi An","description":"","potentialAction":[{"@type":"SearchAction","target":{"@type":"EntryPoint","urlTemplate":"https:\/\/www.thesignaturehoian.com\/vi\/?s={search_term_string}"},"query-input":"required name=search_term_string"}],"inLanguage":"vi-VN"}]}},"acf":[],"_links":{"self":[{"href":"https:\/\/www.thesignaturehoian.com\/vi\/wp-json\/wp\/v2\/pages\/284"}],"collection":[{"href":"https:\/\/www.thesignaturehoian.com\/vi\/wp-json\/wp\/v2\/pages"}],"about":[{"href":"https:\/\/www.thesignaturehoian.com\/vi\/wp-json\/wp\/v2\/types\/page"}],"author":[{"embeddable":true,"href":"https:\/\/www.thesignaturehoian.com\/vi\/wp-json\/wp\/v2\/users\/90"}],"replies":[{"embeddable":true,"href":"https:\/\/www.thesignaturehoian.com\/vi\/wp-json\/wp\/v2\/comments?post=284"}],"version-history":[{"count":0,"href":"https:\/\/www.thesignaturehoian.com\/vi\/wp-json\/wp\/v2\/pages\/284\/revisions"}],"up":[{"embeddable":true,"href":"https:\/\/www.thesignaturehoian.com\/vi\/wp-json\/wp\/v2\/pages\/239"}],"wp:attachment":[{"href":"https:\/\/www.thesignaturehoian.com\/vi\/wp-json\/wp\/v2\/media?parent=284"}],"curies":[{"name":"wp","href":"https:\/\/api.w.org\/{rel}","templated":true}]}}