{"id":251,"date":"2025-10-03T09:24:03","date_gmt":"2025-10-03T09:24:03","guid":{"rendered":"https:\/\/thesignaturehoian.ms2.decms.asia\/the-signature-hoi-an\/"},"modified":"2026-05-06T02:11:51","modified_gmt":"2026-05-06T02:11:51","slug":"homepage-the-signature-hoi-an","status":"publish","type":"page","link":"https:\/\/www.thesignaturehoian.com\/vi\/","title":{"rendered":"The Signature Hoi An"},"content":{"rendered":"<p>N\u00e1u m\u00ecnh t\u1ea1i tr\u00e1i tim c\u1ee7a m\u1ed9t \u0111i\u1ec3m \u0111\u1ebfn di s\u1ea3n v\u0103n h\u00f3a, The Signature Hoi An l\u00e0 n\u01a1i l\u01b0u gi\u1eef nh\u1eefng gi\u00e1 tr\u1ecb tinh t\u00fay &#8211; N\u01a1i giao thoa gi\u1eefa nh\u1eefng c\u1ea3m h\u1ee9ng v\u00e0 v\u0103n h\u00f3a b\u1ea3n \u0111\u1ecba \u0111\u1eb7c s\u1eafc. Kh\u00e1m ph\u00e1 m\u1ed9t H\u1ed9i An th\u1eadt \u0111\u1eb7c bi\u1ec7t qua s\u1ef1 t\u1eadn t\u00e2m v\u00e0 t\u1ec9 m\u1ec9 trong d\u1ecbch v\u1ee5.<\/p>\n<p>C\u1ea3m nh\u1eadn s\u1ef1 tinh t\u1ebf trong t\u1eebng chi ti\u1ebft ki\u1ebfn tr\u00fac v\u0103n h\u00f3a v\u00e0 t\u1eebng \u0111i\u1ec3m ch\u1ea1m \u1ea9m th\u1ef1c th\u00fa v\u1ecb, hay xi\u00eau l\u00f2ng tr\u01b0\u1edbc t\u1eebng \u0111\u01b0\u1eddng n\u00e9t g\u1ed1m s\u1ee9 m\u1ec1m m\u1ea1i v\u00e0 m\u00e1i ng\u00f3i nung \u0111\u1ecf t\u1ea1i m\u1ed9t \u0111\u1ecba ch\u1ec9 \u0111\u1ed9c t\u00f4n.<\/p>\n","protected":false},"excerpt":{"rendered":"<p>N\u00e1u m\u00ecnh t\u1ea1i tr\u00e1i tim c\u1ee7a m\u1ed9t \u0111i\u1ec3m \u0111\u1ebfn di s\u1ea3n v\u0103n h\u00f3a, The Signature Hoi An l\u00e0 n\u01a1i l\u01b0u gi\u1eef nh\u1eefng gi\u00e1 tr\u1ecb tinh t\u00fay &#8211; N\u01a1i giao thoa gi\u1eefa nh\u1eefng c\u1ea3m h\u1ee9ng v\u00e0 v\u0103n h\u00f3a b\u1ea3n \u0111\u1ecba \u0111\u1eb7c s\u1eafc. Kh\u00e1m ph\u00e1 m\u1ed9t H\u1ed9i An th\u1eadt \u0111\u1eb7c bi\u1ec7t qua s\u1ef1 t\u1eadn t\u00e2m v\u00e0 t\u1ec9 [&hellip;]<\/p>\n","protected":false},"author":90,"featured_media":0,"parent":0,"menu_order":0,"comment_status":"closed","ping_status":"closed","template":"","meta":{"footnotes":""},"yoast_head":"<!-- This site is optimized with the Yoast SEO plugin v22.3 - https:\/\/yoast.com\/wordpress\/plugins\/seo\/ -->\n<title>Trang ch\u1ee7 | The Signature Hoi An<\/title>\n<meta name=\"robots\" content=\"index, follow, max-snippet:-1, max-image-preview:large, max-video-preview:-1\" \/>\n<link rel=\"canonical\" href=\"https:\/\/www.thesignaturehoian.com\/vi\/\" \/>\n<meta property=\"og:locale\" content=\"vi_VN\" \/>\n<meta property=\"og:type\" content=\"article\" \/>\n<meta property=\"og:title\" content=\"Trang ch\u1ee7 | The Signature Hoi An\" \/>\n<meta property=\"og:description\" content=\"N\u00e1u m\u00ecnh t\u1ea1i tr\u00e1i tim c\u1ee7a m\u1ed9t \u0111i\u1ec3m \u0111\u1ebfn di s\u1ea3n v\u0103n h\u00f3a, The Signature Hoi An l\u00e0 n\u01a1i l\u01b0u gi\u1eef nh\u1eefng gi\u00e1 tr\u1ecb tinh t\u00fay &#8211; N\u01a1i giao thoa gi\u1eefa nh\u1eefng c\u1ea3m h\u1ee9ng v\u00e0 v\u0103n h\u00f3a b\u1ea3n \u0111\u1ecba \u0111\u1eb7c s\u1eafc. Kh\u00e1m ph\u00e1 m\u1ed9t H\u1ed9i An th\u1eadt \u0111\u1eb7c bi\u1ec7t qua s\u1ef1 t\u1eadn t\u00e2m v\u00e0 t\u1ec9 [&hellip;]\" \/>\n<meta property=\"og:url\" content=\"https:\/\/www.thesignaturehoian.com\/vi\/\" \/>\n<meta property=\"og:site_name\" content=\"The Signature Hoi An\" \/>\n<meta property=\"article:modified_time\" content=\"2026-05-06T02:11:51+00:00\" \/>\n<meta name=\"twitter:card\" content=\"summary_large_image\" \/>\n<meta name=\"twitter:label1\" content=\"Est. reading time\" \/>\n\t<meta name=\"twitter:data1\" content=\"1 minute\" \/>\n<script type=\"application\/ld+json\" class=\"yoast-schema-graph\">{\"@context\":\"https:\/\/schema.org\",\"@graph\":[{\"@type\":\"WebPage\",\"@id\":\"https:\/\/www.thesignaturehoian.com\/vi\/\",\"url\":\"https:\/\/www.thesignaturehoian.com\/vi\/\",\"name\":\"Trang ch\u1ee7 | The Signature Hoi An\",\"isPartOf\":{\"@id\":\"https:\/\/www.thesignaturehoian.com\/vi\/#website\"},\"datePublished\":\"2025-10-03T09:24:03+00:00\",\"dateModified\":\"2026-05-06T02:11:51+00:00\",\"breadcrumb\":{\"@id\":\"https:\/\/www.thesignaturehoian.com\/vi\/#breadcrumb\"},\"inLanguage\":\"vi-VN\",\"potentialAction\":[{\"@type\":\"ReadAction\",\"target\":[\"https:\/\/www.thesignaturehoian.com\/vi\/\"]}]},{\"@type\":\"BreadcrumbList\",\"@id\":\"https:\/\/www.thesignaturehoian.com\/vi\/#breadcrumb\",\"itemListElement\":[{\"@type\":\"ListItem\",\"position\":1,\"name\":\"Home\",\"item\":\"https:\/\/www.thesignaturehoian.com\/vi\/\"},{\"@type\":\"ListItem\",\"position\":2,\"name\":\"The Signature Hoi An\"}]},{\"@type\":\"WebSite\",\"@id\":\"https:\/\/www.thesignaturehoian.com\/vi\/#website\",\"url\":\"https:\/\/www.thesignaturehoian.com\/vi\/\",\"name\":\"The Signature Hoi An\",\"description\":\"\",\"potentialAction\":[{\"@type\":\"SearchAction\",\"target\":{\"@type\":\"EntryPoint\",\"urlTemplate\":\"https:\/\/www.thesignaturehoian.com\/vi\/?s={search_term_string}\"},\"query-input\":\"required name=search_term_string\"}],\"inLanguage\":\"vi-VN\"}]}<\/script>\n<!-- \/ Yoast SEO plugin. -->","yoast_head_json":{"title":"Trang ch\u1ee7 | The Signature Hoi An","robots":{"index":"index","follow":"follow","max-snippet":"max-snippet:-1","max-image-preview":"max-image-preview:large","max-video-preview":"max-video-preview:-1"},"canonical":"https:\/\/www.thesignaturehoian.com\/vi\/","og_locale":"vi_VN","og_type":"article","og_title":"Trang ch\u1ee7 | The Signature Hoi An","og_description":"N\u00e1u m\u00ecnh t\u1ea1i tr\u00e1i tim c\u1ee7a m\u1ed9t \u0111i\u1ec3m \u0111\u1ebfn di s\u1ea3n v\u0103n h\u00f3a, The Signature Hoi An l\u00e0 n\u01a1i l\u01b0u gi\u1eef nh\u1eefng gi\u00e1 tr\u1ecb tinh t\u00fay &#8211; N\u01a1i giao thoa gi\u1eefa nh\u1eefng c\u1ea3m h\u1ee9ng v\u00e0 v\u0103n h\u00f3a b\u1ea3n \u0111\u1ecba \u0111\u1eb7c s\u1eafc. Kh\u00e1m ph\u00e1 m\u1ed9t H\u1ed9i An th\u1eadt \u0111\u1eb7c bi\u1ec7t qua s\u1ef1 t\u1eadn t\u00e2m v\u00e0 t\u1ec9 [&hellip;]","og_url":"https:\/\/www.thesignaturehoian.com\/vi\/","og_site_name":"The Signature Hoi An","article_modified_time":"2026-05-06T02:11:51+00:00","twitter_card":"summary_large_image","twitter_misc":{"Est. reading time":"1 minute"},"schema":{"@context":"https:\/\/schema.org","@graph":[{"@type":"WebPage","@id":"https:\/\/www.thesignaturehoian.com\/vi\/","url":"https:\/\/www.thesignaturehoian.com\/vi\/","name":"Trang ch\u1ee7 | The Signature Hoi An","isPartOf":{"@id":"https:\/\/www.thesignaturehoian.com\/vi\/#website"},"datePublished":"2025-10-03T09:24:03+00:00","dateModified":"2026-05-06T02:11:51+00:00","breadcrumb":{"@id":"https:\/\/www.thesignaturehoian.com\/vi\/#breadcrumb"},"inLanguage":"vi-VN","potentialAction":[{"@type":"ReadAction","target":["https:\/\/www.thesignaturehoian.com\/vi\/"]}]},{"@type":"BreadcrumbList","@id":"https:\/\/www.thesignaturehoian.com\/vi\/#breadcrumb","itemListElement":[{"@type":"ListItem","position":1,"name":"Home","item":"https:\/\/www.thesignaturehoian.com\/vi\/"},{"@type":"ListItem","position":2,"name":"The Signature Hoi An"}]},{"@type":"WebSite","@id":"https:\/\/www.thesignaturehoian.com\/vi\/#website","url":"https:\/\/www.thesignaturehoian.com\/vi\/","name":"The Signature Hoi An","description":"","potentialAction":[{"@type":"SearchAction","target":{"@type":"EntryPoint","urlTemplate":"https:\/\/www.thesignaturehoian.com\/vi\/?s={search_term_string}"},"query-input":"required name=search_term_string"}],"inLanguage":"vi-VN"}]}},"acf":[],"_links":{"self":[{"href":"https:\/\/www.thesignaturehoian.com\/vi\/wp-json\/wp\/v2\/pages\/251"}],"collection":[{"href":"https:\/\/www.thesignaturehoian.com\/vi\/wp-json\/wp\/v2\/pages"}],"about":[{"href":"https:\/\/www.thesignaturehoian.com\/vi\/wp-json\/wp\/v2\/types\/page"}],"author":[{"embeddable":true,"href":"https:\/\/www.thesignaturehoian.com\/vi\/wp-json\/wp\/v2\/users\/90"}],"replies":[{"embeddable":true,"href":"https:\/\/www.thesignaturehoian.com\/vi\/wp-json\/wp\/v2\/comments?post=251"}],"version-history":[{"count":0,"href":"https:\/\/www.thesignaturehoian.com\/vi\/wp-json\/wp\/v2\/pages\/251\/revisions"}],"wp:attachment":[{"href":"https:\/\/www.thesignaturehoian.com\/vi\/wp-json\/wp\/v2\/media?parent=251"}],"curies":[{"name":"wp","href":"https:\/\/api.w.org\/{rel}","templated":true}]}}