{"id":247,"date":"2025-10-10T09:29:24","date_gmt":"2025-10-10T09:29:24","guid":{"rendered":"https:\/\/thesignaturehoian.ms2.decms.asia\/gallery\/"},"modified":"2026-04-22T03:43:22","modified_gmt":"2026-04-22T03:43:22","slug":"gallery","status":"publish","type":"page","link":"https:\/\/www.thesignaturehoian.com\/vi\/gallery\/","title":{"rendered":"Th\u01b0 Vi\u1ec7n"},"content":{"rendered":"<p>Ch\u00e0o m\u1eebng b\u1ea1n \u0111\u1ebfn v\u1edbi h\u00e0nh tr\u00ecnh h\u00ecnh \u1ea3nh t\u1ea1i The Signature H\u1ed9i An, n\u01a1i t\u1eebng g\u00f3c nh\u1ecf \u0111\u1ec1u mang m\u1ed9t v\u1ebb \u0111\u1eb9p r\u1ea5t ri\u00eang. Qua t\u1eebng khung h\u00ecnh, kh\u00f4ng gian ph\u00f2ng ngh\u1ec9 sang tr\u1ecdng, h\u1ed3 b\u01a1i y\u00ean t\u0129nh v\u00e0 nh\u1eefng \u0111\u01b0\u1eddng n\u00e9t ki\u1ebfn tr\u00fac g\u1ee3i nh\u1edb ph\u1ed1 c\u1ed5 d\u1ea7n hi\u1ec7n ra m\u1ed9t c\u00e1ch t\u1ef1 nhi\u00ean. T\u1eeb nh\u00e0 h\u00e0ng, qu\u1ea7y bar \u0111\u1ebfn khu th\u01b0 gi\u00e3n, m\u1ecdi tr\u1ea3i nghi\u1ec7m \u0111\u1ec1u \u0111\u01b0\u1ee3c k\u1ebft n\u1ed1i h\u00e0i h\u00f2a gi\u1eefa n\u00e9t hi\u1ec7n \u0111\u1ea1i v\u00e0 truy\u1ec1n th\u1ed1ng, \u0111\u1ee7 \u0111\u1ec3 b\u1ea1n ch\u1eadm l\u1ea1i v\u00e0 t\u1eadn h\u01b0\u1edfng tr\u1ecdn v\u1eb9n t\u1eebng kho\u1ea3nh kh\u1eafc.<\/p>\n","protected":false},"excerpt":{"rendered":"<p>Ch\u00e0o m\u1eebng b\u1ea1n \u0111\u1ebfn v\u1edbi h\u00e0nh tr\u00ecnh h\u00ecnh \u1ea3nh t\u1ea1i The Signature H\u1ed9i An, n\u01a1i t\u1eebng g\u00f3c nh\u1ecf \u0111\u1ec1u mang m\u1ed9t v\u1ebb \u0111\u1eb9p r\u1ea5t ri\u00eang. Qua t\u1eebng khung h\u00ecnh, kh\u00f4ng gian ph\u00f2ng ngh\u1ec9 sang tr\u1ecdng, h\u1ed3 b\u01a1i y\u00ean t\u0129nh v\u00e0 nh\u1eefng \u0111\u01b0\u1eddng n\u00e9t ki\u1ebfn tr\u00fac g\u1ee3i nh\u1edb ph\u1ed1 c\u1ed5 d\u1ea7n hi\u1ec7n ra m\u1ed9t c\u00e1ch t\u1ef1 [&hellip;]<\/p>\n","protected":false},"author":90,"featured_media":0,"parent":0,"menu_order":0,"comment_status":"closed","ping_status":"closed","template":"template-gallery.php","meta":{"footnotes":""},"yoast_head":"<!-- This site is optimized with the Yoast SEO plugin v22.3 - https:\/\/yoast.com\/wordpress\/plugins\/seo\/ -->\n<title>Th\u01b0 Vi\u1ec7n - The Signature Hoi An<\/title>\n<meta name=\"robots\" content=\"index, follow, max-snippet:-1, max-image-preview:large, max-video-preview:-1\" \/>\n<link rel=\"canonical\" href=\"https:\/\/www.thesignaturehoian.com\/vi\/gallery\/\" \/>\n<meta property=\"og:locale\" content=\"vi_VN\" \/>\n<meta property=\"og:type\" content=\"article\" \/>\n<meta property=\"og:title\" content=\"Th\u01b0 Vi\u1ec7n - The Signature Hoi An\" \/>\n<meta property=\"og:description\" content=\"Ch\u00e0o m\u1eebng b\u1ea1n \u0111\u1ebfn v\u1edbi h\u00e0nh tr\u00ecnh h\u00ecnh \u1ea3nh t\u1ea1i The Signature H\u1ed9i An, n\u01a1i t\u1eebng g\u00f3c nh\u1ecf \u0111\u1ec1u mang m\u1ed9t v\u1ebb \u0111\u1eb9p r\u1ea5t ri\u00eang. Qua t\u1eebng khung h\u00ecnh, kh\u00f4ng gian ph\u00f2ng ngh\u1ec9 sang tr\u1ecdng, h\u1ed3 b\u01a1i y\u00ean t\u0129nh v\u00e0 nh\u1eefng \u0111\u01b0\u1eddng n\u00e9t ki\u1ebfn tr\u00fac g\u1ee3i nh\u1edb ph\u1ed1 c\u1ed5 d\u1ea7n hi\u1ec7n ra m\u1ed9t c\u00e1ch t\u1ef1 [&hellip;]\" \/>\n<meta property=\"og:url\" content=\"https:\/\/www.thesignaturehoian.com\/vi\/gallery\/\" \/>\n<meta property=\"og:site_name\" content=\"The Signature Hoi An\" \/>\n<meta property=\"article:modified_time\" content=\"2026-04-22T03:43:22+00:00\" \/>\n<meta name=\"twitter:card\" content=\"summary_large_image\" \/>\n<meta name=\"twitter:label1\" content=\"Est. reading time\" \/>\n\t<meta name=\"twitter:data1\" content=\"1 minute\" \/>\n<script type=\"application\/ld+json\" class=\"yoast-schema-graph\">{\"@context\":\"https:\/\/schema.org\",\"@graph\":[{\"@type\":\"WebPage\",\"@id\":\"https:\/\/www.thesignaturehoian.com\/vi\/gallery\/\",\"url\":\"https:\/\/www.thesignaturehoian.com\/vi\/gallery\/\",\"name\":\"Th\u01b0 Vi\u1ec7n - The Signature Hoi An\",\"isPartOf\":{\"@id\":\"https:\/\/www.thesignaturehoian.com\/vi\/#website\"},\"datePublished\":\"2025-10-10T09:29:24+00:00\",\"dateModified\":\"2026-04-22T03:43:22+00:00\",\"breadcrumb\":{\"@id\":\"https:\/\/www.thesignaturehoian.com\/vi\/gallery\/#breadcrumb\"},\"inLanguage\":\"vi-VN\",\"potentialAction\":[{\"@type\":\"ReadAction\",\"target\":[\"https:\/\/www.thesignaturehoian.com\/vi\/gallery\/\"]}]},{\"@type\":\"BreadcrumbList\",\"@id\":\"https:\/\/www.thesignaturehoian.com\/vi\/gallery\/#breadcrumb\",\"itemListElement\":[{\"@type\":\"ListItem\",\"position\":1,\"name\":\"Home\",\"item\":\"https:\/\/www.thesignaturehoian.com\/vi\/\"},{\"@type\":\"ListItem\",\"position\":2,\"name\":\"Th\u01b0 Vi\u1ec7n\"}]},{\"@type\":\"WebSite\",\"@id\":\"https:\/\/www.thesignaturehoian.com\/vi\/#website\",\"url\":\"https:\/\/www.thesignaturehoian.com\/vi\/\",\"name\":\"The Signature Hoi An\",\"description\":\"\",\"potentialAction\":[{\"@type\":\"SearchAction\",\"target\":{\"@type\":\"EntryPoint\",\"urlTemplate\":\"https:\/\/www.thesignaturehoian.com\/vi\/?s={search_term_string}\"},\"query-input\":\"required name=search_term_string\"}],\"inLanguage\":\"vi-VN\"}]}<\/script>\n<!-- \/ Yoast SEO plugin. -->","yoast_head_json":{"title":"Th\u01b0 Vi\u1ec7n - The Signature Hoi An","robots":{"index":"index","follow":"follow","max-snippet":"max-snippet:-1","max-image-preview":"max-image-preview:large","max-video-preview":"max-video-preview:-1"},"canonical":"https:\/\/www.thesignaturehoian.com\/vi\/gallery\/","og_locale":"vi_VN","og_type":"article","og_title":"Th\u01b0 Vi\u1ec7n - The Signature Hoi An","og_description":"Ch\u00e0o m\u1eebng b\u1ea1n \u0111\u1ebfn v\u1edbi h\u00e0nh tr\u00ecnh h\u00ecnh \u1ea3nh t\u1ea1i The Signature H\u1ed9i An, n\u01a1i t\u1eebng g\u00f3c nh\u1ecf \u0111\u1ec1u mang m\u1ed9t v\u1ebb \u0111\u1eb9p r\u1ea5t ri\u00eang. Qua t\u1eebng khung h\u00ecnh, kh\u00f4ng gian ph\u00f2ng ngh\u1ec9 sang tr\u1ecdng, h\u1ed3 b\u01a1i y\u00ean t\u0129nh v\u00e0 nh\u1eefng \u0111\u01b0\u1eddng n\u00e9t ki\u1ebfn tr\u00fac g\u1ee3i nh\u1edb ph\u1ed1 c\u1ed5 d\u1ea7n hi\u1ec7n ra m\u1ed9t c\u00e1ch t\u1ef1 [&hellip;]","og_url":"https:\/\/www.thesignaturehoian.com\/vi\/gallery\/","og_site_name":"The Signature Hoi An","article_modified_time":"2026-04-22T03:43:22+00:00","twitter_card":"summary_large_image","twitter_misc":{"Est. reading time":"1 minute"},"schema":{"@context":"https:\/\/schema.org","@graph":[{"@type":"WebPage","@id":"https:\/\/www.thesignaturehoian.com\/vi\/gallery\/","url":"https:\/\/www.thesignaturehoian.com\/vi\/gallery\/","name":"Th\u01b0 Vi\u1ec7n - The Signature Hoi An","isPartOf":{"@id":"https:\/\/www.thesignaturehoian.com\/vi\/#website"},"datePublished":"2025-10-10T09:29:24+00:00","dateModified":"2026-04-22T03:43:22+00:00","breadcrumb":{"@id":"https:\/\/www.thesignaturehoian.com\/vi\/gallery\/#breadcrumb"},"inLanguage":"vi-VN","potentialAction":[{"@type":"ReadAction","target":["https:\/\/www.thesignaturehoian.com\/vi\/gallery\/"]}]},{"@type":"BreadcrumbList","@id":"https:\/\/www.thesignaturehoian.com\/vi\/gallery\/#breadcrumb","itemListElement":[{"@type":"ListItem","position":1,"name":"Home","item":"https:\/\/www.thesignaturehoian.com\/vi\/"},{"@type":"ListItem","position":2,"name":"Th\u01b0 Vi\u1ec7n"}]},{"@type":"WebSite","@id":"https:\/\/www.thesignaturehoian.com\/vi\/#website","url":"https:\/\/www.thesignaturehoian.com\/vi\/","name":"The Signature Hoi An","description":"","potentialAction":[{"@type":"SearchAction","target":{"@type":"EntryPoint","urlTemplate":"https:\/\/www.thesignaturehoian.com\/vi\/?s={search_term_string}"},"query-input":"required name=search_term_string"}],"inLanguage":"vi-VN"}]}},"acf":[],"_links":{"self":[{"href":"https:\/\/www.thesignaturehoian.com\/vi\/wp-json\/wp\/v2\/pages\/247"}],"collection":[{"href":"https:\/\/www.thesignaturehoian.com\/vi\/wp-json\/wp\/v2\/pages"}],"about":[{"href":"https:\/\/www.thesignaturehoian.com\/vi\/wp-json\/wp\/v2\/types\/page"}],"author":[{"embeddable":true,"href":"https:\/\/www.thesignaturehoian.com\/vi\/wp-json\/wp\/v2\/users\/90"}],"replies":[{"embeddable":true,"href":"https:\/\/www.thesignaturehoian.com\/vi\/wp-json\/wp\/v2\/comments?post=247"}],"version-history":[{"count":0,"href":"https:\/\/www.thesignaturehoian.com\/vi\/wp-json\/wp\/v2\/pages\/247\/revisions"}],"wp:attachment":[{"href":"https:\/\/www.thesignaturehoian.com\/vi\/wp-json\/wp\/v2\/media?parent=247"}],"curies":[{"name":"wp","href":"https:\/\/api.w.org\/{rel}","templated":true}]}}