{"id":246,"date":"2025-10-10T09:17:45","date_gmt":"2025-10-10T09:17:45","guid":{"rendered":"https:\/\/thesignaturehoian.ms2.decms.asia\/destination\/"},"modified":"2026-04-22T03:31:50","modified_gmt":"2026-04-22T03:31:50","slug":"destination","status":"publish","type":"page","link":"https:\/\/www.thesignaturehoian.com\/vi\/destination\/","title":{"rendered":"\u0110i\u1ec3m \u0110\u1ebfn"},"content":{"rendered":"<p>T\u1ecda l\u1ea1c t\u1ea1i m\u1ed9t trong nh\u1eefng Di s\u1ea3n Th\u1ebf gi\u1edbi, tr\u1ea3i nghi\u1ec7m nh\u1eefng \u0111i\u1ec3m \u0111\u1eb7c s\u1eafc v\u0103n h\u00f3a v\u00e0 kh\u00e1m ph\u00e1 v\u1ebb \u0111\u1eb9p mi\u1ec1n \u0111\u1ea5t H\u1ed9i An c\u00f9ng The Signature Hoi An.<\/p>\n","protected":false},"excerpt":{"rendered":"<p>T\u1ecda l\u1ea1c t\u1ea1i m\u1ed9t trong nh\u1eefng Di s\u1ea3n Th\u1ebf gi\u1edbi, tr\u1ea3i nghi\u1ec7m nh\u1eefng \u0111i\u1ec3m \u0111\u1eb7c s\u1eafc v\u0103n h\u00f3a v\u00e0 kh\u00e1m ph\u00e1 v\u1ebb \u0111\u1eb9p mi\u1ec1n \u0111\u1ea5t H\u1ed9i An c\u00f9ng The Signature Hoi An.<\/p>\n","protected":false},"author":90,"featured_media":191,"parent":0,"menu_order":0,"comment_status":"closed","ping_status":"closed","template":"template-location.php","meta":{"footnotes":""},"yoast_head":"<!-- This site is optimized with the Yoast SEO plugin v22.3 - https:\/\/yoast.com\/wordpress\/plugins\/seo\/ -->\n<title>\u0110i\u1ec3m \u0110\u1ebfn - The Signature Hoi An<\/title>\n<meta name=\"robots\" content=\"index, follow, max-snippet:-1, max-image-preview:large, max-video-preview:-1\" \/>\n<link rel=\"canonical\" href=\"https:\/\/www.thesignaturehoian.com\/vi\/destination\/\" \/>\n<meta property=\"og:locale\" content=\"vi_VN\" \/>\n<meta property=\"og:type\" content=\"article\" \/>\n<meta property=\"og:title\" content=\"\u0110i\u1ec3m \u0110\u1ebfn - The Signature Hoi An\" \/>\n<meta property=\"og:description\" content=\"T\u1ecda l\u1ea1c t\u1ea1i m\u1ed9t trong nh\u1eefng Di s\u1ea3n Th\u1ebf gi\u1edbi, tr\u1ea3i nghi\u1ec7m nh\u1eefng \u0111i\u1ec3m \u0111\u1eb7c s\u1eafc v\u0103n h\u00f3a v\u00e0 kh\u00e1m ph\u00e1 v\u1ebb \u0111\u1eb9p mi\u1ec1n \u0111\u1ea5t H\u1ed9i An c\u00f9ng The Signature Hoi An.\" \/>\n<meta property=\"og:url\" content=\"https:\/\/www.thesignaturehoian.com\/vi\/destination\/\" \/>\n<meta property=\"og:site_name\" content=\"The Signature Hoi An\" \/>\n<meta property=\"article:modified_time\" content=\"2026-04-22T03:31:50+00:00\" \/>\n<meta property=\"og:image\" content=\"https:\/\/www.thesignaturehoian.com\/wp-content\/uploads\/sites\/125\/2025\/10\/facade-2.jpg\" \/>\n\t<meta property=\"og:image:width\" content=\"2200\" \/>\n\t<meta property=\"og:image:height\" content=\"1466\" \/>\n\t<meta property=\"og:image:type\" content=\"image\/jpeg\" \/>\n<meta name=\"twitter:card\" content=\"summary_large_image\" \/>\n<meta name=\"twitter:label1\" content=\"Est. reading time\" \/>\n\t<meta name=\"twitter:data1\" content=\"1 minute\" \/>\n<script type=\"application\/ld+json\" class=\"yoast-schema-graph\">{\"@context\":\"https:\/\/schema.org\",\"@graph\":[{\"@type\":\"WebPage\",\"@id\":\"https:\/\/www.thesignaturehoian.com\/vi\/destination\/\",\"url\":\"https:\/\/www.thesignaturehoian.com\/vi\/destination\/\",\"name\":\"\u0110i\u1ec3m \u0110\u1ebfn - The Signature Hoi An\",\"isPartOf\":{\"@id\":\"https:\/\/www.thesignaturehoian.com\/vi\/#website\"},\"primaryImageOfPage\":{\"@id\":\"https:\/\/www.thesignaturehoian.com\/vi\/destination\/#primaryimage\"},\"image\":{\"@id\":\"https:\/\/www.thesignaturehoian.com\/vi\/destination\/#primaryimage\"},\"thumbnailUrl\":\"https:\/\/www.thesignaturehoian.com\/wp-content\/uploads\/sites\/125\/2025\/10\/facade-2.jpg\",\"datePublished\":\"2025-10-10T09:17:45+00:00\",\"dateModified\":\"2026-04-22T03:31:50+00:00\",\"breadcrumb\":{\"@id\":\"https:\/\/www.thesignaturehoian.com\/vi\/destination\/#breadcrumb\"},\"inLanguage\":\"vi-VN\",\"potentialAction\":[{\"@type\":\"ReadAction\",\"target\":[\"https:\/\/www.thesignaturehoian.com\/vi\/destination\/\"]}]},{\"@type\":\"ImageObject\",\"inLanguage\":\"vi-VN\",\"@id\":\"https:\/\/www.thesignaturehoian.com\/vi\/destination\/#primaryimage\",\"url\":\"https:\/\/www.thesignaturehoian.com\/wp-content\/uploads\/sites\/125\/2025\/10\/facade-2.jpg\",\"contentUrl\":\"https:\/\/www.thesignaturehoian.com\/wp-content\/uploads\/sites\/125\/2025\/10\/facade-2.jpg\",\"width\":2200,\"height\":1466},{\"@type\":\"BreadcrumbList\",\"@id\":\"https:\/\/www.thesignaturehoian.com\/vi\/destination\/#breadcrumb\",\"itemListElement\":[{\"@type\":\"ListItem\",\"position\":1,\"name\":\"Home\",\"item\":\"https:\/\/www.thesignaturehoian.com\/vi\/\"},{\"@type\":\"ListItem\",\"position\":2,\"name\":\"\u0110i\u1ec3m \u0110\u1ebfn\"}]},{\"@type\":\"WebSite\",\"@id\":\"https:\/\/www.thesignaturehoian.com\/vi\/#website\",\"url\":\"https:\/\/www.thesignaturehoian.com\/vi\/\",\"name\":\"The Signature Hoi An\",\"description\":\"\",\"potentialAction\":[{\"@type\":\"SearchAction\",\"target\":{\"@type\":\"EntryPoint\",\"urlTemplate\":\"https:\/\/www.thesignaturehoian.com\/vi\/?s={search_term_string}\"},\"query-input\":\"required name=search_term_string\"}],\"inLanguage\":\"vi-VN\"}]}<\/script>\n<!-- \/ Yoast SEO plugin. -->","yoast_head_json":{"title":"\u0110i\u1ec3m \u0110\u1ebfn - The Signature Hoi An","robots":{"index":"index","follow":"follow","max-snippet":"max-snippet:-1","max-image-preview":"max-image-preview:large","max-video-preview":"max-video-preview:-1"},"canonical":"https:\/\/www.thesignaturehoian.com\/vi\/destination\/","og_locale":"vi_VN","og_type":"article","og_title":"\u0110i\u1ec3m \u0110\u1ebfn - The Signature Hoi An","og_description":"T\u1ecda l\u1ea1c t\u1ea1i m\u1ed9t trong nh\u1eefng Di s\u1ea3n Th\u1ebf gi\u1edbi, tr\u1ea3i nghi\u1ec7m nh\u1eefng \u0111i\u1ec3m \u0111\u1eb7c s\u1eafc v\u0103n h\u00f3a v\u00e0 kh\u00e1m ph\u00e1 v\u1ebb \u0111\u1eb9p mi\u1ec1n \u0111\u1ea5t H\u1ed9i An c\u00f9ng The Signature Hoi An.","og_url":"https:\/\/www.thesignaturehoian.com\/vi\/destination\/","og_site_name":"The Signature Hoi An","article_modified_time":"2026-04-22T03:31:50+00:00","og_image":[{"width":2200,"height":1466,"url":"https:\/\/www.thesignaturehoian.com\/wp-content\/uploads\/sites\/125\/2025\/10\/facade-2.jpg","type":"image\/jpeg"}],"twitter_card":"summary_large_image","twitter_misc":{"Est. reading time":"1 minute"},"schema":{"@context":"https:\/\/schema.org","@graph":[{"@type":"WebPage","@id":"https:\/\/www.thesignaturehoian.com\/vi\/destination\/","url":"https:\/\/www.thesignaturehoian.com\/vi\/destination\/","name":"\u0110i\u1ec3m \u0110\u1ebfn - The Signature Hoi An","isPartOf":{"@id":"https:\/\/www.thesignaturehoian.com\/vi\/#website"},"primaryImageOfPage":{"@id":"https:\/\/www.thesignaturehoian.com\/vi\/destination\/#primaryimage"},"image":{"@id":"https:\/\/www.thesignaturehoian.com\/vi\/destination\/#primaryimage"},"thumbnailUrl":"https:\/\/www.thesignaturehoian.com\/wp-content\/uploads\/sites\/125\/2025\/10\/facade-2.jpg","datePublished":"2025-10-10T09:17:45+00:00","dateModified":"2026-04-22T03:31:50+00:00","breadcrumb":{"@id":"https:\/\/www.thesignaturehoian.com\/vi\/destination\/#breadcrumb"},"inLanguage":"vi-VN","potentialAction":[{"@type":"ReadAction","target":["https:\/\/www.thesignaturehoian.com\/vi\/destination\/"]}]},{"@type":"ImageObject","inLanguage":"vi-VN","@id":"https:\/\/www.thesignaturehoian.com\/vi\/destination\/#primaryimage","url":"https:\/\/www.thesignaturehoian.com\/wp-content\/uploads\/sites\/125\/2025\/10\/facade-2.jpg","contentUrl":"https:\/\/www.thesignaturehoian.com\/wp-content\/uploads\/sites\/125\/2025\/10\/facade-2.jpg","width":2200,"height":1466},{"@type":"BreadcrumbList","@id":"https:\/\/www.thesignaturehoian.com\/vi\/destination\/#breadcrumb","itemListElement":[{"@type":"ListItem","position":1,"name":"Home","item":"https:\/\/www.thesignaturehoian.com\/vi\/"},{"@type":"ListItem","position":2,"name":"\u0110i\u1ec3m \u0110\u1ebfn"}]},{"@type":"WebSite","@id":"https:\/\/www.thesignaturehoian.com\/vi\/#website","url":"https:\/\/www.thesignaturehoian.com\/vi\/","name":"The Signature Hoi An","description":"","potentialAction":[{"@type":"SearchAction","target":{"@type":"EntryPoint","urlTemplate":"https:\/\/www.thesignaturehoian.com\/vi\/?s={search_term_string}"},"query-input":"required name=search_term_string"}],"inLanguage":"vi-VN"}]}},"acf":[],"_links":{"self":[{"href":"https:\/\/www.thesignaturehoian.com\/vi\/wp-json\/wp\/v2\/pages\/246"}],"collection":[{"href":"https:\/\/www.thesignaturehoian.com\/vi\/wp-json\/wp\/v2\/pages"}],"about":[{"href":"https:\/\/www.thesignaturehoian.com\/vi\/wp-json\/wp\/v2\/types\/page"}],"author":[{"embeddable":true,"href":"https:\/\/www.thesignaturehoian.com\/vi\/wp-json\/wp\/v2\/users\/90"}],"replies":[{"embeddable":true,"href":"https:\/\/www.thesignaturehoian.com\/vi\/wp-json\/wp\/v2\/comments?post=246"}],"version-history":[{"count":0,"href":"https:\/\/www.thesignaturehoian.com\/vi\/wp-json\/wp\/v2\/pages\/246\/revisions"}],"wp:featuredmedia":[{"embeddable":true,"href":"https:\/\/www.thesignaturehoian.com\/vi\/wp-json\/wp\/v2\/media\/191"}],"wp:attachment":[{"href":"https:\/\/www.thesignaturehoian.com\/vi\/wp-json\/wp\/v2\/media?parent=246"}],"curies":[{"name":"wp","href":"https:\/\/api.w.org\/{rel}","templated":true}]}}