{"id":245,"date":"2025-10-10T09:17:23","date_gmt":"2025-10-10T09:17:23","guid":{"rendered":"https:\/\/thesignaturehoian.ms2.decms.asia\/the-ginger-wellness-spa\/"},"modified":"2026-04-25T02:40:49","modified_gmt":"2026-04-25T02:40:49","slug":"the-ginger-wellness-spa","status":"publish","type":"page","link":"https:\/\/www.thesignaturehoian.com\/vi\/the-ginger-wellness-spa\/","title":{"rendered":"The Ginger Wellness Spa"},"content":{"rendered":"<p style=\"text-align: left\">Y\u00ean \u1ea3 v\u00e0 nh\u1eb9 nh\u00e0ng, h\u00e3y \u0111\u1ec3 s\u1ef1 t\u01b0\u01a1i tr\u1ebb c\u1ee7a b\u1ea1n \u0111\u01b0\u1ee3c \u0111\u00e1nh th\u1ee9c v\u1edbi nh\u1eefng b\u00e0i tr\u1ecb li\u1ec7u k\u1ebft h\u1ee3p t\u1ea1i The Ginger Wellness Spa. D\u1eabn l\u1ed1i t\u00e2m tr\u00ed v\u00e0 c\u01a1 th\u1ec3 khi th\u1ea3 l\u1ecfng d\u01b0\u1edbi b\u00e0n tay c\u1ee7a nh\u1eefng k\u0129 thu\u1eadt vi\u00ean \u00e2n c\u1ea7n v\u00e0 xua tan m\u1ecdi m\u1ec7t m\u1ecfi v\u1edbi c\u00e1c ph\u00f2ng ri\u00eang t\u01b0 \u1ea5m c\u00fang, khu v\u1ef1c ng\u1ed3i y\u00ean t\u0129nh, v\u00e0 c\u1ea3nh quan xanh \u01b0\u01a1m c\u1ee7a kh\u00f4ng gian g\u1ea7n g\u0169i thi\u00ean nhi\u00ean.<\/p>\n<p style=\"text-align: left\"><strong>V\u1ecb tr\u00ed:<\/strong> T\u1ea7ng 1<br \/>\n<strong>Th\u1eddi gian ho\u1ea1t \u0111\u1ed9ng:<\/strong>\u00a009:00 &#8211; 22:00<\/p>\n<p style=\"text-align: left\">Vui l\u00f2ng li\u00ean h\u1ec7\u00a0<strong>+84 (0) 235 3962 969<\/strong> \u0111\u1ec3 \u0111\u01b0\u1ee3c t\u01b0 v\u1ea5n v\u1ec1 c\u00e1c li\u1ec7u tr\u00ecnh.<\/p>\n","protected":false},"excerpt":{"rendered":"<p>Y\u00ean \u1ea3 v\u00e0 nh\u1eb9 nh\u00e0ng, h\u00e3y \u0111\u1ec3 s\u1ef1 t\u01b0\u01a1i tr\u1ebb c\u1ee7a b\u1ea1n \u0111\u01b0\u1ee3c \u0111\u00e1nh th\u1ee9c v\u1edbi nh\u1eefng b\u00e0i tr\u1ecb li\u1ec7u k\u1ebft h\u1ee3p t\u1ea1i The Ginger Wellness Spa. D\u1eabn l\u1ed1i t\u00e2m tr\u00ed v\u00e0 c\u01a1 th\u1ec3 khi th\u1ea3 l\u1ecfng d\u01b0\u1edbi b\u00e0n tay c\u1ee7a nh\u1eefng k\u0129 thu\u1eadt vi\u00ean \u00e2n c\u1ea7n v\u00e0 xua tan m\u1ecdi m\u1ec7t m\u1ecfi v\u1edbi c\u00e1c [&hellip;]<\/p>\n","protected":false},"author":90,"featured_media":0,"parent":0,"menu_order":1,"comment_status":"closed","ping_status":"closed","template":"template-spa.php","meta":{"footnotes":""},"yoast_head":"<!-- This site is optimized with the Yoast SEO plugin v22.3 - https:\/\/yoast.com\/wordpress\/plugins\/seo\/ -->\n<title>The Ginger Wellness Spa - The Signature Hoi An<\/title>\n<meta name=\"robots\" content=\"index, follow, max-snippet:-1, max-image-preview:large, max-video-preview:-1\" \/>\n<link rel=\"canonical\" href=\"https:\/\/www.thesignaturehoian.com\/vi\/the-ginger-wellness-spa\/\" \/>\n<meta property=\"og:locale\" content=\"vi_VN\" \/>\n<meta property=\"og:type\" content=\"article\" \/>\n<meta property=\"og:title\" content=\"The Ginger Wellness Spa - The Signature Hoi An\" \/>\n<meta property=\"og:description\" content=\"Y\u00ean \u1ea3 v\u00e0 nh\u1eb9 nh\u00e0ng, h\u00e3y \u0111\u1ec3 s\u1ef1 t\u01b0\u01a1i tr\u1ebb c\u1ee7a b\u1ea1n \u0111\u01b0\u1ee3c \u0111\u00e1nh th\u1ee9c v\u1edbi nh\u1eefng b\u00e0i tr\u1ecb li\u1ec7u k\u1ebft h\u1ee3p t\u1ea1i The Ginger Wellness Spa. D\u1eabn l\u1ed1i t\u00e2m tr\u00ed v\u00e0 c\u01a1 th\u1ec3 khi th\u1ea3 l\u1ecfng d\u01b0\u1edbi b\u00e0n tay c\u1ee7a nh\u1eefng k\u0129 thu\u1eadt vi\u00ean \u00e2n c\u1ea7n v\u00e0 xua tan m\u1ecdi m\u1ec7t m\u1ecfi v\u1edbi c\u00e1c [&hellip;]\" \/>\n<meta property=\"og:url\" content=\"https:\/\/www.thesignaturehoian.com\/vi\/the-ginger-wellness-spa\/\" \/>\n<meta property=\"og:site_name\" content=\"The Signature Hoi An\" \/>\n<meta property=\"article:modified_time\" content=\"2026-04-25T02:40:49+00:00\" \/>\n<meta name=\"twitter:card\" content=\"summary_large_image\" \/>\n<meta name=\"twitter:label1\" content=\"Est. reading time\" \/>\n\t<meta name=\"twitter:data1\" content=\"1 minute\" \/>\n<script type=\"application\/ld+json\" class=\"yoast-schema-graph\">{\"@context\":\"https:\/\/schema.org\",\"@graph\":[{\"@type\":\"WebPage\",\"@id\":\"https:\/\/www.thesignaturehoian.com\/vi\/the-ginger-wellness-spa\/\",\"url\":\"https:\/\/www.thesignaturehoian.com\/vi\/the-ginger-wellness-spa\/\",\"name\":\"The Ginger Wellness Spa - The Signature Hoi An\",\"isPartOf\":{\"@id\":\"https:\/\/www.thesignaturehoian.com\/vi\/#website\"},\"datePublished\":\"2025-10-10T09:17:23+00:00\",\"dateModified\":\"2026-04-25T02:40:49+00:00\",\"breadcrumb\":{\"@id\":\"https:\/\/www.thesignaturehoian.com\/vi\/the-ginger-wellness-spa\/#breadcrumb\"},\"inLanguage\":\"vi-VN\",\"potentialAction\":[{\"@type\":\"ReadAction\",\"target\":[\"https:\/\/www.thesignaturehoian.com\/vi\/the-ginger-wellness-spa\/\"]}]},{\"@type\":\"BreadcrumbList\",\"@id\":\"https:\/\/www.thesignaturehoian.com\/vi\/the-ginger-wellness-spa\/#breadcrumb\",\"itemListElement\":[{\"@type\":\"ListItem\",\"position\":1,\"name\":\"Home\",\"item\":\"https:\/\/www.thesignaturehoian.com\/vi\/\"},{\"@type\":\"ListItem\",\"position\":2,\"name\":\"The Ginger Wellness Spa\"}]},{\"@type\":\"WebSite\",\"@id\":\"https:\/\/www.thesignaturehoian.com\/vi\/#website\",\"url\":\"https:\/\/www.thesignaturehoian.com\/vi\/\",\"name\":\"The Signature Hoi An\",\"description\":\"\",\"potentialAction\":[{\"@type\":\"SearchAction\",\"target\":{\"@type\":\"EntryPoint\",\"urlTemplate\":\"https:\/\/www.thesignaturehoian.com\/vi\/?s={search_term_string}\"},\"query-input\":\"required name=search_term_string\"}],\"inLanguage\":\"vi-VN\"}]}<\/script>\n<!-- \/ Yoast SEO plugin. -->","yoast_head_json":{"title":"The Ginger Wellness Spa - The Signature Hoi An","robots":{"index":"index","follow":"follow","max-snippet":"max-snippet:-1","max-image-preview":"max-image-preview:large","max-video-preview":"max-video-preview:-1"},"canonical":"https:\/\/www.thesignaturehoian.com\/vi\/the-ginger-wellness-spa\/","og_locale":"vi_VN","og_type":"article","og_title":"The Ginger Wellness Spa - The Signature Hoi An","og_description":"Y\u00ean \u1ea3 v\u00e0 nh\u1eb9 nh\u00e0ng, h\u00e3y \u0111\u1ec3 s\u1ef1 t\u01b0\u01a1i tr\u1ebb c\u1ee7a b\u1ea1n \u0111\u01b0\u1ee3c \u0111\u00e1nh th\u1ee9c v\u1edbi nh\u1eefng b\u00e0i tr\u1ecb li\u1ec7u k\u1ebft h\u1ee3p t\u1ea1i The Ginger Wellness Spa. D\u1eabn l\u1ed1i t\u00e2m tr\u00ed v\u00e0 c\u01a1 th\u1ec3 khi th\u1ea3 l\u1ecfng d\u01b0\u1edbi b\u00e0n tay c\u1ee7a nh\u1eefng k\u0129 thu\u1eadt vi\u00ean \u00e2n c\u1ea7n v\u00e0 xua tan m\u1ecdi m\u1ec7t m\u1ecfi v\u1edbi c\u00e1c [&hellip;]","og_url":"https:\/\/www.thesignaturehoian.com\/vi\/the-ginger-wellness-spa\/","og_site_name":"The Signature Hoi An","article_modified_time":"2026-04-25T02:40:49+00:00","twitter_card":"summary_large_image","twitter_misc":{"Est. reading time":"1 minute"},"schema":{"@context":"https:\/\/schema.org","@graph":[{"@type":"WebPage","@id":"https:\/\/www.thesignaturehoian.com\/vi\/the-ginger-wellness-spa\/","url":"https:\/\/www.thesignaturehoian.com\/vi\/the-ginger-wellness-spa\/","name":"The Ginger Wellness Spa - The Signature Hoi An","isPartOf":{"@id":"https:\/\/www.thesignaturehoian.com\/vi\/#website"},"datePublished":"2025-10-10T09:17:23+00:00","dateModified":"2026-04-25T02:40:49+00:00","breadcrumb":{"@id":"https:\/\/www.thesignaturehoian.com\/vi\/the-ginger-wellness-spa\/#breadcrumb"},"inLanguage":"vi-VN","potentialAction":[{"@type":"ReadAction","target":["https:\/\/www.thesignaturehoian.com\/vi\/the-ginger-wellness-spa\/"]}]},{"@type":"BreadcrumbList","@id":"https:\/\/www.thesignaturehoian.com\/vi\/the-ginger-wellness-spa\/#breadcrumb","itemListElement":[{"@type":"ListItem","position":1,"name":"Home","item":"https:\/\/www.thesignaturehoian.com\/vi\/"},{"@type":"ListItem","position":2,"name":"The Ginger Wellness Spa"}]},{"@type":"WebSite","@id":"https:\/\/www.thesignaturehoian.com\/vi\/#website","url":"https:\/\/www.thesignaturehoian.com\/vi\/","name":"The Signature Hoi An","description":"","potentialAction":[{"@type":"SearchAction","target":{"@type":"EntryPoint","urlTemplate":"https:\/\/www.thesignaturehoian.com\/vi\/?s={search_term_string}"},"query-input":"required name=search_term_string"}],"inLanguage":"vi-VN"}]}},"acf":[],"_links":{"self":[{"href":"https:\/\/www.thesignaturehoian.com\/vi\/wp-json\/wp\/v2\/pages\/245"}],"collection":[{"href":"https:\/\/www.thesignaturehoian.com\/vi\/wp-json\/wp\/v2\/pages"}],"about":[{"href":"https:\/\/www.thesignaturehoian.com\/vi\/wp-json\/wp\/v2\/types\/page"}],"author":[{"embeddable":true,"href":"https:\/\/www.thesignaturehoian.com\/vi\/wp-json\/wp\/v2\/users\/90"}],"replies":[{"embeddable":true,"href":"https:\/\/www.thesignaturehoian.com\/vi\/wp-json\/wp\/v2\/comments?post=245"}],"version-history":[{"count":0,"href":"https:\/\/www.thesignaturehoian.com\/vi\/wp-json\/wp\/v2\/pages\/245\/revisions"}],"wp:attachment":[{"href":"https:\/\/www.thesignaturehoian.com\/vi\/wp-json\/wp\/v2\/media?parent=245"}],"curies":[{"name":"wp","href":"https:\/\/api.w.org\/{rel}","templated":true}]}}