{"id":242,"date":"2025-10-07T07:56:50","date_gmt":"2025-10-07T07:56:50","guid":{"rendered":"https:\/\/thesignaturehoian.ms2.decms.asia\/meeting-events\/"},"modified":"2026-04-23T04:34:14","modified_gmt":"2026-04-23T04:34:14","slug":"meeting-events","status":"publish","type":"page","link":"https:\/\/www.thesignaturehoian.com\/vi\/meeting-events\/","title":{"rendered":"H\u1ed9i Ngh\u1ecb &amp; S\u1ef1 Ki\u1ec7n"},"content":{"rendered":"<p>S\u1ef1 pha tr\u1ed9n gi\u1eefa hi\u1ec7n \u0111\u1ea1i v\u00e0 c\u1ed5 \u0111i\u1ec3n v\u1edbi n\u1ed9i th\u1ea5t tinh t\u1ebf. Nh\u1eefng \u0111\u01b0\u1eddng n\u00e9t thanh l\u1ecbch v\u00e0 trang tr\u00ed truy\u1ec1n th\u1ed1ng, c\u0103n ph\u00f2ng l\u00e0 l\u1ef1a ch\u1ecdn ho\u00e0n h\u1ea3o cho c\u00e1c s\u1ef1 ki\u1ec7n v\u1eeba v\u00e0 nh\u1ecf, c\u00e1c cu\u1ed9c h\u1ecdp ho\u1eb7c b\u1eefa t\u1ed1i \u0111\u1eb7c bi\u1ec7t.<\/p>\n","protected":false},"excerpt":{"rendered":"<p>S\u1ef1 pha tr\u1ed9n gi\u1eefa hi\u1ec7n \u0111\u1ea1i v\u00e0 c\u1ed5 \u0111i\u1ec3n v\u1edbi n\u1ed9i th\u1ea5t tinh t\u1ebf. Nh\u1eefng \u0111\u01b0\u1eddng n\u00e9t thanh l\u1ecbch v\u00e0 trang tr\u00ed truy\u1ec1n th\u1ed1ng, c\u0103n ph\u00f2ng l\u00e0 l\u1ef1a ch\u1ecdn ho\u00e0n h\u1ea3o cho c\u00e1c s\u1ef1 ki\u1ec7n v\u1eeba v\u00e0 nh\u1ecf, c\u00e1c cu\u1ed9c h\u1ecdp ho\u1eb7c b\u1eefa t\u1ed1i \u0111\u1eb7c bi\u1ec7t.<\/p>\n","protected":false},"author":90,"featured_media":0,"parent":0,"menu_order":0,"comment_status":"closed","ping_status":"closed","template":"template-meeting.php","meta":{"footnotes":""},"yoast_head":"<!-- This site is optimized with the Yoast SEO plugin v22.3 - https:\/\/yoast.com\/wordpress\/plugins\/seo\/ -->\n<title>H\u1ed9i Ngh\u1ecb &amp; S\u1ef1 Ki\u1ec7n - The Signature Hoi An<\/title>\n<meta name=\"robots\" content=\"index, follow, max-snippet:-1, max-image-preview:large, max-video-preview:-1\" \/>\n<link rel=\"canonical\" href=\"https:\/\/www.thesignaturehoian.com\/vi\/meeting-events\/\" \/>\n<meta property=\"og:locale\" content=\"vi_VN\" \/>\n<meta property=\"og:type\" content=\"article\" \/>\n<meta property=\"og:title\" content=\"H\u1ed9i Ngh\u1ecb &amp; S\u1ef1 Ki\u1ec7n - The Signature Hoi An\" \/>\n<meta property=\"og:description\" content=\"S\u1ef1 pha tr\u1ed9n gi\u1eefa hi\u1ec7n \u0111\u1ea1i v\u00e0 c\u1ed5 \u0111i\u1ec3n v\u1edbi n\u1ed9i th\u1ea5t tinh t\u1ebf. Nh\u1eefng \u0111\u01b0\u1eddng n\u00e9t thanh l\u1ecbch v\u00e0 trang tr\u00ed truy\u1ec1n th\u1ed1ng, c\u0103n ph\u00f2ng l\u00e0 l\u1ef1a ch\u1ecdn ho\u00e0n h\u1ea3o cho c\u00e1c s\u1ef1 ki\u1ec7n v\u1eeba v\u00e0 nh\u1ecf, c\u00e1c cu\u1ed9c h\u1ecdp ho\u1eb7c b\u1eefa t\u1ed1i \u0111\u1eb7c bi\u1ec7t.\" \/>\n<meta property=\"og:url\" content=\"https:\/\/www.thesignaturehoian.com\/vi\/meeting-events\/\" \/>\n<meta property=\"og:site_name\" content=\"The Signature Hoi An\" \/>\n<meta property=\"article:modified_time\" content=\"2026-04-23T04:34:14+00:00\" \/>\n<meta name=\"twitter:card\" content=\"summary_large_image\" \/>\n<meta name=\"twitter:label1\" content=\"Est. reading time\" \/>\n\t<meta name=\"twitter:data1\" content=\"1 minute\" \/>\n<script type=\"application\/ld+json\" class=\"yoast-schema-graph\">{\"@context\":\"https:\/\/schema.org\",\"@graph\":[{\"@type\":\"WebPage\",\"@id\":\"https:\/\/www.thesignaturehoian.com\/vi\/meeting-events\/\",\"url\":\"https:\/\/www.thesignaturehoian.com\/vi\/meeting-events\/\",\"name\":\"H\u1ed9i Ngh\u1ecb &amp; S\u1ef1 Ki\u1ec7n - The Signature Hoi An\",\"isPartOf\":{\"@id\":\"https:\/\/www.thesignaturehoian.com\/vi\/#website\"},\"datePublished\":\"2025-10-07T07:56:50+00:00\",\"dateModified\":\"2026-04-23T04:34:14+00:00\",\"breadcrumb\":{\"@id\":\"https:\/\/www.thesignaturehoian.com\/vi\/meeting-events\/#breadcrumb\"},\"inLanguage\":\"vi-VN\",\"potentialAction\":[{\"@type\":\"ReadAction\",\"target\":[\"https:\/\/www.thesignaturehoian.com\/vi\/meeting-events\/\"]}]},{\"@type\":\"BreadcrumbList\",\"@id\":\"https:\/\/www.thesignaturehoian.com\/vi\/meeting-events\/#breadcrumb\",\"itemListElement\":[{\"@type\":\"ListItem\",\"position\":1,\"name\":\"Home\",\"item\":\"https:\/\/www.thesignaturehoian.com\/vi\/\"},{\"@type\":\"ListItem\",\"position\":2,\"name\":\"H\u1ed9i Ngh\u1ecb &amp; S\u1ef1 Ki\u1ec7n\"}]},{\"@type\":\"WebSite\",\"@id\":\"https:\/\/www.thesignaturehoian.com\/vi\/#website\",\"url\":\"https:\/\/www.thesignaturehoian.com\/vi\/\",\"name\":\"The Signature Hoi An\",\"description\":\"\",\"potentialAction\":[{\"@type\":\"SearchAction\",\"target\":{\"@type\":\"EntryPoint\",\"urlTemplate\":\"https:\/\/www.thesignaturehoian.com\/vi\/?s={search_term_string}\"},\"query-input\":\"required name=search_term_string\"}],\"inLanguage\":\"vi-VN\"}]}<\/script>\n<!-- \/ Yoast SEO plugin. -->","yoast_head_json":{"title":"H\u1ed9i Ngh\u1ecb &amp; S\u1ef1 Ki\u1ec7n - The Signature Hoi An","robots":{"index":"index","follow":"follow","max-snippet":"max-snippet:-1","max-image-preview":"max-image-preview:large","max-video-preview":"max-video-preview:-1"},"canonical":"https:\/\/www.thesignaturehoian.com\/vi\/meeting-events\/","og_locale":"vi_VN","og_type":"article","og_title":"H\u1ed9i Ngh\u1ecb &amp; S\u1ef1 Ki\u1ec7n - The Signature Hoi An","og_description":"S\u1ef1 pha tr\u1ed9n gi\u1eefa hi\u1ec7n \u0111\u1ea1i v\u00e0 c\u1ed5 \u0111i\u1ec3n v\u1edbi n\u1ed9i th\u1ea5t tinh t\u1ebf. Nh\u1eefng \u0111\u01b0\u1eddng n\u00e9t thanh l\u1ecbch v\u00e0 trang tr\u00ed truy\u1ec1n th\u1ed1ng, c\u0103n ph\u00f2ng l\u00e0 l\u1ef1a ch\u1ecdn ho\u00e0n h\u1ea3o cho c\u00e1c s\u1ef1 ki\u1ec7n v\u1eeba v\u00e0 nh\u1ecf, c\u00e1c cu\u1ed9c h\u1ecdp ho\u1eb7c b\u1eefa t\u1ed1i \u0111\u1eb7c bi\u1ec7t.","og_url":"https:\/\/www.thesignaturehoian.com\/vi\/meeting-events\/","og_site_name":"The Signature Hoi An","article_modified_time":"2026-04-23T04:34:14+00:00","twitter_card":"summary_large_image","twitter_misc":{"Est. reading time":"1 minute"},"schema":{"@context":"https:\/\/schema.org","@graph":[{"@type":"WebPage","@id":"https:\/\/www.thesignaturehoian.com\/vi\/meeting-events\/","url":"https:\/\/www.thesignaturehoian.com\/vi\/meeting-events\/","name":"H\u1ed9i Ngh\u1ecb &amp; S\u1ef1 Ki\u1ec7n - The Signature Hoi An","isPartOf":{"@id":"https:\/\/www.thesignaturehoian.com\/vi\/#website"},"datePublished":"2025-10-07T07:56:50+00:00","dateModified":"2026-04-23T04:34:14+00:00","breadcrumb":{"@id":"https:\/\/www.thesignaturehoian.com\/vi\/meeting-events\/#breadcrumb"},"inLanguage":"vi-VN","potentialAction":[{"@type":"ReadAction","target":["https:\/\/www.thesignaturehoian.com\/vi\/meeting-events\/"]}]},{"@type":"BreadcrumbList","@id":"https:\/\/www.thesignaturehoian.com\/vi\/meeting-events\/#breadcrumb","itemListElement":[{"@type":"ListItem","position":1,"name":"Home","item":"https:\/\/www.thesignaturehoian.com\/vi\/"},{"@type":"ListItem","position":2,"name":"H\u1ed9i Ngh\u1ecb &amp; S\u1ef1 Ki\u1ec7n"}]},{"@type":"WebSite","@id":"https:\/\/www.thesignaturehoian.com\/vi\/#website","url":"https:\/\/www.thesignaturehoian.com\/vi\/","name":"The Signature Hoi An","description":"","potentialAction":[{"@type":"SearchAction","target":{"@type":"EntryPoint","urlTemplate":"https:\/\/www.thesignaturehoian.com\/vi\/?s={search_term_string}"},"query-input":"required name=search_term_string"}],"inLanguage":"vi-VN"}]}},"acf":[],"_links":{"self":[{"href":"https:\/\/www.thesignaturehoian.com\/vi\/wp-json\/wp\/v2\/pages\/242"}],"collection":[{"href":"https:\/\/www.thesignaturehoian.com\/vi\/wp-json\/wp\/v2\/pages"}],"about":[{"href":"https:\/\/www.thesignaturehoian.com\/vi\/wp-json\/wp\/v2\/types\/page"}],"author":[{"embeddable":true,"href":"https:\/\/www.thesignaturehoian.com\/vi\/wp-json\/wp\/v2\/users\/90"}],"replies":[{"embeddable":true,"href":"https:\/\/www.thesignaturehoian.com\/vi\/wp-json\/wp\/v2\/comments?post=242"}],"version-history":[{"count":0,"href":"https:\/\/www.thesignaturehoian.com\/vi\/wp-json\/wp\/v2\/pages\/242\/revisions"}],"wp:attachment":[{"href":"https:\/\/www.thesignaturehoian.com\/vi\/wp-json\/wp\/v2\/media?parent=242"}],"curies":[{"name":"wp","href":"https:\/\/api.w.org\/{rel}","templated":true}]}}