{"id":236,"date":"2025-10-07T07:26:33","date_gmt":"2025-10-07T07:26:33","guid":{"rendered":"https:\/\/thesignaturehoian.ms2.decms.asia\/dining\/"},"modified":"2026-04-20T10:08:46","modified_gmt":"2026-04-20T10:08:46","slug":"dining","status":"publish","type":"page","link":"https:\/\/www.thesignaturehoian.com\/vi\/dining\/","title":{"rendered":"\u1ea8m Th\u1ef1c"},"content":{"rendered":"<p data-pm-slice=\"1 1 []\">T\u1ea1i The Signature Hoi An, \u1ea9m th\u1ef1c kh\u00f4ng ch\u1ec9 \u0111\u01a1n thu\u1ea7n g\u00f3i g\u1ecdn trong vi\u1ec7c th\u01b0\u1edfng th\u1ee9c \u0111\u1eb7c s\u1ea3n \u0111\u1ecba ph\u01b0\u01a1ng, m\u00e0 c\u00f2n l\u00e0 h\u00e0nh tr\u00ecnh c\u1ea3m nh\u1eadn tr\u1ecdn v\u1eb9n b\u1eb1ng nhi\u1ec1u gi\u00e1c quan. V\u1ecb gi\u00e1c \u0111\u01b0\u1ee3c \u0111\u00e1nh th\u1ee9c qua nh\u1eefng m\u00f3n \u0103n \u0111\u1eadm \u0111\u00e0 b\u1ea3n s\u1eafc, trong khi th\u1ecb gi\u00e1c v\u00e0 th\u00ednh gi\u00e1c \u0111\u01b0\u1ee3c d\u1eabn d\u1eaft b\u1edfi kh\u00f4ng gian ngh\u1ec7 thu\u1eadt.<\/p>\n<p>H\u00e0nh tr\u00ecnh \u1ea5y \u0111\u1ea1t \u0111\u1ebfn t\u1ea7ng tr\u1ea3i nghi\u1ec7m cao nh\u1ea5t qua c\u00e1c ho\u1ea1t \u0111\u1ed9ng t\u01b0\u01a1ng t\u00e1c, n\u01a1i th\u1ef1c kh\u00e1ch tr\u1ef1c ti\u1ebfp tham gia v\u00e0 t\u1ea1o n\u00ean d\u1ea5u \u1ea5n ri\u00eang. C\u00f9ng tr\u1ea3i nghi\u1ec7m h\u00e0nh tr\u00ecnh \u1ea9m th\u1ef1c t\u1ea1i nh\u00e0 h\u00e0ng Ngon Ph\u1ed1 H\u1ed9i, qu\u1ea7y Bar h\u1ed3 b\u01a1i v\u00e0 g\u00f3c Coffe &amp; Lounge t\u1ea1i The Signature Hoi An.<\/p>\n","protected":false},"excerpt":{"rendered":"<p>T\u1ea1i The Signature Hoi An, \u1ea9m th\u1ef1c kh\u00f4ng ch\u1ec9 \u0111\u01a1n thu\u1ea7n g\u00f3i g\u1ecdn trong vi\u1ec7c th\u01b0\u1edfng th\u1ee9c \u0111\u1eb7c s\u1ea3n \u0111\u1ecba ph\u01b0\u01a1ng, m\u00e0 c\u00f2n l\u00e0 h\u00e0nh tr\u00ecnh c\u1ea3m nh\u1eadn tr\u1ecdn v\u1eb9n b\u1eb1ng nhi\u1ec1u gi\u00e1c quan. V\u1ecb gi\u00e1c \u0111\u01b0\u1ee3c \u0111\u00e1nh th\u1ee9c qua nh\u1eefng m\u00f3n \u0103n \u0111\u1eadm \u0111\u00e0 b\u1ea3n s\u1eafc, trong khi th\u1ecb gi\u00e1c v\u00e0 th\u00ednh gi\u00e1c \u0111\u01b0\u1ee3c [&hellip;]<\/p>\n","protected":false},"author":90,"featured_media":0,"parent":0,"menu_order":0,"comment_status":"closed","ping_status":"closed","template":"template-restaurants.php","meta":{"footnotes":""},"yoast_head":"<!-- This site is optimized with the Yoast SEO plugin v22.3 - https:\/\/yoast.com\/wordpress\/plugins\/seo\/ -->\n<title>\u1ea8m Th\u1ef1c - The Signature Hoi An<\/title>\n<meta name=\"robots\" content=\"index, follow, max-snippet:-1, max-image-preview:large, max-video-preview:-1\" \/>\n<link rel=\"canonical\" href=\"https:\/\/www.thesignaturehoian.com\/vi\/dining\/\" \/>\n<meta property=\"og:locale\" content=\"vi_VN\" \/>\n<meta property=\"og:type\" content=\"article\" \/>\n<meta property=\"og:title\" content=\"\u1ea8m Th\u1ef1c - The Signature Hoi An\" \/>\n<meta property=\"og:description\" content=\"T\u1ea1i The Signature Hoi An, \u1ea9m th\u1ef1c kh\u00f4ng ch\u1ec9 \u0111\u01a1n thu\u1ea7n g\u00f3i g\u1ecdn trong vi\u1ec7c th\u01b0\u1edfng th\u1ee9c \u0111\u1eb7c s\u1ea3n \u0111\u1ecba ph\u01b0\u01a1ng, m\u00e0 c\u00f2n l\u00e0 h\u00e0nh tr\u00ecnh c\u1ea3m nh\u1eadn tr\u1ecdn v\u1eb9n b\u1eb1ng nhi\u1ec1u gi\u00e1c quan. V\u1ecb gi\u00e1c \u0111\u01b0\u1ee3c \u0111\u00e1nh th\u1ee9c qua nh\u1eefng m\u00f3n \u0103n \u0111\u1eadm \u0111\u00e0 b\u1ea3n s\u1eafc, trong khi th\u1ecb gi\u00e1c v\u00e0 th\u00ednh gi\u00e1c \u0111\u01b0\u1ee3c [&hellip;]\" \/>\n<meta property=\"og:url\" content=\"https:\/\/www.thesignaturehoian.com\/vi\/dining\/\" \/>\n<meta property=\"og:site_name\" content=\"The Signature Hoi An\" \/>\n<meta property=\"article:modified_time\" content=\"2026-04-20T10:08:46+00:00\" \/>\n<meta name=\"twitter:card\" content=\"summary_large_image\" \/>\n<meta name=\"twitter:label1\" content=\"Est. reading time\" \/>\n\t<meta name=\"twitter:data1\" content=\"1 minute\" \/>\n<script type=\"application\/ld+json\" class=\"yoast-schema-graph\">{\"@context\":\"https:\/\/schema.org\",\"@graph\":[{\"@type\":\"WebPage\",\"@id\":\"https:\/\/www.thesignaturehoian.com\/vi\/dining\/\",\"url\":\"https:\/\/www.thesignaturehoian.com\/vi\/dining\/\",\"name\":\"\u1ea8m Th\u1ef1c - The Signature Hoi An\",\"isPartOf\":{\"@id\":\"https:\/\/www.thesignaturehoian.com\/vi\/#website\"},\"datePublished\":\"2025-10-07T07:26:33+00:00\",\"dateModified\":\"2026-04-20T10:08:46+00:00\",\"breadcrumb\":{\"@id\":\"https:\/\/www.thesignaturehoian.com\/vi\/dining\/#breadcrumb\"},\"inLanguage\":\"vi-VN\",\"potentialAction\":[{\"@type\":\"ReadAction\",\"target\":[\"https:\/\/www.thesignaturehoian.com\/vi\/dining\/\"]}]},{\"@type\":\"BreadcrumbList\",\"@id\":\"https:\/\/www.thesignaturehoian.com\/vi\/dining\/#breadcrumb\",\"itemListElement\":[{\"@type\":\"ListItem\",\"position\":1,\"name\":\"Home\",\"item\":\"https:\/\/www.thesignaturehoian.com\/vi\/\"},{\"@type\":\"ListItem\",\"position\":2,\"name\":\"\u1ea8m Th\u1ef1c\"}]},{\"@type\":\"WebSite\",\"@id\":\"https:\/\/www.thesignaturehoian.com\/vi\/#website\",\"url\":\"https:\/\/www.thesignaturehoian.com\/vi\/\",\"name\":\"The Signature Hoi An\",\"description\":\"\",\"potentialAction\":[{\"@type\":\"SearchAction\",\"target\":{\"@type\":\"EntryPoint\",\"urlTemplate\":\"https:\/\/www.thesignaturehoian.com\/vi\/?s={search_term_string}\"},\"query-input\":\"required name=search_term_string\"}],\"inLanguage\":\"vi-VN\"}]}<\/script>\n<!-- \/ Yoast SEO plugin. -->","yoast_head_json":{"title":"\u1ea8m Th\u1ef1c - The Signature Hoi An","robots":{"index":"index","follow":"follow","max-snippet":"max-snippet:-1","max-image-preview":"max-image-preview:large","max-video-preview":"max-video-preview:-1"},"canonical":"https:\/\/www.thesignaturehoian.com\/vi\/dining\/","og_locale":"vi_VN","og_type":"article","og_title":"\u1ea8m Th\u1ef1c - The Signature Hoi An","og_description":"T\u1ea1i The Signature Hoi An, \u1ea9m th\u1ef1c kh\u00f4ng ch\u1ec9 \u0111\u01a1n thu\u1ea7n g\u00f3i g\u1ecdn trong vi\u1ec7c th\u01b0\u1edfng th\u1ee9c \u0111\u1eb7c s\u1ea3n \u0111\u1ecba ph\u01b0\u01a1ng, m\u00e0 c\u00f2n l\u00e0 h\u00e0nh tr\u00ecnh c\u1ea3m nh\u1eadn tr\u1ecdn v\u1eb9n b\u1eb1ng nhi\u1ec1u gi\u00e1c quan. V\u1ecb gi\u00e1c \u0111\u01b0\u1ee3c \u0111\u00e1nh th\u1ee9c qua nh\u1eefng m\u00f3n \u0103n \u0111\u1eadm \u0111\u00e0 b\u1ea3n s\u1eafc, trong khi th\u1ecb gi\u00e1c v\u00e0 th\u00ednh gi\u00e1c \u0111\u01b0\u1ee3c [&hellip;]","og_url":"https:\/\/www.thesignaturehoian.com\/vi\/dining\/","og_site_name":"The Signature Hoi An","article_modified_time":"2026-04-20T10:08:46+00:00","twitter_card":"summary_large_image","twitter_misc":{"Est. reading time":"1 minute"},"schema":{"@context":"https:\/\/schema.org","@graph":[{"@type":"WebPage","@id":"https:\/\/www.thesignaturehoian.com\/vi\/dining\/","url":"https:\/\/www.thesignaturehoian.com\/vi\/dining\/","name":"\u1ea8m Th\u1ef1c - The Signature Hoi An","isPartOf":{"@id":"https:\/\/www.thesignaturehoian.com\/vi\/#website"},"datePublished":"2025-10-07T07:26:33+00:00","dateModified":"2026-04-20T10:08:46+00:00","breadcrumb":{"@id":"https:\/\/www.thesignaturehoian.com\/vi\/dining\/#breadcrumb"},"inLanguage":"vi-VN","potentialAction":[{"@type":"ReadAction","target":["https:\/\/www.thesignaturehoian.com\/vi\/dining\/"]}]},{"@type":"BreadcrumbList","@id":"https:\/\/www.thesignaturehoian.com\/vi\/dining\/#breadcrumb","itemListElement":[{"@type":"ListItem","position":1,"name":"Home","item":"https:\/\/www.thesignaturehoian.com\/vi\/"},{"@type":"ListItem","position":2,"name":"\u1ea8m Th\u1ef1c"}]},{"@type":"WebSite","@id":"https:\/\/www.thesignaturehoian.com\/vi\/#website","url":"https:\/\/www.thesignaturehoian.com\/vi\/","name":"The Signature Hoi An","description":"","potentialAction":[{"@type":"SearchAction","target":{"@type":"EntryPoint","urlTemplate":"https:\/\/www.thesignaturehoian.com\/vi\/?s={search_term_string}"},"query-input":"required name=search_term_string"}],"inLanguage":"vi-VN"}]}},"acf":[],"_links":{"self":[{"href":"https:\/\/www.thesignaturehoian.com\/vi\/wp-json\/wp\/v2\/pages\/236"}],"collection":[{"href":"https:\/\/www.thesignaturehoian.com\/vi\/wp-json\/wp\/v2\/pages"}],"about":[{"href":"https:\/\/www.thesignaturehoian.com\/vi\/wp-json\/wp\/v2\/types\/page"}],"author":[{"embeddable":true,"href":"https:\/\/www.thesignaturehoian.com\/vi\/wp-json\/wp\/v2\/users\/90"}],"replies":[{"embeddable":true,"href":"https:\/\/www.thesignaturehoian.com\/vi\/wp-json\/wp\/v2\/comments?post=236"}],"version-history":[{"count":0,"href":"https:\/\/www.thesignaturehoian.com\/vi\/wp-json\/wp\/v2\/pages\/236\/revisions"}],"wp:attachment":[{"href":"https:\/\/www.thesignaturehoian.com\/vi\/wp-json\/wp\/v2\/media?parent=236"}],"curies":[{"name":"wp","href":"https:\/\/api.w.org\/{rel}","templated":true}]}}