{"id":231,"date":"2025-10-04T07:19:03","date_gmt":"2025-10-04T07:19:03","guid":{"rendered":"https:\/\/thesignaturehoian.ms2.decms.asia\/accommodation\/signature-harmony-room\/"},"modified":"2026-04-23T07:34:12","modified_gmt":"2026-04-23T07:34:12","slug":"signature-harmony-room","status":"publish","type":"page","link":"https:\/\/www.thesignaturehoian.com\/vi\/accommodation\/signature-harmony-room\/","title":{"rendered":"Signature Harmony Room"},"content":{"rendered":"<p>Tr\u1ea3i nghi\u1ec7m s\u1ef1 giao thoa h\u00e0i h\u00f2a \u00c1 \u0110\u00f4ng v\u00e0 n\u00e9t hi\u1ec7n \u0111\u1ea1i thanh l\u1ecbch v\u1edbi kh\u00f4ng gian y\u00ean b\u00ecnh v\u00e0 m\u1eddi g\u1ecdi. Khu v\u1ef1c ban c\u00f4ng l\u1edbn t\u1ea1o n\u00ean t\u1ed5ng th\u1ec3 nh\u1eb9 nh\u00e0ng v\u00e0 \u00eam \u00e1i cho nh\u1eefng k\u00ec ngh\u1ec9 v\u0103n h\u00f3a th\u01b0 gi\u00e3n. Ph\u00f2ng t\u1eafm n\u1ed1i li\u1ec1n ti\u1ec7n nghi v\u1edbi c\u1eeda k\u00ednh l\u1edbn h\u01b0\u1edbng ra ph\u00f2ng ng\u1ee7 v\u00e0 ban c\u00f4ng mang l\u1ea1i c\u1ea3m gi\u00e1c r\u1ed9ng r\u00e3i v\u00e0 tho\u00e1ng \u0111\u00e3ng.<\/p>\n","protected":false},"excerpt":{"rendered":"<p>Tr\u1ea3i nghi\u1ec7m s\u1ef1 giao thoa h\u00e0i h\u00f2a \u00c1 \u0110\u00f4ng v\u00e0 n\u00e9t hi\u1ec7n \u0111\u1ea1i thanh l\u1ecbch v\u1edbi kh\u00f4ng gian y\u00ean b\u00ecnh v\u00e0 m\u1eddi g\u1ecdi. Khu v\u1ef1c ban c\u00f4ng l\u1edbn t\u1ea1o n\u00ean t\u1ed5ng th\u1ec3 nh\u1eb9 nh\u00e0ng v\u00e0 \u00eam \u00e1i cho nh\u1eefng k\u00ec ngh\u1ec9 v\u0103n h\u00f3a th\u01b0 gi\u00e3n. Ph\u00f2ng t\u1eafm n\u1ed1i li\u1ec1n ti\u1ec7n nghi v\u1edbi c\u1eeda k\u00ednh l\u1edbn [&hellip;]<\/p>\n","protected":false},"author":90,"featured_media":0,"parent":226,"menu_order":4,"comment_status":"closed","ping_status":"closed","template":"template-single-room.php","meta":{"footnotes":""},"yoast_head":"<!-- This site is optimized with the Yoast SEO plugin v22.3 - https:\/\/yoast.com\/wordpress\/plugins\/seo\/ -->\n<title>Signature Harmony Room - The Signature Hoi An<\/title>\n<meta name=\"robots\" content=\"index, follow, max-snippet:-1, max-image-preview:large, max-video-preview:-1\" \/>\n<link rel=\"canonical\" href=\"https:\/\/www.thesignaturehoian.com\/vi\/accommodation\/signature-harmony-room\/\" \/>\n<meta property=\"og:locale\" content=\"vi_VN\" \/>\n<meta property=\"og:type\" content=\"article\" \/>\n<meta property=\"og:title\" content=\"Signature Harmony Room - The Signature Hoi An\" \/>\n<meta property=\"og:description\" content=\"Tr\u1ea3i nghi\u1ec7m s\u1ef1 giao thoa h\u00e0i h\u00f2a \u00c1 \u0110\u00f4ng v\u00e0 n\u00e9t hi\u1ec7n \u0111\u1ea1i thanh l\u1ecbch v\u1edbi kh\u00f4ng gian y\u00ean b\u00ecnh v\u00e0 m\u1eddi g\u1ecdi. Khu v\u1ef1c ban c\u00f4ng l\u1edbn t\u1ea1o n\u00ean t\u1ed5ng th\u1ec3 nh\u1eb9 nh\u00e0ng v\u00e0 \u00eam \u00e1i cho nh\u1eefng k\u00ec ngh\u1ec9 v\u0103n h\u00f3a th\u01b0 gi\u00e3n. Ph\u00f2ng t\u1eafm n\u1ed1i li\u1ec1n ti\u1ec7n nghi v\u1edbi c\u1eeda k\u00ednh l\u1edbn [&hellip;]\" \/>\n<meta property=\"og:url\" content=\"https:\/\/www.thesignaturehoian.com\/vi\/accommodation\/signature-harmony-room\/\" \/>\n<meta property=\"og:site_name\" content=\"The Signature Hoi An\" \/>\n<meta property=\"article:modified_time\" content=\"2026-04-23T07:34:12+00:00\" \/>\n<meta name=\"twitter:card\" content=\"summary_large_image\" \/>\n<meta name=\"twitter:label1\" content=\"Est. reading time\" \/>\n\t<meta name=\"twitter:data1\" content=\"1 minute\" \/>\n<script type=\"application\/ld+json\" class=\"yoast-schema-graph\">{\"@context\":\"https:\/\/schema.org\",\"@graph\":[{\"@type\":\"WebPage\",\"@id\":\"https:\/\/www.thesignaturehoian.com\/vi\/accommodation\/signature-harmony-room\/\",\"url\":\"https:\/\/www.thesignaturehoian.com\/vi\/accommodation\/signature-harmony-room\/\",\"name\":\"Signature Harmony Room - The Signature Hoi An\",\"isPartOf\":{\"@id\":\"https:\/\/www.thesignaturehoian.com\/vi\/#website\"},\"datePublished\":\"2025-10-04T07:19:03+00:00\",\"dateModified\":\"2026-04-23T07:34:12+00:00\",\"breadcrumb\":{\"@id\":\"https:\/\/www.thesignaturehoian.com\/vi\/accommodation\/signature-harmony-room\/#breadcrumb\"},\"inLanguage\":\"vi-VN\",\"potentialAction\":[{\"@type\":\"ReadAction\",\"target\":[\"https:\/\/www.thesignaturehoian.com\/vi\/accommodation\/signature-harmony-room\/\"]}]},{\"@type\":\"BreadcrumbList\",\"@id\":\"https:\/\/www.thesignaturehoian.com\/vi\/accommodation\/signature-harmony-room\/#breadcrumb\",\"itemListElement\":[{\"@type\":\"ListItem\",\"position\":1,\"name\":\"Home\",\"item\":\"https:\/\/www.thesignaturehoian.com\/vi\/\"},{\"@type\":\"ListItem\",\"position\":2,\"name\":\"Ph\u00f2ng Ngh\u1ec9\",\"item\":\"https:\/\/www.thesignaturehoian.com\/vi\/accommodation\/\"},{\"@type\":\"ListItem\",\"position\":3,\"name\":\"Signature Harmony Room\"}]},{\"@type\":\"WebSite\",\"@id\":\"https:\/\/www.thesignaturehoian.com\/vi\/#website\",\"url\":\"https:\/\/www.thesignaturehoian.com\/vi\/\",\"name\":\"The Signature Hoi An\",\"description\":\"\",\"potentialAction\":[{\"@type\":\"SearchAction\",\"target\":{\"@type\":\"EntryPoint\",\"urlTemplate\":\"https:\/\/www.thesignaturehoian.com\/vi\/?s={search_term_string}\"},\"query-input\":\"required name=search_term_string\"}],\"inLanguage\":\"vi-VN\"}]}<\/script>\n<!-- \/ Yoast SEO plugin. -->","yoast_head_json":{"title":"Signature Harmony Room - The Signature Hoi An","robots":{"index":"index","follow":"follow","max-snippet":"max-snippet:-1","max-image-preview":"max-image-preview:large","max-video-preview":"max-video-preview:-1"},"canonical":"https:\/\/www.thesignaturehoian.com\/vi\/accommodation\/signature-harmony-room\/","og_locale":"vi_VN","og_type":"article","og_title":"Signature Harmony Room - The Signature Hoi An","og_description":"Tr\u1ea3i nghi\u1ec7m s\u1ef1 giao thoa h\u00e0i h\u00f2a \u00c1 \u0110\u00f4ng v\u00e0 n\u00e9t hi\u1ec7n \u0111\u1ea1i thanh l\u1ecbch v\u1edbi kh\u00f4ng gian y\u00ean b\u00ecnh v\u00e0 m\u1eddi g\u1ecdi. Khu v\u1ef1c ban c\u00f4ng l\u1edbn t\u1ea1o n\u00ean t\u1ed5ng th\u1ec3 nh\u1eb9 nh\u00e0ng v\u00e0 \u00eam \u00e1i cho nh\u1eefng k\u00ec ngh\u1ec9 v\u0103n h\u00f3a th\u01b0 gi\u00e3n. Ph\u00f2ng t\u1eafm n\u1ed1i li\u1ec1n ti\u1ec7n nghi v\u1edbi c\u1eeda k\u00ednh l\u1edbn [&hellip;]","og_url":"https:\/\/www.thesignaturehoian.com\/vi\/accommodation\/signature-harmony-room\/","og_site_name":"The Signature Hoi An","article_modified_time":"2026-04-23T07:34:12+00:00","twitter_card":"summary_large_image","twitter_misc":{"Est. reading time":"1 minute"},"schema":{"@context":"https:\/\/schema.org","@graph":[{"@type":"WebPage","@id":"https:\/\/www.thesignaturehoian.com\/vi\/accommodation\/signature-harmony-room\/","url":"https:\/\/www.thesignaturehoian.com\/vi\/accommodation\/signature-harmony-room\/","name":"Signature Harmony Room - The Signature Hoi An","isPartOf":{"@id":"https:\/\/www.thesignaturehoian.com\/vi\/#website"},"datePublished":"2025-10-04T07:19:03+00:00","dateModified":"2026-04-23T07:34:12+00:00","breadcrumb":{"@id":"https:\/\/www.thesignaturehoian.com\/vi\/accommodation\/signature-harmony-room\/#breadcrumb"},"inLanguage":"vi-VN","potentialAction":[{"@type":"ReadAction","target":["https:\/\/www.thesignaturehoian.com\/vi\/accommodation\/signature-harmony-room\/"]}]},{"@type":"BreadcrumbList","@id":"https:\/\/www.thesignaturehoian.com\/vi\/accommodation\/signature-harmony-room\/#breadcrumb","itemListElement":[{"@type":"ListItem","position":1,"name":"Home","item":"https:\/\/www.thesignaturehoian.com\/vi\/"},{"@type":"ListItem","position":2,"name":"Ph\u00f2ng Ngh\u1ec9","item":"https:\/\/www.thesignaturehoian.com\/vi\/accommodation\/"},{"@type":"ListItem","position":3,"name":"Signature Harmony Room"}]},{"@type":"WebSite","@id":"https:\/\/www.thesignaturehoian.com\/vi\/#website","url":"https:\/\/www.thesignaturehoian.com\/vi\/","name":"The Signature Hoi An","description":"","potentialAction":[{"@type":"SearchAction","target":{"@type":"EntryPoint","urlTemplate":"https:\/\/www.thesignaturehoian.com\/vi\/?s={search_term_string}"},"query-input":"required name=search_term_string"}],"inLanguage":"vi-VN"}]}},"acf":[],"_links":{"self":[{"href":"https:\/\/www.thesignaturehoian.com\/vi\/wp-json\/wp\/v2\/pages\/231"}],"collection":[{"href":"https:\/\/www.thesignaturehoian.com\/vi\/wp-json\/wp\/v2\/pages"}],"about":[{"href":"https:\/\/www.thesignaturehoian.com\/vi\/wp-json\/wp\/v2\/types\/page"}],"author":[{"embeddable":true,"href":"https:\/\/www.thesignaturehoian.com\/vi\/wp-json\/wp\/v2\/users\/90"}],"replies":[{"embeddable":true,"href":"https:\/\/www.thesignaturehoian.com\/vi\/wp-json\/wp\/v2\/comments?post=231"}],"version-history":[{"count":0,"href":"https:\/\/www.thesignaturehoian.com\/vi\/wp-json\/wp\/v2\/pages\/231\/revisions"}],"up":[{"embeddable":true,"href":"https:\/\/www.thesignaturehoian.com\/vi\/wp-json\/wp\/v2\/pages\/226"}],"wp:attachment":[{"href":"https:\/\/www.thesignaturehoian.com\/vi\/wp-json\/wp\/v2\/media?parent=231"}],"curies":[{"name":"wp","href":"https:\/\/api.w.org\/{rel}","templated":true}]}}