{"id":230,"date":"2025-10-04T07:01:46","date_gmt":"2025-10-04T07:01:46","guid":{"rendered":"https:\/\/thesignaturehoian.ms2.decms.asia\/accommodation\/signature-peaceful-room\/"},"modified":"2026-04-23T07:33:15","modified_gmt":"2026-04-23T07:33:15","slug":"signature-peaceful-room","status":"publish","type":"page","link":"https:\/\/www.thesignaturehoian.com\/vi\/accommodation\/signature-peaceful-room\/","title":{"rendered":"Signature Peaceful Room"},"content":{"rendered":"<p>N\u1eb1m n\u00e9p m\u00ecnh trong g\u00f3c nh\u1ecf, m\u1edf ra kh\u00f4ng gian th\u01b0 gi\u00e3n t\u1ea1i ph\u00f2ng Signature Peaceful. \u0110\u01b0\u1ee3c thi\u1ebft k\u1ebf t\u1ec9 m\u1ec9 v\u1edbi mong mu\u1ed1n t\u00e1i hi\u1ec7n m\u1ed9t H\u1ed9i An thu nh\u1ecf. T\u1eeb b\u00e0i tr\u00ed \u1ea5m c\u00fang \u0111\u1ea7y c\u1ea3m h\u1ee9ng, \u0111\u1ebfn nh\u1eefng \u00f4 c\u1eeda s\u1ed5 m\u1edf ra kh\u00f4ng gian v\u01b0\u1eddn r\u1ea3i s\u1ecfi n\u01a1i d\u1eabn d\u1eaft b\u1ea1n ra kh\u1ecfi m\u1ecdi \u00e2u lo.<\/p>\n","protected":false},"excerpt":{"rendered":"<p>N\u1eb1m n\u00e9p m\u00ecnh trong g\u00f3c nh\u1ecf, m\u1edf ra kh\u00f4ng gian th\u01b0 gi\u00e3n t\u1ea1i ph\u00f2ng Signature Peaceful. \u0110\u01b0\u1ee3c thi\u1ebft k\u1ebf t\u1ec9 m\u1ec9 v\u1edbi mong mu\u1ed1n t\u00e1i hi\u1ec7n m\u1ed9t H\u1ed9i An thu nh\u1ecf. T\u1eeb b\u00e0i tr\u00ed \u1ea5m c\u00fang \u0111\u1ea7y c\u1ea3m h\u1ee9ng, \u0111\u1ebfn nh\u1eefng \u00f4 c\u1eeda s\u1ed5 m\u1edf ra kh\u00f4ng gian v\u01b0\u1eddn r\u1ea3i s\u1ecfi n\u01a1i d\u1eabn d\u1eaft b\u1ea1n [&hellip;]<\/p>\n","protected":false},"author":90,"featured_media":0,"parent":226,"menu_order":3,"comment_status":"closed","ping_status":"closed","template":"template-single-room.php","meta":{"footnotes":""},"yoast_head":"<!-- This site is optimized with the Yoast SEO plugin v22.3 - https:\/\/yoast.com\/wordpress\/plugins\/seo\/ -->\n<title>Signature Peaceful Room - The Signature Hoi An<\/title>\n<meta name=\"robots\" content=\"index, follow, max-snippet:-1, max-image-preview:large, max-video-preview:-1\" \/>\n<link rel=\"canonical\" href=\"https:\/\/www.thesignaturehoian.com\/vi\/accommodation\/signature-peaceful-room\/\" \/>\n<meta property=\"og:locale\" content=\"vi_VN\" \/>\n<meta property=\"og:type\" content=\"article\" \/>\n<meta property=\"og:title\" content=\"Signature Peaceful Room - The Signature Hoi An\" \/>\n<meta property=\"og:description\" content=\"N\u1eb1m n\u00e9p m\u00ecnh trong g\u00f3c nh\u1ecf, m\u1edf ra kh\u00f4ng gian th\u01b0 gi\u00e3n t\u1ea1i ph\u00f2ng Signature Peaceful. \u0110\u01b0\u1ee3c thi\u1ebft k\u1ebf t\u1ec9 m\u1ec9 v\u1edbi mong mu\u1ed1n t\u00e1i hi\u1ec7n m\u1ed9t H\u1ed9i An thu nh\u1ecf. T\u1eeb b\u00e0i tr\u00ed \u1ea5m c\u00fang \u0111\u1ea7y c\u1ea3m h\u1ee9ng, \u0111\u1ebfn nh\u1eefng \u00f4 c\u1eeda s\u1ed5 m\u1edf ra kh\u00f4ng gian v\u01b0\u1eddn r\u1ea3i s\u1ecfi n\u01a1i d\u1eabn d\u1eaft b\u1ea1n [&hellip;]\" \/>\n<meta property=\"og:url\" content=\"https:\/\/www.thesignaturehoian.com\/vi\/accommodation\/signature-peaceful-room\/\" \/>\n<meta property=\"og:site_name\" content=\"The Signature Hoi An\" \/>\n<meta property=\"article:modified_time\" content=\"2026-04-23T07:33:15+00:00\" \/>\n<meta name=\"twitter:card\" content=\"summary_large_image\" \/>\n<meta name=\"twitter:label1\" content=\"Est. reading time\" \/>\n\t<meta name=\"twitter:data1\" content=\"1 minute\" \/>\n<script type=\"application\/ld+json\" class=\"yoast-schema-graph\">{\"@context\":\"https:\/\/schema.org\",\"@graph\":[{\"@type\":\"WebPage\",\"@id\":\"https:\/\/www.thesignaturehoian.com\/vi\/accommodation\/signature-peaceful-room\/\",\"url\":\"https:\/\/www.thesignaturehoian.com\/vi\/accommodation\/signature-peaceful-room\/\",\"name\":\"Signature Peaceful Room - The Signature Hoi An\",\"isPartOf\":{\"@id\":\"https:\/\/www.thesignaturehoian.com\/vi\/#website\"},\"datePublished\":\"2025-10-04T07:01:46+00:00\",\"dateModified\":\"2026-04-23T07:33:15+00:00\",\"breadcrumb\":{\"@id\":\"https:\/\/www.thesignaturehoian.com\/vi\/accommodation\/signature-peaceful-room\/#breadcrumb\"},\"inLanguage\":\"vi-VN\",\"potentialAction\":[{\"@type\":\"ReadAction\",\"target\":[\"https:\/\/www.thesignaturehoian.com\/vi\/accommodation\/signature-peaceful-room\/\"]}]},{\"@type\":\"BreadcrumbList\",\"@id\":\"https:\/\/www.thesignaturehoian.com\/vi\/accommodation\/signature-peaceful-room\/#breadcrumb\",\"itemListElement\":[{\"@type\":\"ListItem\",\"position\":1,\"name\":\"Home\",\"item\":\"https:\/\/www.thesignaturehoian.com\/vi\/\"},{\"@type\":\"ListItem\",\"position\":2,\"name\":\"Ph\u00f2ng Ngh\u1ec9\",\"item\":\"https:\/\/www.thesignaturehoian.com\/vi\/accommodation\/\"},{\"@type\":\"ListItem\",\"position\":3,\"name\":\"Signature Peaceful Room\"}]},{\"@type\":\"WebSite\",\"@id\":\"https:\/\/www.thesignaturehoian.com\/vi\/#website\",\"url\":\"https:\/\/www.thesignaturehoian.com\/vi\/\",\"name\":\"The Signature Hoi An\",\"description\":\"\",\"potentialAction\":[{\"@type\":\"SearchAction\",\"target\":{\"@type\":\"EntryPoint\",\"urlTemplate\":\"https:\/\/www.thesignaturehoian.com\/vi\/?s={search_term_string}\"},\"query-input\":\"required name=search_term_string\"}],\"inLanguage\":\"vi-VN\"}]}<\/script>\n<!-- \/ Yoast SEO plugin. -->","yoast_head_json":{"title":"Signature Peaceful Room - The Signature Hoi An","robots":{"index":"index","follow":"follow","max-snippet":"max-snippet:-1","max-image-preview":"max-image-preview:large","max-video-preview":"max-video-preview:-1"},"canonical":"https:\/\/www.thesignaturehoian.com\/vi\/accommodation\/signature-peaceful-room\/","og_locale":"vi_VN","og_type":"article","og_title":"Signature Peaceful Room - The Signature Hoi An","og_description":"N\u1eb1m n\u00e9p m\u00ecnh trong g\u00f3c nh\u1ecf, m\u1edf ra kh\u00f4ng gian th\u01b0 gi\u00e3n t\u1ea1i ph\u00f2ng Signature Peaceful. \u0110\u01b0\u1ee3c thi\u1ebft k\u1ebf t\u1ec9 m\u1ec9 v\u1edbi mong mu\u1ed1n t\u00e1i hi\u1ec7n m\u1ed9t H\u1ed9i An thu nh\u1ecf. T\u1eeb b\u00e0i tr\u00ed \u1ea5m c\u00fang \u0111\u1ea7y c\u1ea3m h\u1ee9ng, \u0111\u1ebfn nh\u1eefng \u00f4 c\u1eeda s\u1ed5 m\u1edf ra kh\u00f4ng gian v\u01b0\u1eddn r\u1ea3i s\u1ecfi n\u01a1i d\u1eabn d\u1eaft b\u1ea1n [&hellip;]","og_url":"https:\/\/www.thesignaturehoian.com\/vi\/accommodation\/signature-peaceful-room\/","og_site_name":"The Signature Hoi An","article_modified_time":"2026-04-23T07:33:15+00:00","twitter_card":"summary_large_image","twitter_misc":{"Est. reading time":"1 minute"},"schema":{"@context":"https:\/\/schema.org","@graph":[{"@type":"WebPage","@id":"https:\/\/www.thesignaturehoian.com\/vi\/accommodation\/signature-peaceful-room\/","url":"https:\/\/www.thesignaturehoian.com\/vi\/accommodation\/signature-peaceful-room\/","name":"Signature Peaceful Room - The Signature Hoi An","isPartOf":{"@id":"https:\/\/www.thesignaturehoian.com\/vi\/#website"},"datePublished":"2025-10-04T07:01:46+00:00","dateModified":"2026-04-23T07:33:15+00:00","breadcrumb":{"@id":"https:\/\/www.thesignaturehoian.com\/vi\/accommodation\/signature-peaceful-room\/#breadcrumb"},"inLanguage":"vi-VN","potentialAction":[{"@type":"ReadAction","target":["https:\/\/www.thesignaturehoian.com\/vi\/accommodation\/signature-peaceful-room\/"]}]},{"@type":"BreadcrumbList","@id":"https:\/\/www.thesignaturehoian.com\/vi\/accommodation\/signature-peaceful-room\/#breadcrumb","itemListElement":[{"@type":"ListItem","position":1,"name":"Home","item":"https:\/\/www.thesignaturehoian.com\/vi\/"},{"@type":"ListItem","position":2,"name":"Ph\u00f2ng Ngh\u1ec9","item":"https:\/\/www.thesignaturehoian.com\/vi\/accommodation\/"},{"@type":"ListItem","position":3,"name":"Signature Peaceful Room"}]},{"@type":"WebSite","@id":"https:\/\/www.thesignaturehoian.com\/vi\/#website","url":"https:\/\/www.thesignaturehoian.com\/vi\/","name":"The Signature Hoi An","description":"","potentialAction":[{"@type":"SearchAction","target":{"@type":"EntryPoint","urlTemplate":"https:\/\/www.thesignaturehoian.com\/vi\/?s={search_term_string}"},"query-input":"required name=search_term_string"}],"inLanguage":"vi-VN"}]}},"acf":[],"_links":{"self":[{"href":"https:\/\/www.thesignaturehoian.com\/vi\/wp-json\/wp\/v2\/pages\/230"}],"collection":[{"href":"https:\/\/www.thesignaturehoian.com\/vi\/wp-json\/wp\/v2\/pages"}],"about":[{"href":"https:\/\/www.thesignaturehoian.com\/vi\/wp-json\/wp\/v2\/types\/page"}],"author":[{"embeddable":true,"href":"https:\/\/www.thesignaturehoian.com\/vi\/wp-json\/wp\/v2\/users\/90"}],"replies":[{"embeddable":true,"href":"https:\/\/www.thesignaturehoian.com\/vi\/wp-json\/wp\/v2\/comments?post=230"}],"version-history":[{"count":0,"href":"https:\/\/www.thesignaturehoian.com\/vi\/wp-json\/wp\/v2\/pages\/230\/revisions"}],"up":[{"embeddable":true,"href":"https:\/\/www.thesignaturehoian.com\/vi\/wp-json\/wp\/v2\/pages\/226"}],"wp:attachment":[{"href":"https:\/\/www.thesignaturehoian.com\/vi\/wp-json\/wp\/v2\/media?parent=230"}],"curies":[{"name":"wp","href":"https:\/\/api.w.org\/{rel}","templated":true}]}}