{"id":229,"date":"2025-10-04T06:55:21","date_gmt":"2025-10-04T06:55:21","guid":{"rendered":"https:\/\/thesignaturehoian.ms2.decms.asia\/accommodation\/family-charming-room\/"},"modified":"2026-04-23T07:32:19","modified_gmt":"2026-04-23T07:32:19","slug":"family-charming-room","status":"publish","type":"page","link":"https:\/\/www.thesignaturehoian.com\/vi\/accommodation\/family-charming-room\/","title":{"rendered":"Family Charming Room"},"content":{"rendered":"<p>B\u01b0\u1edbc qua h\u00e0nh lang tho\u00e1ng gi\u00f3 trong khu\u00f4n vi\u00ean y\u00ean t\u0129nh, b\u1ea1n s\u1ebd \u0111\u1ebfn v\u1edbi kh\u00f4ng gian ri\u00eang \u1ea5m c\u00fang d\u00e0nh cho gia \u0111\u00ecnh. C\u0103n ph\u00f2ng \u0111\u01b0\u1ee3c thi\u1ebft k\u1ebf thanh l\u1ecbch, l\u1ea5y c\u1ea3m h\u1ee9ng t\u1eeb s\u1eafc v\u00e0ng \u0111\u1eb7c tr\u01b0ng c\u1ee7a ph\u1ed1 c\u1ed5 H\u1ed9i An v\u00e0 h\u00ecnh \u1ea3nh \u201cM\u00f4n Th\u1ea7n\u201d mang n\u00e9t v\u0103n h\u00f3a \u0111\u1ecba ph\u01b0\u01a1ng. Ph\u00f2ng g\u1ed3m gi\u01b0\u1eddng \u0111\u01a1n v\u00e0 m\u1ed9t gi\u01b0\u1eddng \u0111\u00f4i, ph\u00f9 h\u1ee3p \u0111\u1ec3 c\u1ea3 gia \u0111\u00ecnh c\u00f9ng ngh\u1ec9 ng\u01a1i v\u00e0 t\u1eadn h\u01b0\u1edfng nh\u1eefng kho\u1ea3nh kh\u1eafc \u0111\u00e1ng nh\u1edb b\u00ean nhau.<\/p>\n","protected":false},"excerpt":{"rendered":"<p>B\u01b0\u1edbc qua h\u00e0nh lang tho\u00e1ng gi\u00f3 trong khu\u00f4n vi\u00ean y\u00ean t\u0129nh, b\u1ea1n s\u1ebd \u0111\u1ebfn v\u1edbi kh\u00f4ng gian ri\u00eang \u1ea5m c\u00fang d\u00e0nh cho gia \u0111\u00ecnh. C\u0103n ph\u00f2ng \u0111\u01b0\u1ee3c thi\u1ebft k\u1ebf thanh l\u1ecbch, l\u1ea5y c\u1ea3m h\u1ee9ng t\u1eeb s\u1eafc v\u00e0ng \u0111\u1eb7c tr\u01b0ng c\u1ee7a ph\u1ed1 c\u1ed5 H\u1ed9i An v\u00e0 h\u00ecnh \u1ea3nh \u201cM\u00f4n Th\u1ea7n\u201d mang n\u00e9t v\u0103n h\u00f3a \u0111\u1ecba ph\u01b0\u01a1ng. [&hellip;]<\/p>\n","protected":false},"author":90,"featured_media":0,"parent":226,"menu_order":2,"comment_status":"closed","ping_status":"closed","template":"template-single-room.php","meta":{"footnotes":""},"yoast_head":"<!-- This site is optimized with the Yoast SEO plugin v22.3 - https:\/\/yoast.com\/wordpress\/plugins\/seo\/ -->\n<title>Family Charming Room - The Signature Hoi An<\/title>\n<meta name=\"robots\" content=\"index, follow, max-snippet:-1, max-image-preview:large, max-video-preview:-1\" \/>\n<link rel=\"canonical\" href=\"https:\/\/www.thesignaturehoian.com\/vi\/accommodation\/family-charming-room\/\" \/>\n<meta property=\"og:locale\" content=\"vi_VN\" \/>\n<meta property=\"og:type\" content=\"article\" \/>\n<meta property=\"og:title\" content=\"Family Charming Room - The Signature Hoi An\" \/>\n<meta property=\"og:description\" content=\"B\u01b0\u1edbc qua h\u00e0nh lang tho\u00e1ng gi\u00f3 trong khu\u00f4n vi\u00ean y\u00ean t\u0129nh, b\u1ea1n s\u1ebd \u0111\u1ebfn v\u1edbi kh\u00f4ng gian ri\u00eang \u1ea5m c\u00fang d\u00e0nh cho gia \u0111\u00ecnh. C\u0103n ph\u00f2ng \u0111\u01b0\u1ee3c thi\u1ebft k\u1ebf thanh l\u1ecbch, l\u1ea5y c\u1ea3m h\u1ee9ng t\u1eeb s\u1eafc v\u00e0ng \u0111\u1eb7c tr\u01b0ng c\u1ee7a ph\u1ed1 c\u1ed5 H\u1ed9i An v\u00e0 h\u00ecnh \u1ea3nh \u201cM\u00f4n Th\u1ea7n\u201d mang n\u00e9t v\u0103n h\u00f3a \u0111\u1ecba ph\u01b0\u01a1ng. [&hellip;]\" \/>\n<meta property=\"og:url\" content=\"https:\/\/www.thesignaturehoian.com\/vi\/accommodation\/family-charming-room\/\" \/>\n<meta property=\"og:site_name\" content=\"The Signature Hoi An\" \/>\n<meta property=\"article:modified_time\" content=\"2026-04-23T07:32:19+00:00\" \/>\n<meta name=\"twitter:card\" content=\"summary_large_image\" \/>\n<meta name=\"twitter:label1\" content=\"Est. reading time\" \/>\n\t<meta name=\"twitter:data1\" content=\"1 minute\" \/>\n<script type=\"application\/ld+json\" class=\"yoast-schema-graph\">{\"@context\":\"https:\/\/schema.org\",\"@graph\":[{\"@type\":\"WebPage\",\"@id\":\"https:\/\/www.thesignaturehoian.com\/vi\/accommodation\/family-charming-room\/\",\"url\":\"https:\/\/www.thesignaturehoian.com\/vi\/accommodation\/family-charming-room\/\",\"name\":\"Family Charming Room - The Signature Hoi An\",\"isPartOf\":{\"@id\":\"https:\/\/www.thesignaturehoian.com\/vi\/#website\"},\"datePublished\":\"2025-10-04T06:55:21+00:00\",\"dateModified\":\"2026-04-23T07:32:19+00:00\",\"breadcrumb\":{\"@id\":\"https:\/\/www.thesignaturehoian.com\/vi\/accommodation\/family-charming-room\/#breadcrumb\"},\"inLanguage\":\"vi-VN\",\"potentialAction\":[{\"@type\":\"ReadAction\",\"target\":[\"https:\/\/www.thesignaturehoian.com\/vi\/accommodation\/family-charming-room\/\"]}]},{\"@type\":\"BreadcrumbList\",\"@id\":\"https:\/\/www.thesignaturehoian.com\/vi\/accommodation\/family-charming-room\/#breadcrumb\",\"itemListElement\":[{\"@type\":\"ListItem\",\"position\":1,\"name\":\"Home\",\"item\":\"https:\/\/www.thesignaturehoian.com\/vi\/\"},{\"@type\":\"ListItem\",\"position\":2,\"name\":\"Ph\u00f2ng Ngh\u1ec9\",\"item\":\"https:\/\/www.thesignaturehoian.com\/vi\/accommodation\/\"},{\"@type\":\"ListItem\",\"position\":3,\"name\":\"Family Charming Room\"}]},{\"@type\":\"WebSite\",\"@id\":\"https:\/\/www.thesignaturehoian.com\/vi\/#website\",\"url\":\"https:\/\/www.thesignaturehoian.com\/vi\/\",\"name\":\"The Signature Hoi An\",\"description\":\"\",\"potentialAction\":[{\"@type\":\"SearchAction\",\"target\":{\"@type\":\"EntryPoint\",\"urlTemplate\":\"https:\/\/www.thesignaturehoian.com\/vi\/?s={search_term_string}\"},\"query-input\":\"required name=search_term_string\"}],\"inLanguage\":\"vi-VN\"}]}<\/script>\n<!-- \/ Yoast SEO plugin. -->","yoast_head_json":{"title":"Family Charming Room - The Signature Hoi An","robots":{"index":"index","follow":"follow","max-snippet":"max-snippet:-1","max-image-preview":"max-image-preview:large","max-video-preview":"max-video-preview:-1"},"canonical":"https:\/\/www.thesignaturehoian.com\/vi\/accommodation\/family-charming-room\/","og_locale":"vi_VN","og_type":"article","og_title":"Family Charming Room - The Signature Hoi An","og_description":"B\u01b0\u1edbc qua h\u00e0nh lang tho\u00e1ng gi\u00f3 trong khu\u00f4n vi\u00ean y\u00ean t\u0129nh, b\u1ea1n s\u1ebd \u0111\u1ebfn v\u1edbi kh\u00f4ng gian ri\u00eang \u1ea5m c\u00fang d\u00e0nh cho gia \u0111\u00ecnh. C\u0103n ph\u00f2ng \u0111\u01b0\u1ee3c thi\u1ebft k\u1ebf thanh l\u1ecbch, l\u1ea5y c\u1ea3m h\u1ee9ng t\u1eeb s\u1eafc v\u00e0ng \u0111\u1eb7c tr\u01b0ng c\u1ee7a ph\u1ed1 c\u1ed5 H\u1ed9i An v\u00e0 h\u00ecnh \u1ea3nh \u201cM\u00f4n Th\u1ea7n\u201d mang n\u00e9t v\u0103n h\u00f3a \u0111\u1ecba ph\u01b0\u01a1ng. [&hellip;]","og_url":"https:\/\/www.thesignaturehoian.com\/vi\/accommodation\/family-charming-room\/","og_site_name":"The Signature Hoi An","article_modified_time":"2026-04-23T07:32:19+00:00","twitter_card":"summary_large_image","twitter_misc":{"Est. reading time":"1 minute"},"schema":{"@context":"https:\/\/schema.org","@graph":[{"@type":"WebPage","@id":"https:\/\/www.thesignaturehoian.com\/vi\/accommodation\/family-charming-room\/","url":"https:\/\/www.thesignaturehoian.com\/vi\/accommodation\/family-charming-room\/","name":"Family Charming Room - The Signature Hoi An","isPartOf":{"@id":"https:\/\/www.thesignaturehoian.com\/vi\/#website"},"datePublished":"2025-10-04T06:55:21+00:00","dateModified":"2026-04-23T07:32:19+00:00","breadcrumb":{"@id":"https:\/\/www.thesignaturehoian.com\/vi\/accommodation\/family-charming-room\/#breadcrumb"},"inLanguage":"vi-VN","potentialAction":[{"@type":"ReadAction","target":["https:\/\/www.thesignaturehoian.com\/vi\/accommodation\/family-charming-room\/"]}]},{"@type":"BreadcrumbList","@id":"https:\/\/www.thesignaturehoian.com\/vi\/accommodation\/family-charming-room\/#breadcrumb","itemListElement":[{"@type":"ListItem","position":1,"name":"Home","item":"https:\/\/www.thesignaturehoian.com\/vi\/"},{"@type":"ListItem","position":2,"name":"Ph\u00f2ng Ngh\u1ec9","item":"https:\/\/www.thesignaturehoian.com\/vi\/accommodation\/"},{"@type":"ListItem","position":3,"name":"Family Charming Room"}]},{"@type":"WebSite","@id":"https:\/\/www.thesignaturehoian.com\/vi\/#website","url":"https:\/\/www.thesignaturehoian.com\/vi\/","name":"The Signature Hoi An","description":"","potentialAction":[{"@type":"SearchAction","target":{"@type":"EntryPoint","urlTemplate":"https:\/\/www.thesignaturehoian.com\/vi\/?s={search_term_string}"},"query-input":"required name=search_term_string"}],"inLanguage":"vi-VN"}]}},"acf":[],"_links":{"self":[{"href":"https:\/\/www.thesignaturehoian.com\/vi\/wp-json\/wp\/v2\/pages\/229"}],"collection":[{"href":"https:\/\/www.thesignaturehoian.com\/vi\/wp-json\/wp\/v2\/pages"}],"about":[{"href":"https:\/\/www.thesignaturehoian.com\/vi\/wp-json\/wp\/v2\/types\/page"}],"author":[{"embeddable":true,"href":"https:\/\/www.thesignaturehoian.com\/vi\/wp-json\/wp\/v2\/users\/90"}],"replies":[{"embeddable":true,"href":"https:\/\/www.thesignaturehoian.com\/vi\/wp-json\/wp\/v2\/comments?post=229"}],"version-history":[{"count":0,"href":"https:\/\/www.thesignaturehoian.com\/vi\/wp-json\/wp\/v2\/pages\/229\/revisions"}],"up":[{"embeddable":true,"href":"https:\/\/www.thesignaturehoian.com\/vi\/wp-json\/wp\/v2\/pages\/226"}],"wp:attachment":[{"href":"https:\/\/www.thesignaturehoian.com\/vi\/wp-json\/wp\/v2\/media?parent=229"}],"curies":[{"name":"wp","href":"https:\/\/api.w.org\/{rel}","templated":true}]}}