{"id":228,"date":"2025-10-04T06:46:48","date_gmt":"2025-10-04T06:46:48","guid":{"rendered":"https:\/\/thesignaturehoian.ms2.decms.asia\/accommodation\/signature-faifo-room\/"},"modified":"2026-04-23T07:30:16","modified_gmt":"2026-04-23T07:30:16","slug":"signature-faifo-room","status":"publish","type":"page","link":"https:\/\/www.thesignaturehoian.com\/vi\/accommodation\/signature-faifo-room\/","title":{"rendered":"Signature Faifo Room"},"content":{"rendered":"<p>Ph\u00f2ng Signature Faifo c\u1ee7a ch\u00fang t\u00f4i \u0111\u01b0\u1ee3c thi\u1ebft k\u1ebf ri\u00eang d\u00e0nh cho nh\u1eefng ai t\u00ecm ki\u1ebfm m\u1ed9t kh\u00f4ng gian ngh\u1ec9 d\u01b0\u1ee1ng tinh t\u1ebf. C\u0103n ph\u00f2ng n\u1ed5i b\u1eadt v\u1edbi nh\u1eefng chi\u1ebfc gh\u1ebf b\u1eadp b\u00eanh \u0111\u1eb7c tr\u01b0ng, g\u00f3p ph\u1ea7n t\u00f4n l\u00ean b\u1ea7u kh\u00f4ng kh\u00ed \u1ea5m \u00e1p, n\u01a1i n\u00e9t truy\u1ec1n th\u1ed1ng giao h\u00f2a c\u00f9ng ti\u1ec7n nghi hi\u1ec7n \u0111\u1ea1i. \u0110\u00e2y l\u00e0 l\u1ef1a ch\u1ecdn ho\u00e0n h\u1ea3o cho m\u1ed9t k\u1ef3 ngh\u1ec9 gia \u0111\u00ecnh tr\u1ecdn v\u1eb9n.<\/p>\n","protected":false},"excerpt":{"rendered":"<p>Ph\u00f2ng Signature Faifo c\u1ee7a ch\u00fang t\u00f4i \u0111\u01b0\u1ee3c thi\u1ebft k\u1ebf ri\u00eang d\u00e0nh cho nh\u1eefng ai t\u00ecm ki\u1ebfm m\u1ed9t kh\u00f4ng gian ngh\u1ec9 d\u01b0\u1ee1ng tinh t\u1ebf. C\u0103n ph\u00f2ng n\u1ed5i b\u1eadt v\u1edbi nh\u1eefng chi\u1ebfc gh\u1ebf b\u1eadp b\u00eanh \u0111\u1eb7c tr\u01b0ng, g\u00f3p ph\u1ea7n t\u00f4n l\u00ean b\u1ea7u kh\u00f4ng kh\u00ed \u1ea5m \u00e1p, n\u01a1i n\u00e9t truy\u1ec1n th\u1ed1ng giao h\u00f2a c\u00f9ng ti\u1ec7n nghi hi\u1ec7n \u0111\u1ea1i. [&hellip;]<\/p>\n","protected":false},"author":90,"featured_media":0,"parent":226,"menu_order":1,"comment_status":"closed","ping_status":"closed","template":"template-single-room.php","meta":{"footnotes":""},"yoast_head":"<!-- This site is optimized with the Yoast SEO plugin v22.3 - https:\/\/yoast.com\/wordpress\/plugins\/seo\/ -->\n<title>Signature Faifo Room - The Signature Hoi An<\/title>\n<meta name=\"robots\" content=\"index, follow, max-snippet:-1, max-image-preview:large, max-video-preview:-1\" \/>\n<link rel=\"canonical\" href=\"https:\/\/www.thesignaturehoian.com\/vi\/accommodation\/signature-faifo-room\/\" \/>\n<meta property=\"og:locale\" content=\"vi_VN\" \/>\n<meta property=\"og:type\" content=\"article\" \/>\n<meta property=\"og:title\" content=\"Signature Faifo Room - The Signature Hoi An\" \/>\n<meta property=\"og:description\" content=\"Ph\u00f2ng Signature Faifo c\u1ee7a ch\u00fang t\u00f4i \u0111\u01b0\u1ee3c thi\u1ebft k\u1ebf ri\u00eang d\u00e0nh cho nh\u1eefng ai t\u00ecm ki\u1ebfm m\u1ed9t kh\u00f4ng gian ngh\u1ec9 d\u01b0\u1ee1ng tinh t\u1ebf. C\u0103n ph\u00f2ng n\u1ed5i b\u1eadt v\u1edbi nh\u1eefng chi\u1ebfc gh\u1ebf b\u1eadp b\u00eanh \u0111\u1eb7c tr\u01b0ng, g\u00f3p ph\u1ea7n t\u00f4n l\u00ean b\u1ea7u kh\u00f4ng kh\u00ed \u1ea5m \u00e1p, n\u01a1i n\u00e9t truy\u1ec1n th\u1ed1ng giao h\u00f2a c\u00f9ng ti\u1ec7n nghi hi\u1ec7n \u0111\u1ea1i. [&hellip;]\" \/>\n<meta property=\"og:url\" content=\"https:\/\/www.thesignaturehoian.com\/vi\/accommodation\/signature-faifo-room\/\" \/>\n<meta property=\"og:site_name\" content=\"The Signature Hoi An\" \/>\n<meta property=\"article:modified_time\" content=\"2026-04-23T07:30:16+00:00\" \/>\n<meta name=\"twitter:card\" content=\"summary_large_image\" \/>\n<meta name=\"twitter:label1\" content=\"Est. reading time\" \/>\n\t<meta name=\"twitter:data1\" content=\"1 minute\" \/>\n<script type=\"application\/ld+json\" class=\"yoast-schema-graph\">{\"@context\":\"https:\/\/schema.org\",\"@graph\":[{\"@type\":\"WebPage\",\"@id\":\"https:\/\/www.thesignaturehoian.com\/vi\/accommodation\/signature-faifo-room\/\",\"url\":\"https:\/\/www.thesignaturehoian.com\/vi\/accommodation\/signature-faifo-room\/\",\"name\":\"Signature Faifo Room - The Signature Hoi An\",\"isPartOf\":{\"@id\":\"https:\/\/www.thesignaturehoian.com\/vi\/#website\"},\"datePublished\":\"2025-10-04T06:46:48+00:00\",\"dateModified\":\"2026-04-23T07:30:16+00:00\",\"breadcrumb\":{\"@id\":\"https:\/\/www.thesignaturehoian.com\/vi\/accommodation\/signature-faifo-room\/#breadcrumb\"},\"inLanguage\":\"vi-VN\",\"potentialAction\":[{\"@type\":\"ReadAction\",\"target\":[\"https:\/\/www.thesignaturehoian.com\/vi\/accommodation\/signature-faifo-room\/\"]}]},{\"@type\":\"BreadcrumbList\",\"@id\":\"https:\/\/www.thesignaturehoian.com\/vi\/accommodation\/signature-faifo-room\/#breadcrumb\",\"itemListElement\":[{\"@type\":\"ListItem\",\"position\":1,\"name\":\"Home\",\"item\":\"https:\/\/www.thesignaturehoian.com\/vi\/\"},{\"@type\":\"ListItem\",\"position\":2,\"name\":\"Ph\u00f2ng Ngh\u1ec9\",\"item\":\"https:\/\/www.thesignaturehoian.com\/vi\/accommodation\/\"},{\"@type\":\"ListItem\",\"position\":3,\"name\":\"Signature Faifo Room\"}]},{\"@type\":\"WebSite\",\"@id\":\"https:\/\/www.thesignaturehoian.com\/vi\/#website\",\"url\":\"https:\/\/www.thesignaturehoian.com\/vi\/\",\"name\":\"The Signature Hoi An\",\"description\":\"\",\"potentialAction\":[{\"@type\":\"SearchAction\",\"target\":{\"@type\":\"EntryPoint\",\"urlTemplate\":\"https:\/\/www.thesignaturehoian.com\/vi\/?s={search_term_string}\"},\"query-input\":\"required name=search_term_string\"}],\"inLanguage\":\"vi-VN\"}]}<\/script>\n<!-- \/ Yoast SEO plugin. -->","yoast_head_json":{"title":"Signature Faifo Room - The Signature Hoi An","robots":{"index":"index","follow":"follow","max-snippet":"max-snippet:-1","max-image-preview":"max-image-preview:large","max-video-preview":"max-video-preview:-1"},"canonical":"https:\/\/www.thesignaturehoian.com\/vi\/accommodation\/signature-faifo-room\/","og_locale":"vi_VN","og_type":"article","og_title":"Signature Faifo Room - The Signature Hoi An","og_description":"Ph\u00f2ng Signature Faifo c\u1ee7a ch\u00fang t\u00f4i \u0111\u01b0\u1ee3c thi\u1ebft k\u1ebf ri\u00eang d\u00e0nh cho nh\u1eefng ai t\u00ecm ki\u1ebfm m\u1ed9t kh\u00f4ng gian ngh\u1ec9 d\u01b0\u1ee1ng tinh t\u1ebf. C\u0103n ph\u00f2ng n\u1ed5i b\u1eadt v\u1edbi nh\u1eefng chi\u1ebfc gh\u1ebf b\u1eadp b\u00eanh \u0111\u1eb7c tr\u01b0ng, g\u00f3p ph\u1ea7n t\u00f4n l\u00ean b\u1ea7u kh\u00f4ng kh\u00ed \u1ea5m \u00e1p, n\u01a1i n\u00e9t truy\u1ec1n th\u1ed1ng giao h\u00f2a c\u00f9ng ti\u1ec7n nghi hi\u1ec7n \u0111\u1ea1i. [&hellip;]","og_url":"https:\/\/www.thesignaturehoian.com\/vi\/accommodation\/signature-faifo-room\/","og_site_name":"The Signature Hoi An","article_modified_time":"2026-04-23T07:30:16+00:00","twitter_card":"summary_large_image","twitter_misc":{"Est. reading time":"1 minute"},"schema":{"@context":"https:\/\/schema.org","@graph":[{"@type":"WebPage","@id":"https:\/\/www.thesignaturehoian.com\/vi\/accommodation\/signature-faifo-room\/","url":"https:\/\/www.thesignaturehoian.com\/vi\/accommodation\/signature-faifo-room\/","name":"Signature Faifo Room - The Signature Hoi An","isPartOf":{"@id":"https:\/\/www.thesignaturehoian.com\/vi\/#website"},"datePublished":"2025-10-04T06:46:48+00:00","dateModified":"2026-04-23T07:30:16+00:00","breadcrumb":{"@id":"https:\/\/www.thesignaturehoian.com\/vi\/accommodation\/signature-faifo-room\/#breadcrumb"},"inLanguage":"vi-VN","potentialAction":[{"@type":"ReadAction","target":["https:\/\/www.thesignaturehoian.com\/vi\/accommodation\/signature-faifo-room\/"]}]},{"@type":"BreadcrumbList","@id":"https:\/\/www.thesignaturehoian.com\/vi\/accommodation\/signature-faifo-room\/#breadcrumb","itemListElement":[{"@type":"ListItem","position":1,"name":"Home","item":"https:\/\/www.thesignaturehoian.com\/vi\/"},{"@type":"ListItem","position":2,"name":"Ph\u00f2ng Ngh\u1ec9","item":"https:\/\/www.thesignaturehoian.com\/vi\/accommodation\/"},{"@type":"ListItem","position":3,"name":"Signature Faifo Room"}]},{"@type":"WebSite","@id":"https:\/\/www.thesignaturehoian.com\/vi\/#website","url":"https:\/\/www.thesignaturehoian.com\/vi\/","name":"The Signature Hoi An","description":"","potentialAction":[{"@type":"SearchAction","target":{"@type":"EntryPoint","urlTemplate":"https:\/\/www.thesignaturehoian.com\/vi\/?s={search_term_string}"},"query-input":"required name=search_term_string"}],"inLanguage":"vi-VN"}]}},"acf":[],"_links":{"self":[{"href":"https:\/\/www.thesignaturehoian.com\/vi\/wp-json\/wp\/v2\/pages\/228"}],"collection":[{"href":"https:\/\/www.thesignaturehoian.com\/vi\/wp-json\/wp\/v2\/pages"}],"about":[{"href":"https:\/\/www.thesignaturehoian.com\/vi\/wp-json\/wp\/v2\/types\/page"}],"author":[{"embeddable":true,"href":"https:\/\/www.thesignaturehoian.com\/vi\/wp-json\/wp\/v2\/users\/90"}],"replies":[{"embeddable":true,"href":"https:\/\/www.thesignaturehoian.com\/vi\/wp-json\/wp\/v2\/comments?post=228"}],"version-history":[{"count":0,"href":"https:\/\/www.thesignaturehoian.com\/vi\/wp-json\/wp\/v2\/pages\/228\/revisions"}],"up":[{"embeddable":true,"href":"https:\/\/www.thesignaturehoian.com\/vi\/wp-json\/wp\/v2\/pages\/226"}],"wp:attachment":[{"href":"https:\/\/www.thesignaturehoian.com\/vi\/wp-json\/wp\/v2\/media?parent=228"}],"curies":[{"name":"wp","href":"https:\/\/api.w.org\/{rel}","templated":true}]}}