{"id":226,"date":"2025-10-04T06:09:19","date_gmt":"2025-10-04T06:09:19","guid":{"rendered":"https:\/\/thesignaturehoian.ms2.decms.asia\/accommodation\/"},"modified":"2026-04-20T02:09:27","modified_gmt":"2026-04-20T02:09:27","slug":"accommodation","status":"publish","type":"page","link":"https:\/\/www.thesignaturehoian.com\/vi\/accommodation\/","title":{"rendered":"Ph\u00f2ng Ngh\u1ec9"},"content":{"rendered":"<p>L\u1ea5y c\u1ea3m h\u1ee9ng t\u1eeb nh\u1eefng c\u00e2u chuy\u1ec7n Faifo v\u00e0 v\u1ebb \u0111\u1eb9p thi\u00ean nhi\u00ean mi\u1ec1n Trung, nh\u1eefng c\u0103n ph\u00f2ng \u0111\u1eb7c bi\u1ec7t n\u00e0y \u0111\u01b0\u1ee3c t\u1ea1o n\u00ean v\u1edbi mong mu\u1ed1n mang v\u0103n h\u00f3a v\u00e0 \u0111\u1eddi s\u1ed1ng \u0111\u1ecba ph\u01b0\u01a1ng h\u00f2a quy\u1ec7n v\u00e0o kh\u00f4ng gian ngh\u1ec9 d\u01b0\u1ee1ng ti\u1ec7n nghi v\u00e0 sang tr\u1ecdng.<\/p>\n","protected":false},"excerpt":{"rendered":"<p>L\u1ea5y c\u1ea3m h\u1ee9ng t\u1eeb nh\u1eefng c\u00e2u chuy\u1ec7n Faifo v\u00e0 v\u1ebb \u0111\u1eb9p thi\u00ean nhi\u00ean mi\u1ec1n Trung, nh\u1eefng c\u0103n ph\u00f2ng \u0111\u1eb7c bi\u1ec7t n\u00e0y \u0111\u01b0\u1ee3c t\u1ea1o n\u00ean v\u1edbi mong mu\u1ed1n mang v\u0103n h\u00f3a v\u00e0 \u0111\u1eddi s\u1ed1ng \u0111\u1ecba ph\u01b0\u01a1ng h\u00f2a quy\u1ec7n v\u00e0o kh\u00f4ng gian ngh\u1ec9 d\u01b0\u1ee1ng ti\u1ec7n nghi v\u00e0 sang tr\u1ecdng.<\/p>\n","protected":false},"author":90,"featured_media":0,"parent":0,"menu_order":1,"comment_status":"closed","ping_status":"closed","template":"template-rooms.php","meta":{"footnotes":""},"yoast_head":"<!-- This site is optimized with the Yoast SEO plugin v22.3 - https:\/\/yoast.com\/wordpress\/plugins\/seo\/ -->\n<title>Ph\u00f2ng Ngh\u1ec9 - The Signature Hoi An<\/title>\n<meta name=\"robots\" content=\"index, follow, max-snippet:-1, max-image-preview:large, max-video-preview:-1\" \/>\n<link rel=\"canonical\" href=\"https:\/\/www.thesignaturehoian.com\/vi\/accommodation\/\" \/>\n<meta property=\"og:locale\" content=\"vi_VN\" \/>\n<meta property=\"og:type\" content=\"article\" \/>\n<meta property=\"og:title\" content=\"Ph\u00f2ng Ngh\u1ec9 - The Signature Hoi An\" \/>\n<meta property=\"og:description\" content=\"L\u1ea5y c\u1ea3m h\u1ee9ng t\u1eeb nh\u1eefng c\u00e2u chuy\u1ec7n Faifo v\u00e0 v\u1ebb \u0111\u1eb9p thi\u00ean nhi\u00ean mi\u1ec1n Trung, nh\u1eefng c\u0103n ph\u00f2ng \u0111\u1eb7c bi\u1ec7t n\u00e0y \u0111\u01b0\u1ee3c t\u1ea1o n\u00ean v\u1edbi mong mu\u1ed1n mang v\u0103n h\u00f3a v\u00e0 \u0111\u1eddi s\u1ed1ng \u0111\u1ecba ph\u01b0\u01a1ng h\u00f2a quy\u1ec7n v\u00e0o kh\u00f4ng gian ngh\u1ec9 d\u01b0\u1ee1ng ti\u1ec7n nghi v\u00e0 sang tr\u1ecdng.\" \/>\n<meta property=\"og:url\" content=\"https:\/\/www.thesignaturehoian.com\/vi\/accommodation\/\" \/>\n<meta property=\"og:site_name\" content=\"The Signature Hoi An\" \/>\n<meta property=\"article:modified_time\" content=\"2026-04-20T02:09:27+00:00\" \/>\n<meta name=\"twitter:card\" content=\"summary_large_image\" \/>\n<meta name=\"twitter:label1\" content=\"Est. reading time\" \/>\n\t<meta name=\"twitter:data1\" content=\"1 minute\" \/>\n<script type=\"application\/ld+json\" class=\"yoast-schema-graph\">{\"@context\":\"https:\/\/schema.org\",\"@graph\":[{\"@type\":\"WebPage\",\"@id\":\"https:\/\/www.thesignaturehoian.com\/vi\/accommodation\/\",\"url\":\"https:\/\/www.thesignaturehoian.com\/vi\/accommodation\/\",\"name\":\"Ph\u00f2ng Ngh\u1ec9 - The Signature Hoi An\",\"isPartOf\":{\"@id\":\"https:\/\/www.thesignaturehoian.com\/vi\/#website\"},\"datePublished\":\"2025-10-04T06:09:19+00:00\",\"dateModified\":\"2026-04-20T02:09:27+00:00\",\"breadcrumb\":{\"@id\":\"https:\/\/www.thesignaturehoian.com\/vi\/accommodation\/#breadcrumb\"},\"inLanguage\":\"vi-VN\",\"potentialAction\":[{\"@type\":\"ReadAction\",\"target\":[\"https:\/\/www.thesignaturehoian.com\/vi\/accommodation\/\"]}]},{\"@type\":\"BreadcrumbList\",\"@id\":\"https:\/\/www.thesignaturehoian.com\/vi\/accommodation\/#breadcrumb\",\"itemListElement\":[{\"@type\":\"ListItem\",\"position\":1,\"name\":\"Home\",\"item\":\"https:\/\/www.thesignaturehoian.com\/vi\/\"},{\"@type\":\"ListItem\",\"position\":2,\"name\":\"Ph\u00f2ng Ngh\u1ec9\"}]},{\"@type\":\"WebSite\",\"@id\":\"https:\/\/www.thesignaturehoian.com\/vi\/#website\",\"url\":\"https:\/\/www.thesignaturehoian.com\/vi\/\",\"name\":\"The Signature Hoi An\",\"description\":\"\",\"potentialAction\":[{\"@type\":\"SearchAction\",\"target\":{\"@type\":\"EntryPoint\",\"urlTemplate\":\"https:\/\/www.thesignaturehoian.com\/vi\/?s={search_term_string}\"},\"query-input\":\"required name=search_term_string\"}],\"inLanguage\":\"vi-VN\"}]}<\/script>\n<!-- \/ Yoast SEO plugin. -->","yoast_head_json":{"title":"Ph\u00f2ng Ngh\u1ec9 - The Signature Hoi An","robots":{"index":"index","follow":"follow","max-snippet":"max-snippet:-1","max-image-preview":"max-image-preview:large","max-video-preview":"max-video-preview:-1"},"canonical":"https:\/\/www.thesignaturehoian.com\/vi\/accommodation\/","og_locale":"vi_VN","og_type":"article","og_title":"Ph\u00f2ng Ngh\u1ec9 - The Signature Hoi An","og_description":"L\u1ea5y c\u1ea3m h\u1ee9ng t\u1eeb nh\u1eefng c\u00e2u chuy\u1ec7n Faifo v\u00e0 v\u1ebb \u0111\u1eb9p thi\u00ean nhi\u00ean mi\u1ec1n Trung, nh\u1eefng c\u0103n ph\u00f2ng \u0111\u1eb7c bi\u1ec7t n\u00e0y \u0111\u01b0\u1ee3c t\u1ea1o n\u00ean v\u1edbi mong mu\u1ed1n mang v\u0103n h\u00f3a v\u00e0 \u0111\u1eddi s\u1ed1ng \u0111\u1ecba ph\u01b0\u01a1ng h\u00f2a quy\u1ec7n v\u00e0o kh\u00f4ng gian ngh\u1ec9 d\u01b0\u1ee1ng ti\u1ec7n nghi v\u00e0 sang tr\u1ecdng.","og_url":"https:\/\/www.thesignaturehoian.com\/vi\/accommodation\/","og_site_name":"The Signature Hoi An","article_modified_time":"2026-04-20T02:09:27+00:00","twitter_card":"summary_large_image","twitter_misc":{"Est. reading time":"1 minute"},"schema":{"@context":"https:\/\/schema.org","@graph":[{"@type":"WebPage","@id":"https:\/\/www.thesignaturehoian.com\/vi\/accommodation\/","url":"https:\/\/www.thesignaturehoian.com\/vi\/accommodation\/","name":"Ph\u00f2ng Ngh\u1ec9 - The Signature Hoi An","isPartOf":{"@id":"https:\/\/www.thesignaturehoian.com\/vi\/#website"},"datePublished":"2025-10-04T06:09:19+00:00","dateModified":"2026-04-20T02:09:27+00:00","breadcrumb":{"@id":"https:\/\/www.thesignaturehoian.com\/vi\/accommodation\/#breadcrumb"},"inLanguage":"vi-VN","potentialAction":[{"@type":"ReadAction","target":["https:\/\/www.thesignaturehoian.com\/vi\/accommodation\/"]}]},{"@type":"BreadcrumbList","@id":"https:\/\/www.thesignaturehoian.com\/vi\/accommodation\/#breadcrumb","itemListElement":[{"@type":"ListItem","position":1,"name":"Home","item":"https:\/\/www.thesignaturehoian.com\/vi\/"},{"@type":"ListItem","position":2,"name":"Ph\u00f2ng Ngh\u1ec9"}]},{"@type":"WebSite","@id":"https:\/\/www.thesignaturehoian.com\/vi\/#website","url":"https:\/\/www.thesignaturehoian.com\/vi\/","name":"The Signature Hoi An","description":"","potentialAction":[{"@type":"SearchAction","target":{"@type":"EntryPoint","urlTemplate":"https:\/\/www.thesignaturehoian.com\/vi\/?s={search_term_string}"},"query-input":"required name=search_term_string"}],"inLanguage":"vi-VN"}]}},"acf":[],"_links":{"self":[{"href":"https:\/\/www.thesignaturehoian.com\/vi\/wp-json\/wp\/v2\/pages\/226"}],"collection":[{"href":"https:\/\/www.thesignaturehoian.com\/vi\/wp-json\/wp\/v2\/pages"}],"about":[{"href":"https:\/\/www.thesignaturehoian.com\/vi\/wp-json\/wp\/v2\/types\/page"}],"author":[{"embeddable":true,"href":"https:\/\/www.thesignaturehoian.com\/vi\/wp-json\/wp\/v2\/users\/90"}],"replies":[{"embeddable":true,"href":"https:\/\/www.thesignaturehoian.com\/vi\/wp-json\/wp\/v2\/comments?post=226"}],"version-history":[{"count":0,"href":"https:\/\/www.thesignaturehoian.com\/vi\/wp-json\/wp\/v2\/pages\/226\/revisions"}],"wp:attachment":[{"href":"https:\/\/www.thesignaturehoian.com\/vi\/wp-json\/wp\/v2\/media?parent=226"}],"curies":[{"name":"wp","href":"https:\/\/api.w.org\/{rel}","templated":true}]}}